{"id":193918,"date":"2025-08-07T17:12:41","date_gmt":"2025-08-07T15:12:41","guid":{"rendered":"https:\/\/www.fabioferro.eu\/giovanni-raspini-gaensebluemchen-diffusor-gross-200-ml-iris-puder-in-weiss-bronze.html"},"modified":"2025-08-07T17:12:41","modified_gmt":"2025-08-07T15:12:41","slug":"giovanni-raspini-gaensebluemchen-diffusor-gross-200-ml-iris-puder-in-weiss-bronze","status":"publish","type":"product","link":"https:\/\/www.fabioferro.eu\/de\/giovanni-raspini-gaensebluemchen-diffusor-gross-200-ml-iris-puder-in-weiss-bronze.html","title":{"rendered":"Giovanni Raspini G\u00e4nsebl\u00fcmchen Diffusor Gro\u00df 200 ml &#8220;Iris Puder&#8221; in Wei\u00df Bronze"},"content":{"rendered":"<p class=\"p1\">200 ml Glas und Diffusor aus wei\u00dfer Bronze.<\/p>\n<p class=\"p2\">Zarte Blumenkomposition, inspiriert von der Leichtigkeit der G\u00e4nsebl\u00fcmchen.<\/p>\n<p class=\"p2\">Der Duft Powdery Iris ist ein romantisches Bouquet mit eleganten und umh\u00fcllenden T\u00f6nen, das mit Talkum angereichert ist.<\/p>\n<p class=\"p2\">Vollst\u00e4ndig von Hand in Italien hergestellt.<\/p>\n<p>Begleitet von Box und Giovanni Raspini Garantie.<\/p>\n","protected":false},"excerpt":{"rendered":"<p class=\"p1\">Ein Diffusor, der \u00c4sthetik und t\u00e4glichen Duft vereint.<\/p>\n","protected":false},"featured_media":193400,"comment_status":"open","ping_status":"closed","template":"","meta":[],"product_brand":[155],"product_cat":[7716],"product_tag":[],"class_list":{"0":"post-193918","1":"product","2":"type-product","3":"status-publish","4":"has-post-thumbnail","6":"product_brand-raspini","7":"product_cat-raumdufte-giovanni-raspini","9":"first","10":"instock","11":"sale","12":"taxable","13":"shipping-taxable","14":"purchasable","15":"product-type-simple"},"exclude_global_add_ons":[],"addons":[],"df_price":135,"df_sale_price":135,"df_regular_price":150,"df_image_link":"https:\/\/cdn02.fabioferro.eu\/wp-content\/uploads\/diffusore-giovanni-raspini-margherite-grande-polvere-di-iris.jpg","_links":{"self":[{"href":"https:\/\/www.fabioferro.eu\/de\/wp-json\/wp\/v2\/product\/193918","targetHints":{"allow":["GET"]}}],"collection":[{"href":"https:\/\/www.fabioferro.eu\/de\/wp-json\/wp\/v2\/product"}],"about":[{"href":"https:\/\/www.fabioferro.eu\/de\/wp-json\/wp\/v2\/types\/product"}],"replies":[{"embeddable":true,"href":"https:\/\/www.fabioferro.eu\/de\/wp-json\/wp\/v2\/comments?post=193918"}],"version-history":[{"count":0,"href":"https:\/\/www.fabioferro.eu\/de\/wp-json\/wp\/v2\/product\/193918\/revisions"}],"wp:featuredmedia":[{"embeddable":true,"href":"https:\/\/www.fabioferro.eu\/de\/wp-json\/wp\/v2\/media\/193400"}],"wp:attachment":[{"href":"https:\/\/www.fabioferro.eu\/de\/wp-json\/wp\/v2\/media?parent=193918"}],"wp:term":[{"taxonomy":"product_brand","embeddable":true,"href":"https:\/\/www.fabioferro.eu\/de\/wp-json\/wp\/v2\/product_brand?post=193918"},{"taxonomy":"product_cat","embeddable":true,"href":"https:\/\/www.fabioferro.eu\/de\/wp-json\/wp\/v2\/product_cat?post=193918"},{"taxonomy":"product_tag","embeddable":true,"href":"https:\/\/www.fabioferro.eu\/de\/wp-json\/wp\/v2\/product_tag?post=193918"}],"curies":[{"name":"wp","href":"https:\/\/api.w.org\/{rel}","templated":true}]}}