{"id":193921,"date":"2025-08-07T17:12:51","date_gmt":"2025-08-07T15:12:51","guid":{"rendered":"https:\/\/www.fabioferro.eu\/giovanni-raspini-gaensebluemchen-diffusor-klein-100-ml-iris-powder-in-weiss-bronze.html"},"modified":"2025-08-07T17:12:51","modified_gmt":"2025-08-07T15:12:51","slug":"giovanni-raspini-gaensebluemchen-diffusor-klein-100-ml-iris-powder-in-weiss-bronze","status":"publish","type":"product","link":"https:\/\/www.fabioferro.eu\/de\/giovanni-raspini-gaensebluemchen-diffusor-klein-100-ml-iris-powder-in-weiss-bronze.html","title":{"rendered":"Giovanni Raspini G\u00e4nsebl\u00fcmchen Diffusor Klein 100 ml &#8220;Iris Powder&#8221; in Wei\u00df Bronze"},"content":{"rendered":"<p class=\"p1\">100 ml Glas und wei\u00dfer Bronzediffusor.<\/p>\n<p class=\"p2\">Florales Motiv, inspiriert von G\u00e4nsebl\u00fcmchen.<\/p>\n<p class=\"p2\">Parf\u00fcm Iris Powder, ein romantisches Bouquet mit eleganten Talknoten.<\/p>\n<p class=\"p2\">Handgefertigt in Italien aus ausgew\u00e4hlten Materialien.<\/p>\n<p>Begleitet von Box und Giovanni Raspini Garantie.<\/p>\n","protected":false},"excerpt":{"rendered":"<p class=\"p1\">Eine praktische Erg\u00e4nzung, die dem Interieur Charakter und Gem\u00fctlichkeit verleiht.<\/p>\n","protected":false},"featured_media":193427,"comment_status":"open","ping_status":"closed","template":"","meta":[],"product_brand":[155],"product_cat":[15],"product_tag":[],"class_list":{"0":"post-193921","1":"product","2":"type-product","3":"status-publish","4":"has-post-thumbnail","6":"product_brand-raspini","7":"product_cat-senza-categoria","9":"first","10":"instock","11":"sale","12":"taxable","13":"shipping-taxable","14":"purchasable","15":"product-type-simple"},"exclude_global_add_ons":[],"addons":[],"df_price":108,"df_sale_price":108,"df_regular_price":120,"df_image_link":"https:\/\/cdn02.fabioferro.eu\/wp-content\/uploads\/diffusore-giovanni-raspini-margherite-piccolo-polvere-di-iris.jpg","_links":{"self":[{"href":"https:\/\/www.fabioferro.eu\/de\/wp-json\/wp\/v2\/product\/193921","targetHints":{"allow":["GET"]}}],"collection":[{"href":"https:\/\/www.fabioferro.eu\/de\/wp-json\/wp\/v2\/product"}],"about":[{"href":"https:\/\/www.fabioferro.eu\/de\/wp-json\/wp\/v2\/types\/product"}],"replies":[{"embeddable":true,"href":"https:\/\/www.fabioferro.eu\/de\/wp-json\/wp\/v2\/comments?post=193921"}],"version-history":[{"count":0,"href":"https:\/\/www.fabioferro.eu\/de\/wp-json\/wp\/v2\/product\/193921\/revisions"}],"wp:featuredmedia":[{"embeddable":true,"href":"https:\/\/www.fabioferro.eu\/de\/wp-json\/wp\/v2\/media\/193427"}],"wp:attachment":[{"href":"https:\/\/www.fabioferro.eu\/de\/wp-json\/wp\/v2\/media?parent=193921"}],"wp:term":[{"taxonomy":"product_brand","embeddable":true,"href":"https:\/\/www.fabioferro.eu\/de\/wp-json\/wp\/v2\/product_brand?post=193921"},{"taxonomy":"product_cat","embeddable":true,"href":"https:\/\/www.fabioferro.eu\/de\/wp-json\/wp\/v2\/product_cat?post=193921"},{"taxonomy":"product_tag","embeddable":true,"href":"https:\/\/www.fabioferro.eu\/de\/wp-json\/wp\/v2\/product_tag?post=193921"}],"curies":[{"name":"wp","href":"https:\/\/api.w.org\/{rel}","templated":true}]}}