{"id":195141,"date":"2025-09-09T07:46:57","date_gmt":"2025-09-09T05:46:57","guid":{"rendered":"https:\/\/www.fabioferro.eu\/madi-maree-halskette-mit-acht-mehrfarbigen-hydrothermalquarzen.html"},"modified":"2025-10-13T19:49:04","modified_gmt":"2025-10-13T17:49:04","slug":"madi-maree-halskette-mit-acht-mehrfarbigen-hydrothermalquarzen","status":"publish","type":"product","link":"https:\/\/www.fabioferro.eu\/de\/madi-maree-halskette-mit-acht-mehrfarbigen-hydrothermalquarzen.html","title":{"rendered":"Madi Marea Halskette mit acht mehrfarbigen Hydrothermalquarzen"},"content":{"rendered":"<p data-start=\"134\" data-end=\"206\">Mad\u00ec Halskette aus 925er Silber mit Ros\u00e9goldplattierung.<\/p>\n<p data-start=\"208\" data-end=\"370\">Acht hydrothermale Quarze in Elfenbein-, Aquagr\u00fcn- und Ceruleanblau-T\u00f6nen wechseln sich harmonisch ab und erinnern an die sanften Farben der Gezeiten.<\/p>\n<p data-start=\"372\" data-end=\"505\">Der Karabinerhaken mit Verstellringen erm\u00f6glicht eine anpassungsf\u00e4hige Passform und sorgt f\u00fcr Komfort und einen perfekten Sitz.<\/p>\n<p data-start=\"507\" data-end=\"609\">Handgefertigt in Italien, spiegelt jedes St\u00fcck Handwerkskunst und Liebe zum Detail wider.<\/p>\n<p data-start=\"611\" data-end=\"715\">Wird in einer eleganten offiziellen Mad\u00ec-Verpackung geliefert, komplett mit Garantiezertifikat.<\/p>\n","protected":false},"excerpt":{"rendered":"<p>Die Halskette kann allein oder in Kombination mit anderem Schmuck getragen werden.<\/p>\n","protected":false},"featured_media":195019,"comment_status":"open","ping_status":"closed","template":"","meta":[],"product_brand":[],"product_cat":[5951],"product_tag":[],"class_list":{"0":"post-195141","1":"product","2":"type-product","3":"status-publish","4":"has-post-thumbnail","6":"product_cat-madi-halsketten","8":"first","9":"instock","10":"sale","11":"taxable","12":"shipping-taxable","13":"purchasable","14":"product-type-simple"},"exclude_global_add_ons":[],"addons":[],"df_price":242.1,"df_sale_price":242.1,"df_regular_price":269,"df_image_link":"https:\/\/cdn02.fabioferro.eu\/wp-content\/uploads\/collana-madi-maree-con-otto-quarzi-idrotermali-multicolor.jpg","_links":{"self":[{"href":"https:\/\/www.fabioferro.eu\/de\/wp-json\/wp\/v2\/product\/195141","targetHints":{"allow":["GET"]}}],"collection":[{"href":"https:\/\/www.fabioferro.eu\/de\/wp-json\/wp\/v2\/product"}],"about":[{"href":"https:\/\/www.fabioferro.eu\/de\/wp-json\/wp\/v2\/types\/product"}],"replies":[{"embeddable":true,"href":"https:\/\/www.fabioferro.eu\/de\/wp-json\/wp\/v2\/comments?post=195141"}],"version-history":[{"count":1,"href":"https:\/\/www.fabioferro.eu\/de\/wp-json\/wp\/v2\/product\/195141\/revisions"}],"predecessor-version":[{"id":197754,"href":"https:\/\/www.fabioferro.eu\/de\/wp-json\/wp\/v2\/product\/195141\/revisions\/197754"}],"wp:featuredmedia":[{"embeddable":true,"href":"https:\/\/www.fabioferro.eu\/de\/wp-json\/wp\/v2\/media\/195019"}],"wp:attachment":[{"href":"https:\/\/www.fabioferro.eu\/de\/wp-json\/wp\/v2\/media?parent=195141"}],"wp:term":[{"taxonomy":"product_brand","embeddable":true,"href":"https:\/\/www.fabioferro.eu\/de\/wp-json\/wp\/v2\/product_brand?post=195141"},{"taxonomy":"product_cat","embeddable":true,"href":"https:\/\/www.fabioferro.eu\/de\/wp-json\/wp\/v2\/product_cat?post=195141"},{"taxonomy":"product_tag","embeddable":true,"href":"https:\/\/www.fabioferro.eu\/de\/wp-json\/wp\/v2\/product_tag?post=195141"}],"curies":[{"name":"wp","href":"https:\/\/api.w.org\/{rel}","templated":true}]}}