{"id":195145,"date":"2025-09-09T07:46:55","date_gmt":"2025-09-09T05:46:55","guid":{"rendered":"https:\/\/www.fabioferro.eu\/madi-settanta-armband-mit-vierfarbigem-hydrothermalquarz.html"},"modified":"2025-10-13T19:49:15","modified_gmt":"2025-10-13T17:49:15","slug":"madi-settanta-armband-mit-vierfarbigem-hydrothermalquarz","status":"publish","type":"product","link":"https:\/\/www.fabioferro.eu\/de\/madi-settanta-armband-mit-vierfarbigem-hydrothermalquarz.html","title":{"rendered":"Madi Settanta Armband mit vierfarbigem Hydrothermalquarz"},"content":{"rendered":"<p data-start=\"125\" data-end=\"217\">Mad\u00ec Collezione Settanta Armband aus 925er Silber mit Ros\u00e9goldplattierung.<\/p>\n<p data-start=\"219\" data-end=\"369\">Vier mehrfarbige hydrothermale Quarzsteine wechseln sich harmonisch ab und erinnern an einen raffinierten Stil, der typisch f\u00fcr die Kollektion der siebziger Jahre ist.<\/p>\n<p data-start=\"371\" data-end=\"504\">Der Karabinerhaken mit Verstellringen erm\u00f6glicht eine Gr\u00f6\u00dfenverstellung von 17 bis 21 cm und garantiert so Komfort und eine perfekte Passform.<\/p>\n<p data-start=\"506\" data-end=\"610\">Handgefertigt in Italien von Meisterhandwerkern, Made in Italy.<\/p>\n<p data-start=\"612\" data-end=\"707\">Wird in der offiziellen Mad\u00ec-Verpackung geliefert, komplett mit Garantiezertifikat.<\/p>\n","protected":false},"excerpt":{"rendered":"<p>Ein unverwechselbares St\u00fcck, das selbst schlichte, zur\u00fcckhaltende Looks bereichert.<\/p>\n","protected":false},"featured_media":195041,"comment_status":"open","ping_status":"closed","template":"","meta":[],"product_brand":[],"product_cat":[5954],"product_tag":[7442],"class_list":{"0":"post-195145","1":"product","2":"type-product","3":"status-publish","4":"has-post-thumbnail","6":"product_cat-madi-armbander","7":"product_tag-verfugbar","9":"first","10":"instock","11":"sale","12":"taxable","13":"shipping-taxable","14":"purchasable","15":"product-type-simple"},"exclude_global_add_ons":[],"addons":[],"df_price":178.2,"df_sale_price":178.2,"df_regular_price":198,"df_image_link":"https:\/\/cdn02.fabioferro.eu\/wp-content\/uploads\/bracciale-madi-settanta-con-quattro-quarzi-idrotermali-colorati.jpg","_links":{"self":[{"href":"https:\/\/www.fabioferro.eu\/de\/wp-json\/wp\/v2\/product\/195145","targetHints":{"allow":["GET"]}}],"collection":[{"href":"https:\/\/www.fabioferro.eu\/de\/wp-json\/wp\/v2\/product"}],"about":[{"href":"https:\/\/www.fabioferro.eu\/de\/wp-json\/wp\/v2\/types\/product"}],"replies":[{"embeddable":true,"href":"https:\/\/www.fabioferro.eu\/de\/wp-json\/wp\/v2\/comments?post=195145"}],"version-history":[{"count":1,"href":"https:\/\/www.fabioferro.eu\/de\/wp-json\/wp\/v2\/product\/195145\/revisions"}],"predecessor-version":[{"id":197763,"href":"https:\/\/www.fabioferro.eu\/de\/wp-json\/wp\/v2\/product\/195145\/revisions\/197763"}],"wp:featuredmedia":[{"embeddable":true,"href":"https:\/\/www.fabioferro.eu\/de\/wp-json\/wp\/v2\/media\/195041"}],"wp:attachment":[{"href":"https:\/\/www.fabioferro.eu\/de\/wp-json\/wp\/v2\/media?parent=195145"}],"wp:term":[{"taxonomy":"product_brand","embeddable":true,"href":"https:\/\/www.fabioferro.eu\/de\/wp-json\/wp\/v2\/product_brand?post=195145"},{"taxonomy":"product_cat","embeddable":true,"href":"https:\/\/www.fabioferro.eu\/de\/wp-json\/wp\/v2\/product_cat?post=195145"},{"taxonomy":"product_tag","embeddable":true,"href":"https:\/\/www.fabioferro.eu\/de\/wp-json\/wp\/v2\/product_tag?post=195145"}],"curies":[{"name":"wp","href":"https:\/\/api.w.org\/{rel}","templated":true}]}}