{"id":195149,"date":"2025-09-09T07:46:57","date_gmt":"2025-09-09T05:46:57","guid":{"rendered":"https:\/\/www.fabioferro.eu\/madi-maree-armband-mit-neun-hydrothermalquarz.html"},"modified":"2025-09-09T07:46:57","modified_gmt":"2025-09-09T05:46:57","slug":"madi-maree-armband-mit-neun-hydrothermalquarz","status":"publish","type":"product","link":"https:\/\/www.fabioferro.eu\/de\/madi-maree-armband-mit-neun-hydrothermalquarz.html","title":{"rendered":"Madi Maree Armband mit Neun Hydrothermalquarz"},"content":{"rendered":"<p data-start=\"120\" data-end=\"192\">Mad\u00ec Armband aus Sterlingsilber mit Ros\u00e9goldplattierung.<\/p>\n<p data-start=\"194\" data-end=\"335\">Neun hydrothermale Quarze in Pastellfarben erinnern an die zarten Nuancen der Gezeiten und sorgen f\u00fcr einen leuchtenden und harmonischen Effekt am Handgelenk.<\/p>\n<p data-start=\"337\" data-end=\"478\">Sicherer und verstellbarer Verschluss durch einen Karabinerhaken und Einstellringe.<\/p>\n<p data-start=\"480\" data-end=\"597\">Handgefertigt in Italien, Hergestellt in Italien.<\/p>\n<p data-start=\"599\" data-end=\"698\">Geliefert in der offiziellen Mad\u00ec-Box, begleitet von einem Garantiezertifikat.<\/p>\n","protected":false},"excerpt":{"rendered":"<p>Ein elegantes Armband, das sowohl f\u00fcr den Alltag als auch f\u00fcr besondere Anl\u00e4sse geeignet ist.<\/p>\n","protected":false},"featured_media":195012,"comment_status":"open","ping_status":"closed","template":"","meta":[],"product_brand":[],"product_cat":[5954],"product_tag":[],"class_list":{"0":"post-195149","1":"product","2":"type-product","3":"status-publish","4":"has-post-thumbnail","6":"product_cat-madi-armbander","8":"first","9":"instock","10":"sale","11":"taxable","12":"shipping-taxable","13":"purchasable","14":"product-type-simple"},"exclude_global_add_ons":[],"addons":[],"df_price":215.1,"df_sale_price":215.1,"df_regular_price":239,"df_image_link":"https:\/\/cdn02.fabioferro.eu\/wp-content\/uploads\/bracciale-madi-maree-con-nove-quarzi-idrotermali.jpg","_links":{"self":[{"href":"https:\/\/www.fabioferro.eu\/de\/wp-json\/wp\/v2\/product\/195149","targetHints":{"allow":["GET"]}}],"collection":[{"href":"https:\/\/www.fabioferro.eu\/de\/wp-json\/wp\/v2\/product"}],"about":[{"href":"https:\/\/www.fabioferro.eu\/de\/wp-json\/wp\/v2\/types\/product"}],"replies":[{"embeddable":true,"href":"https:\/\/www.fabioferro.eu\/de\/wp-json\/wp\/v2\/comments?post=195149"}],"version-history":[{"count":0,"href":"https:\/\/www.fabioferro.eu\/de\/wp-json\/wp\/v2\/product\/195149\/revisions"}],"wp:featuredmedia":[{"embeddable":true,"href":"https:\/\/www.fabioferro.eu\/de\/wp-json\/wp\/v2\/media\/195012"}],"wp:attachment":[{"href":"https:\/\/www.fabioferro.eu\/de\/wp-json\/wp\/v2\/media?parent=195149"}],"wp:term":[{"taxonomy":"product_brand","embeddable":true,"href":"https:\/\/www.fabioferro.eu\/de\/wp-json\/wp\/v2\/product_brand?post=195149"},{"taxonomy":"product_cat","embeddable":true,"href":"https:\/\/www.fabioferro.eu\/de\/wp-json\/wp\/v2\/product_cat?post=195149"},{"taxonomy":"product_tag","embeddable":true,"href":"https:\/\/www.fabioferro.eu\/de\/wp-json\/wp\/v2\/product_tag?post=195149"}],"curies":[{"name":"wp","href":"https:\/\/api.w.org\/{rel}","templated":true}]}}