{"id":195151,"date":"2025-09-09T07:46:53","date_gmt":"2025-09-09T05:46:53","guid":{"rendered":"https:\/\/www.fabioferro.eu\/madi-seventy-halskette-mit-acht-mehrfarbigen-quarzen.html"},"modified":"2025-10-13T19:48:47","modified_gmt":"2025-10-13T17:48:47","slug":"madi-seventy-halskette-mit-acht-mehrfarbigen-quarzen","status":"publish","type":"product","link":"https:\/\/www.fabioferro.eu\/de\/madi-seventy-halskette-mit-acht-mehrfarbigen-quarzen.html","title":{"rendered":"Madi Seventy Halskette mit acht mehrfarbigen Quarzen"},"content":{"rendered":"<p data-start=\"116\" data-end=\"186\">Mad\u00ec Halskette aus 925er Silber mit Ros\u00e9goldplattierung.<\/p>\n<p data-start=\"188\" data-end=\"339\">Acht hydrothermale Quarze in warmen Farbt\u00f6nen wechseln sich harmonisch ab, erinnern an die Farben des Sonnenuntergangs und verleihen dem Dekollet\u00e9 einen umh\u00fcllenden Glanz.<\/p>\n<p data-start=\"341\" data-end=\"438\">Der gefederte Karabinerverschluss sorgt f\u00fcr Bequemlichkeit und Komfort beim Tragen.<\/p>\n<p data-start=\"341\" data-end=\"438\">Die Gesamtl\u00e4nge des Schmuckst\u00fccks betr\u00e4gt 90 cm<\/p>\n<p data-start=\"440\" data-end=\"550\">Hergestellt von Meisterhand, Made in Italy.<\/p>\n<p data-start=\"552\" data-end=\"647\">Wird in der offiziellen Mad\u00ec-Box geliefert, komplett mit Garantiezertifikat.<\/p>\n","protected":false},"excerpt":{"rendered":"<p>Ein vielseitiges Schmuckst\u00fcck, das klares Design und authentischen Charme vereint.<\/p>\n","protected":false},"featured_media":195055,"comment_status":"open","ping_status":"closed","template":"","meta":[],"product_brand":[],"product_cat":[5951],"product_tag":[7442],"class_list":{"0":"post-195151","1":"product","2":"type-product","3":"status-publish","4":"has-post-thumbnail","6":"product_cat-madi-halsketten","7":"product_tag-verfugbar","9":"first","10":"instock","11":"sale","12":"taxable","13":"shipping-taxable","14":"purchasable","15":"product-type-simple"},"exclude_global_add_ons":[],"addons":[],"df_price":323.1,"df_sale_price":323.1,"df_regular_price":359,"df_image_link":"https:\/\/cdn02.fabioferro.eu\/wp-content\/uploads\/collana-madi-settanta-con-otto-quarzi-multicolor.jpg","_links":{"self":[{"href":"https:\/\/www.fabioferro.eu\/de\/wp-json\/wp\/v2\/product\/195151","targetHints":{"allow":["GET"]}}],"collection":[{"href":"https:\/\/www.fabioferro.eu\/de\/wp-json\/wp\/v2\/product"}],"about":[{"href":"https:\/\/www.fabioferro.eu\/de\/wp-json\/wp\/v2\/types\/product"}],"replies":[{"embeddable":true,"href":"https:\/\/www.fabioferro.eu\/de\/wp-json\/wp\/v2\/comments?post=195151"}],"version-history":[{"count":1,"href":"https:\/\/www.fabioferro.eu\/de\/wp-json\/wp\/v2\/product\/195151\/revisions"}],"predecessor-version":[{"id":197741,"href":"https:\/\/www.fabioferro.eu\/de\/wp-json\/wp\/v2\/product\/195151\/revisions\/197741"}],"wp:featuredmedia":[{"embeddable":true,"href":"https:\/\/www.fabioferro.eu\/de\/wp-json\/wp\/v2\/media\/195055"}],"wp:attachment":[{"href":"https:\/\/www.fabioferro.eu\/de\/wp-json\/wp\/v2\/media?parent=195151"}],"wp:term":[{"taxonomy":"product_brand","embeddable":true,"href":"https:\/\/www.fabioferro.eu\/de\/wp-json\/wp\/v2\/product_brand?post=195151"},{"taxonomy":"product_cat","embeddable":true,"href":"https:\/\/www.fabioferro.eu\/de\/wp-json\/wp\/v2\/product_cat?post=195151"},{"taxonomy":"product_tag","embeddable":true,"href":"https:\/\/www.fabioferro.eu\/de\/wp-json\/wp\/v2\/product_tag?post=195151"}],"curies":[{"name":"wp","href":"https:\/\/api.w.org\/{rel}","templated":true}]}}