{"id":195172,"date":"2025-09-09T07:43:44","date_gmt":"2025-09-09T05:43:44","guid":{"rendered":"https:\/\/www.fabioferro.eu\/giovanni-raspini-leopard-tropfenarmband.html"},"modified":"2025-10-13T19:50:00","modified_gmt":"2025-10-13T17:50:00","slug":"giovanni-raspini-leopard-tropfenarmband","status":"publish","type":"product","link":"https:\/\/www.fabioferro.eu\/de\/giovanni-raspini-leopard-tropfenarmband.html","title":{"rendered":"Giovanni Raspini Leopard Tropfenarmband"},"content":{"rendered":"<p class=\"p1\">Armband aus 925er Sterlingsilber.<\/p>\n<p class=\"p1\">Skulpturales Leopardenmuster, eine Ikone von Stil und Charakter.<\/p>\n<p class=\"p1\">Verziert mit einem tropfenf\u00f6rmigen Kristall mit einem eleganten und leuchtenden Schliff.<\/p>\n<p class=\"p1\">Praktischer und sicherer Verschluss, perfekt f\u00fcr den t\u00e4glichen Gebrauch oder besondere Anl\u00e4sse.<\/p>\n<p class=\"p1\">Hergestellt in Italien.<\/p>\n<p class=\"p1\">Mit Box und offizieller Garantie von Giovanni Raspini.<\/p>\n","protected":false},"excerpt":{"rendered":"<p class=\"p1\">Entworfen, um jeden Tag mit Leichtigkeit getragen zu werden.<\/p>\n","protected":false},"featured_media":193488,"comment_status":"open","ping_status":"closed","template":"","meta":[],"product_brand":[],"product_cat":[7569],"product_tag":[7551],"class_list":{"0":"post-195172","1":"product","2":"type-product","3":"status-publish","4":"has-post-thumbnail","6":"product_cat-armbander-giovanni-raspini","7":"product_tag-ausschlusse","9":"first","10":"instock","11":"taxable","12":"shipping-taxable","13":"purchasable","14":"product-type-simple"},"exclude_global_add_ons":[],"addons":[],"df_price":390,"df_sale_price":"","df_regular_price":390,"df_image_link":"https:\/\/cdn02.fabioferro.eu\/wp-content\/uploads\/bracciale-giovanni-raspini-goccia-leopardo.jpg","_links":{"self":[{"href":"https:\/\/www.fabioferro.eu\/de\/wp-json\/wp\/v2\/product\/195172","targetHints":{"allow":["GET"]}}],"collection":[{"href":"https:\/\/www.fabioferro.eu\/de\/wp-json\/wp\/v2\/product"}],"about":[{"href":"https:\/\/www.fabioferro.eu\/de\/wp-json\/wp\/v2\/types\/product"}],"replies":[{"embeddable":true,"href":"https:\/\/www.fabioferro.eu\/de\/wp-json\/wp\/v2\/comments?post=195172"}],"version-history":[{"count":1,"href":"https:\/\/www.fabioferro.eu\/de\/wp-json\/wp\/v2\/product\/195172\/revisions"}],"predecessor-version":[{"id":197806,"href":"https:\/\/www.fabioferro.eu\/de\/wp-json\/wp\/v2\/product\/195172\/revisions\/197806"}],"wp:featuredmedia":[{"embeddable":true,"href":"https:\/\/www.fabioferro.eu\/de\/wp-json\/wp\/v2\/media\/193488"}],"wp:attachment":[{"href":"https:\/\/www.fabioferro.eu\/de\/wp-json\/wp\/v2\/media?parent=195172"}],"wp:term":[{"taxonomy":"product_brand","embeddable":true,"href":"https:\/\/www.fabioferro.eu\/de\/wp-json\/wp\/v2\/product_brand?post=195172"},{"taxonomy":"product_cat","embeddable":true,"href":"https:\/\/www.fabioferro.eu\/de\/wp-json\/wp\/v2\/product_cat?post=195172"},{"taxonomy":"product_tag","embeddable":true,"href":"https:\/\/www.fabioferro.eu\/de\/wp-json\/wp\/v2\/product_tag?post=195172"}],"curies":[{"name":"wp","href":"https:\/\/api.w.org\/{rel}","templated":true}]}}