{"id":195231,"date":"2025-09-09T07:41:15","date_gmt":"2025-09-09T05:41:15","guid":{"rendered":"https:\/\/www.fabioferro.eu\/giovanni-raspini-byzantinische-luce-maxi-halskette.html"},"modified":"2025-10-13T19:59:04","modified_gmt":"2025-10-13T17:59:04","slug":"giovanni-raspini-byzantinische-luce-maxi-halskette","status":"publish","type":"product","link":"https:\/\/www.fabioferro.eu\/de\/giovanni-raspini-byzantinische-luce-maxi-halskette.html","title":{"rendered":"Giovanni Raspini Byzantinische Luce Maxi Halskette"},"content":{"rendered":"<p>Halskette aus 925er Sterlingsilber mit raffinierter Verarbeitung auf der gesamten Oberfl\u00e4che.<\/p>\n<p>Gesamtl\u00e4nge des Schmuckst\u00fccks: 47 cm.<\/p>\n<p>Praktischer und sicherer Karabinerverschluss.<\/p>\n<p>Elegantes und unverwechselbares Design, ideal, um jeden Look zu versch\u00f6nern.<\/p>\n<p>Made in Italy.<\/p>\n<p>Mit Verpackung und offizieller Giovanni Raspini Garantie.<\/p>\n","protected":false},"excerpt":{"rendered":"<p>Ein Schmuckst\u00fcck, das Eleganz und Stil ohne \u00dcberma\u00df vermittelt.<\/p>\n","protected":false},"featured_media":194300,"comment_status":"open","ping_status":"closed","template":"","meta":[],"product_brand":[],"product_cat":[7568],"product_tag":[7551],"class_list":{"0":"post-195231","1":"product","2":"type-product","3":"status-publish","4":"has-post-thumbnail","6":"product_cat-giovanni-raspini-halsketten","7":"product_tag-ausschlusse","9":"first","10":"instock","11":"taxable","12":"shipping-taxable","13":"purchasable","14":"product-type-simple"},"exclude_global_add_ons":[],"addons":[],"df_price":1080,"df_sale_price":"","df_regular_price":1080,"df_image_link":"https:\/\/cdn02.fabioferro.eu\/wp-content\/uploads\/collana-giovanni-raspini-bizantina-luce-maxi.jpg","_links":{"self":[{"href":"https:\/\/www.fabioferro.eu\/de\/wp-json\/wp\/v2\/product\/195231","targetHints":{"allow":["GET"]}}],"collection":[{"href":"https:\/\/www.fabioferro.eu\/de\/wp-json\/wp\/v2\/product"}],"about":[{"href":"https:\/\/www.fabioferro.eu\/de\/wp-json\/wp\/v2\/types\/product"}],"replies":[{"embeddable":true,"href":"https:\/\/www.fabioferro.eu\/de\/wp-json\/wp\/v2\/comments?post=195231"}],"version-history":[{"count":1,"href":"https:\/\/www.fabioferro.eu\/de\/wp-json\/wp\/v2\/product\/195231\/revisions"}],"predecessor-version":[{"id":198085,"href":"https:\/\/www.fabioferro.eu\/de\/wp-json\/wp\/v2\/product\/195231\/revisions\/198085"}],"wp:featuredmedia":[{"embeddable":true,"href":"https:\/\/www.fabioferro.eu\/de\/wp-json\/wp\/v2\/media\/194300"}],"wp:attachment":[{"href":"https:\/\/www.fabioferro.eu\/de\/wp-json\/wp\/v2\/media?parent=195231"}],"wp:term":[{"taxonomy":"product_brand","embeddable":true,"href":"https:\/\/www.fabioferro.eu\/de\/wp-json\/wp\/v2\/product_brand?post=195231"},{"taxonomy":"product_cat","embeddable":true,"href":"https:\/\/www.fabioferro.eu\/de\/wp-json\/wp\/v2\/product_cat?post=195231"},{"taxonomy":"product_tag","embeddable":true,"href":"https:\/\/www.fabioferro.eu\/de\/wp-json\/wp\/v2\/product_tag?post=195231"}],"curies":[{"name":"wp","href":"https:\/\/api.w.org\/{rel}","templated":true}]}}