{"id":195243,"date":"2025-09-09T07:41:09","date_gmt":"2025-09-09T05:41:09","guid":{"rendered":"https:\/\/www.fabioferro.eu\/giovanni-raspini-rolo-kleines-armband-marienkaefer-verschluss.html"},"modified":"2025-10-13T19:58:43","modified_gmt":"2025-10-13T17:58:43","slug":"giovanni-raspini-rolo-kleines-armband-marienkaefer-verschluss","status":"publish","type":"product","link":"https:\/\/www.fabioferro.eu\/de\/giovanni-raspini-rolo-kleines-armband-marienkaefer-verschluss.html","title":{"rendered":"Giovanni Raspini Rolo Kleines Armband Marienk\u00e4fer-Verschluss"},"content":{"rendered":"<p>Giovanni Raspini rol\u00f2 Armband aus 925er Sterlingsilber.<\/p>\n<p>Der Verschluss ist mit einem Marienk\u00e4fer verziert, dem Symbol f\u00fcr Gl\u00fcck und Schutz.<\/p>\n<p>Gesamtl\u00e4nge des Schmuckst\u00fccks: 21 cm.<\/p>\n<p>Perfektes Schmuckst\u00fcck, um es mit verschiedenen Anh\u00e4ngern zu schm\u00fccken.<\/p>\n<p>Handgefertigt in Italien.<\/p>\n<p>Lieferung mit Originalverpackung und Giovanni Raspini Garantiezertifikat.<\/p>\n","protected":false},"excerpt":{"rendered":"<p>Ein Schmuckst\u00fcck, das jeden Look mit einem unverwechselbaren und diskreten Touch aufwertet.<\/p>\n","protected":false},"featured_media":194608,"comment_status":"open","ping_status":"closed","template":"","meta":[],"product_brand":[],"product_cat":[7569,7575],"product_tag":[7551,7442],"class_list":{"0":"post-195243","1":"product","2":"type-product","3":"status-publish","4":"has-post-thumbnail","6":"product_cat-armbander-giovanni-raspini","7":"product_cat-do-it-yourself-schmuck-giovanni-raspini","8":"product_tag-ausschlusse","9":"product_tag-verfugbar","11":"first","12":"instock","13":"taxable","14":"shipping-taxable","15":"purchasable","16":"product-type-simple"},"exclude_global_add_ons":[],"addons":[],"df_price":75,"df_sale_price":"","df_regular_price":75,"df_image_link":"https:\/\/cdn02.fabioferro.eu\/wp-content\/uploads\/bracciale-giovanni-raspini-rolo-piccolo-chiusura-coccinella.jpg","_links":{"self":[{"href":"https:\/\/www.fabioferro.eu\/de\/wp-json\/wp\/v2\/product\/195243","targetHints":{"allow":["GET"]}}],"collection":[{"href":"https:\/\/www.fabioferro.eu\/de\/wp-json\/wp\/v2\/product"}],"about":[{"href":"https:\/\/www.fabioferro.eu\/de\/wp-json\/wp\/v2\/types\/product"}],"replies":[{"embeddable":true,"href":"https:\/\/www.fabioferro.eu\/de\/wp-json\/wp\/v2\/comments?post=195243"}],"version-history":[{"count":1,"href":"https:\/\/www.fabioferro.eu\/de\/wp-json\/wp\/v2\/product\/195243\/revisions"}],"predecessor-version":[{"id":198058,"href":"https:\/\/www.fabioferro.eu\/de\/wp-json\/wp\/v2\/product\/195243\/revisions\/198058"}],"wp:featuredmedia":[{"embeddable":true,"href":"https:\/\/www.fabioferro.eu\/de\/wp-json\/wp\/v2\/media\/194608"}],"wp:attachment":[{"href":"https:\/\/www.fabioferro.eu\/de\/wp-json\/wp\/v2\/media?parent=195243"}],"wp:term":[{"taxonomy":"product_brand","embeddable":true,"href":"https:\/\/www.fabioferro.eu\/de\/wp-json\/wp\/v2\/product_brand?post=195243"},{"taxonomy":"product_cat","embeddable":true,"href":"https:\/\/www.fabioferro.eu\/de\/wp-json\/wp\/v2\/product_cat?post=195243"},{"taxonomy":"product_tag","embeddable":true,"href":"https:\/\/www.fabioferro.eu\/de\/wp-json\/wp\/v2\/product_tag?post=195243"}],"curies":[{"name":"wp","href":"https:\/\/api.w.org\/{rel}","templated":true}]}}