{"id":195248,"date":"2025-09-09T07:41:17","date_gmt":"2025-09-09T05:41:17","guid":{"rendered":"https:\/\/www.fabioferro.eu\/giovanni-raspini-petit-perlage-ring-2.html"},"modified":"2026-04-14T08:37:58","modified_gmt":"2026-04-14T06:37:58","slug":"giovanni-raspini-petit-perlage-ring-2","status":"publish","type":"product","link":"https:\/\/www.fabioferro.eu\/de\/giovanni-raspini-petit-perlage-ring-2.html","title":{"rendered":"Giovanni Raspini Petit Perlage Ring"},"content":{"rendered":"<p class=\"p1\">Ring aus 925er Sterlingsilber mit raffinierter Perlierung, die die gesamte Oberfl\u00e4che umschlie\u00dft.<\/p>\n<p class=\"p1\">Elegantes und unverwechselbares Design, perfekt f\u00fcr jeden Anlass.<\/p>\n<p class=\"p1\">Der Schmuck ist in vier verschiedenen Gr\u00f6\u00dfen erh\u00e4ltlich.<\/p>\n<p class=\"p1\">Made in Italy, hergestellt mit Handwerkskunst.<\/p>\n<p class=\"p1\">Wird mit der offiziellen Giovanni Raspini-Box und Garantie geliefert.<\/p>\n","protected":false},"excerpt":{"rendered":"<p class=\"p1\">Ein perfektes Schmuckst\u00fcck f\u00fcr alle, die einen schlichten und doch raffinierten Stil lieben.<\/p>\n","protected":false},"featured_media":194290,"comment_status":"open","ping_status":"closed","template":"","meta":[],"product_brand":[],"product_cat":[7572],"product_tag":[7551],"class_list":{"0":"post-195248","1":"product","2":"type-product","3":"status-publish","4":"has-post-thumbnail","6":"product_cat-ringe-giovanni-raspini","7":"product_tag-ausschlusse","9":"first","10":"instock","11":"taxable","12":"shipping-taxable","13":"purchasable","14":"product-type-variable","15":"has-default-attributes"},"exclude_global_add_ons":[],"addons":[],"df_price":255,"df_sale_price":"","df_regular_price":255,"df_image_link":"https:\/\/cdn02.fabioferro.eu\/wp-content\/uploads\/anello-giovanni-raspini-petit-perlage.jpg","_links":{"self":[{"href":"https:\/\/www.fabioferro.eu\/de\/wp-json\/wp\/v2\/product\/195248","targetHints":{"allow":["GET"]}}],"collection":[{"href":"https:\/\/www.fabioferro.eu\/de\/wp-json\/wp\/v2\/product"}],"about":[{"href":"https:\/\/www.fabioferro.eu\/de\/wp-json\/wp\/v2\/types\/product"}],"replies":[{"embeddable":true,"href":"https:\/\/www.fabioferro.eu\/de\/wp-json\/wp\/v2\/comments?post=195248"}],"version-history":[{"count":1,"href":"https:\/\/www.fabioferro.eu\/de\/wp-json\/wp\/v2\/product\/195248\/revisions"}],"predecessor-version":[{"id":198083,"href":"https:\/\/www.fabioferro.eu\/de\/wp-json\/wp\/v2\/product\/195248\/revisions\/198083"}],"wp:featuredmedia":[{"embeddable":true,"href":"https:\/\/www.fabioferro.eu\/de\/wp-json\/wp\/v2\/media\/194290"}],"wp:attachment":[{"href":"https:\/\/www.fabioferro.eu\/de\/wp-json\/wp\/v2\/media?parent=195248"}],"wp:term":[{"taxonomy":"product_brand","embeddable":true,"href":"https:\/\/www.fabioferro.eu\/de\/wp-json\/wp\/v2\/product_brand?post=195248"},{"taxonomy":"product_cat","embeddable":true,"href":"https:\/\/www.fabioferro.eu\/de\/wp-json\/wp\/v2\/product_cat?post=195248"},{"taxonomy":"product_tag","embeddable":true,"href":"https:\/\/www.fabioferro.eu\/de\/wp-json\/wp\/v2\/product_tag?post=195248"}],"curies":[{"name":"wp","href":"https:\/\/api.w.org\/{rel}","templated":true}]}}