{"id":195326,"date":"2025-09-09T07:39:28","date_gmt":"2025-09-09T05:39:28","guid":{"rendered":"https:\/\/www.fabioferro.eu\/giovanni-raspini-brise-armband-margherita-schliesse.html"},"modified":"2025-10-13T20:00:14","modified_gmt":"2025-10-13T18:00:14","slug":"giovanni-raspini-brise-armband-margherita-schliesse","status":"publish","type":"product","link":"https:\/\/www.fabioferro.eu\/de\/giovanni-raspini-brise-armband-margherita-schliesse.html","title":{"rendered":"Giovanni Raspini Brise Armband Margherita Schlie\u00dfe"},"content":{"rendered":"<p>Giovanni Raspini Bris\u00e8-Armband aus 925er Sterlingsilber.<\/p>\n<p>Der Verschluss ist mit einem G\u00e4nsebl\u00fcmchen verziert, einem Symbol f\u00fcr Frische und Schlichtheit.<\/p>\n<p>Gesamtl\u00e4nge von 20 cm, entworfen f\u00fcr bequemes und vielseitiges Tragen.<\/p>\n<p>Perfekt, um es allein zu tragen oder als Basis f\u00fcr Anh\u00e4nger, um Ihren Stil auf einzigartige Weise zu personalisieren.<\/p>\n<p>Vollst\u00e4ndig in Italien mit sorgf\u00e4ltiger Handwerkskunst hergestellt.<\/p>\n<p>Wird mit Originalverpackung und Giovanni Raspini-Garantiezertifikat geliefert.<\/p>\n","protected":false},"excerpt":{"rendered":"<p>Ein vielseitiges Armband, das Platz f\u00fcr Ihre Lieblingsanh\u00e4nger bietet.<\/p>\n","protected":false},"featured_media":194646,"comment_status":"open","ping_status":"closed","template":"","meta":[],"product_brand":[],"product_cat":[7569,7575],"product_tag":[7551],"class_list":{"0":"post-195326","1":"product","2":"type-product","3":"status-publish","4":"has-post-thumbnail","6":"product_cat-armbander-giovanni-raspini","7":"product_cat-do-it-yourself-schmuck-giovanni-raspini","8":"product_tag-ausschlusse","10":"first","11":"instock","12":"taxable","13":"shipping-taxable","14":"purchasable","15":"product-type-simple"},"exclude_global_add_ons":[],"addons":[],"df_price":95,"df_sale_price":"","df_regular_price":95,"df_image_link":"https:\/\/cdn02.fabioferro.eu\/wp-content\/uploads\/bracciale-giovanni-raspini-brise-chiusura-margherita.jpg","_links":{"self":[{"href":"https:\/\/www.fabioferro.eu\/de\/wp-json\/wp\/v2\/product\/195326","targetHints":{"allow":["GET"]}}],"collection":[{"href":"https:\/\/www.fabioferro.eu\/de\/wp-json\/wp\/v2\/product"}],"about":[{"href":"https:\/\/www.fabioferro.eu\/de\/wp-json\/wp\/v2\/types\/product"}],"replies":[{"embeddable":true,"href":"https:\/\/www.fabioferro.eu\/de\/wp-json\/wp\/v2\/comments?post=195326"}],"version-history":[{"count":1,"href":"https:\/\/www.fabioferro.eu\/de\/wp-json\/wp\/v2\/product\/195326\/revisions"}],"predecessor-version":[{"id":198143,"href":"https:\/\/www.fabioferro.eu\/de\/wp-json\/wp\/v2\/product\/195326\/revisions\/198143"}],"wp:featuredmedia":[{"embeddable":true,"href":"https:\/\/www.fabioferro.eu\/de\/wp-json\/wp\/v2\/media\/194646"}],"wp:attachment":[{"href":"https:\/\/www.fabioferro.eu\/de\/wp-json\/wp\/v2\/media?parent=195326"}],"wp:term":[{"taxonomy":"product_brand","embeddable":true,"href":"https:\/\/www.fabioferro.eu\/de\/wp-json\/wp\/v2\/product_brand?post=195326"},{"taxonomy":"product_cat","embeddable":true,"href":"https:\/\/www.fabioferro.eu\/de\/wp-json\/wp\/v2\/product_cat?post=195326"},{"taxonomy":"product_tag","embeddable":true,"href":"https:\/\/www.fabioferro.eu\/de\/wp-json\/wp\/v2\/product_tag?post=195326"}],"curies":[{"name":"wp","href":"https:\/\/api.w.org\/{rel}","templated":true}]}}