{"id":195334,"date":"2025-09-09T07:39:26","date_gmt":"2025-09-09T05:39:26","guid":{"rendered":"https:\/\/www.fabioferro.eu\/giovanni-raspini-brise-armband-klee-verschluss.html"},"modified":"2025-10-13T20:00:15","modified_gmt":"2025-10-13T18:00:15","slug":"giovanni-raspini-brise-armband-klee-verschluss","status":"publish","type":"product","link":"https:\/\/www.fabioferro.eu\/de\/giovanni-raspini-brise-armband-klee-verschluss.html","title":{"rendered":"Giovanni Raspini Brise Armband Klee-Verschluss"},"content":{"rendered":"<p>Armband aus 925er Sterlingsilber von Giovanni Raspini.<\/p>\n<p>Der Verschluss des Schmuckst\u00fccks ist mit einem sorgf\u00e4ltig gearbeiteten vierbl\u00e4ttrigen Kleeblattmotiv verziert.<\/p>\n<p>Die Gesamtl\u00e4nge betr\u00e4gt 20 cm.<\/p>\n<p>Perfekt, um es allein zu tragen oder als Basis f\u00fcr Anh\u00e4nger, um das Armband nach Ihrem eigenen Stil zu personalisieren.<\/p>\n<p>Vollst\u00e4ndig in Italien von Meisterhandwerkern hergestellt.<\/p>\n<p>Wird mit Originalverpackung und Giovanni Raspini-Garantiezertifikat geliefert.<\/p>\n","protected":false},"excerpt":{"rendered":"<p>Ein dezentes und doch unverwechselbares Accessoire, perfekt f\u00fcr jede Kombination von Anh\u00e4ngern.<\/p>\n","protected":false},"featured_media":194655,"comment_status":"open","ping_status":"closed","template":"","meta":[],"product_brand":[],"product_cat":[7569,7575],"product_tag":[7551],"class_list":{"0":"post-195334","1":"product","2":"type-product","3":"status-publish","4":"has-post-thumbnail","6":"product_cat-armbander-giovanni-raspini","7":"product_cat-do-it-yourself-schmuck-giovanni-raspini","8":"product_tag-ausschlusse","10":"first","11":"instock","12":"taxable","13":"shipping-taxable","14":"purchasable","15":"product-type-simple"},"exclude_global_add_ons":[],"addons":[],"df_price":95,"df_sale_price":"","df_regular_price":95,"df_image_link":"https:\/\/cdn02.fabioferro.eu\/wp-content\/uploads\/bracciale-giovanni-raspini-brise-chiusura-quadrifoglio.jpg","_links":{"self":[{"href":"https:\/\/www.fabioferro.eu\/de\/wp-json\/wp\/v2\/product\/195334","targetHints":{"allow":["GET"]}}],"collection":[{"href":"https:\/\/www.fabioferro.eu\/de\/wp-json\/wp\/v2\/product"}],"about":[{"href":"https:\/\/www.fabioferro.eu\/de\/wp-json\/wp\/v2\/types\/product"}],"replies":[{"embeddable":true,"href":"https:\/\/www.fabioferro.eu\/de\/wp-json\/wp\/v2\/comments?post=195334"}],"version-history":[{"count":1,"href":"https:\/\/www.fabioferro.eu\/de\/wp-json\/wp\/v2\/product\/195334\/revisions"}],"predecessor-version":[{"id":198144,"href":"https:\/\/www.fabioferro.eu\/de\/wp-json\/wp\/v2\/product\/195334\/revisions\/198144"}],"wp:featuredmedia":[{"embeddable":true,"href":"https:\/\/www.fabioferro.eu\/de\/wp-json\/wp\/v2\/media\/194655"}],"wp:attachment":[{"href":"https:\/\/www.fabioferro.eu\/de\/wp-json\/wp\/v2\/media?parent=195334"}],"wp:term":[{"taxonomy":"product_brand","embeddable":true,"href":"https:\/\/www.fabioferro.eu\/de\/wp-json\/wp\/v2\/product_brand?post=195334"},{"taxonomy":"product_cat","embeddable":true,"href":"https:\/\/www.fabioferro.eu\/de\/wp-json\/wp\/v2\/product_cat?post=195334"},{"taxonomy":"product_tag","embeddable":true,"href":"https:\/\/www.fabioferro.eu\/de\/wp-json\/wp\/v2\/product_tag?post=195334"}],"curies":[{"name":"wp","href":"https:\/\/api.w.org\/{rel}","templated":true}]}}