{"id":195340,"date":"2025-09-06T09:10:21","date_gmt":"2025-09-06T07:10:21","guid":{"rendered":"https:\/\/www.fabioferro.eu\/madi-settanta-ring-mit-blauem-hydrothermalquarz.html"},"modified":"2025-09-06T09:10:21","modified_gmt":"2025-09-06T07:10:21","slug":"madi-settanta-ring-mit-blauem-hydrothermalquarz","status":"publish","type":"product","link":"https:\/\/www.fabioferro.eu\/de\/madi-settanta-ring-mit-blauem-hydrothermalquarz.html","title":{"rendered":"Madi Settanta Ring mit blauem Hydrothermalquarz"},"content":{"rendered":"<p data-start=\"85\" data-end=\"154\">Mad\u00ec Ring aus 925er Sterlingsilber mit eleganter Ros\u00e9goldplattierung.<\/p>\n<p data-start=\"156\" data-end=\"278\">Der hellblaue hydrothermale Quarz mit seinen frischen und leuchtenden Farben sorgt f\u00fcr einen Hauch von Licht und zeitloser Raffinesse.<\/p>\n<p data-start=\"280\" data-end=\"392\">Das essentielle Design hebt den Mittelstein hervor und bietet gleichzeitig einen bequemen und nat\u00fcrlichen Sitz.<\/p>\n<p data-start=\"394\" data-end=\"495\">Handgefertigt in Italien, spiegelt jeder Ring die italienische Goldschmiedetradition wider.<\/p>\n<p data-start=\"497\" data-end=\"592\">Pr\u00e4sentiert in der offiziellen Mad\u00ec-Verpackung, komplett mit zweij\u00e4hrigem Garantiezertifikat.<\/p>\n","protected":false},"excerpt":{"rendered":"<p>Schlichte und doch unverwechselbare Eleganz, passend f\u00fcr jeden Moment.<\/p>\n","protected":false},"featured_media":194903,"comment_status":"open","ping_status":"closed","template":"","meta":[],"product_brand":[],"product_cat":[7595],"product_tag":[],"class_list":{"0":"post-195340","1":"product","2":"type-product","3":"status-publish","4":"has-post-thumbnail","6":"product_cat-madi-ringe-de","8":"first","9":"instock","10":"sale","11":"taxable","12":"shipping-taxable","13":"purchasable","14":"product-type-variable","15":"has-default-attributes"},"exclude_global_add_ons":[],"addons":[],"df_price":145.8,"df_sale_price":"","df_regular_price":145.8,"df_image_link":"https:\/\/cdn02.fabioferro.eu\/wp-content\/uploads\/anello-madi-settanta-con-quarzo-idrotermale-azzurro.jpg","_links":{"self":[{"href":"https:\/\/www.fabioferro.eu\/de\/wp-json\/wp\/v2\/product\/195340","targetHints":{"allow":["GET"]}}],"collection":[{"href":"https:\/\/www.fabioferro.eu\/de\/wp-json\/wp\/v2\/product"}],"about":[{"href":"https:\/\/www.fabioferro.eu\/de\/wp-json\/wp\/v2\/types\/product"}],"replies":[{"embeddable":true,"href":"https:\/\/www.fabioferro.eu\/de\/wp-json\/wp\/v2\/comments?post=195340"}],"version-history":[{"count":0,"href":"https:\/\/www.fabioferro.eu\/de\/wp-json\/wp\/v2\/product\/195340\/revisions"}],"wp:featuredmedia":[{"embeddable":true,"href":"https:\/\/www.fabioferro.eu\/de\/wp-json\/wp\/v2\/media\/194903"}],"wp:attachment":[{"href":"https:\/\/www.fabioferro.eu\/de\/wp-json\/wp\/v2\/media?parent=195340"}],"wp:term":[{"taxonomy":"product_brand","embeddable":true,"href":"https:\/\/www.fabioferro.eu\/de\/wp-json\/wp\/v2\/product_brand?post=195340"},{"taxonomy":"product_cat","embeddable":true,"href":"https:\/\/www.fabioferro.eu\/de\/wp-json\/wp\/v2\/product_cat?post=195340"},{"taxonomy":"product_tag","embeddable":true,"href":"https:\/\/www.fabioferro.eu\/de\/wp-json\/wp\/v2\/product_tag?post=195340"}],"curies":[{"name":"wp","href":"https:\/\/api.w.org\/{rel}","templated":true}]}}