{"id":195349,"date":"2025-09-06T09:10:20","date_gmt":"2025-09-06T07:10:20","guid":{"rendered":"https:\/\/www.fabioferro.eu\/madi-seventy-ring-mit-orangefarbenem-hydrothermalquarz.html"},"modified":"2025-10-18T16:59:56","modified_gmt":"2025-10-18T14:59:56","slug":"madi-seventy-ring-mit-orangefarbenem-hydrothermalquarz","status":"publish","type":"product","link":"https:\/\/www.fabioferro.eu\/de\/madi-seventy-ring-mit-orangefarbenem-hydrothermalquarz.html","title":{"rendered":"Madi Seventy Ring mit orangefarbenem Hydrothermalquarz"},"content":{"rendered":"<p data-start=\"85\" data-end=\"154\">Mad\u00ec Ring aus Sterlingsilber mit Ros\u00e9goldplattierung.<\/p>\n<p data-start=\"156\" data-end=\"265\">Der Sternstein des Juwels ist ein orangefarbener hydrothermaler Quarz.<\/p>\n<p data-start=\"267\" data-end=\"353\">Harmonisches, leichtes Design, entworfen f\u00fcr Komfort und Stil bei jeder Gelegenheit.<\/p>\n<p data-start=\"355\" data-end=\"469\">Handgefertigt von Goldschmiedemeistern, Made in Italy.<\/p>\n<p data-start=\"471\" data-end=\"557\">Mit der offiziellen Mad\u00ec-Verpackung und dem Garantiezertifikat.<\/p>\n","protected":false},"excerpt":{"rendered":"<p>Ein Schmuckst\u00fcck, das nat\u00fcrliches Licht in jeden pers\u00f6nlichen Stil bringt, signiert von Madi.<\/p>\n","protected":false},"featured_media":194913,"comment_status":"open","ping_status":"closed","template":"","meta":[],"product_brand":[],"product_cat":[7595],"product_tag":[],"class_list":{"0":"post-195349","1":"product","2":"type-product","3":"status-publish","4":"has-post-thumbnail","6":"product_cat-madi-ringe-de","8":"first","9":"instock","10":"sale","11":"taxable","12":"shipping-taxable","13":"purchasable","14":"product-type-variable","15":"has-default-attributes"},"exclude_global_add_ons":[],"addons":[],"df_price":145.8,"df_sale_price":"","df_regular_price":145.8,"df_image_link":"https:\/\/cdn02.fabioferro.eu\/wp-content\/uploads\/anello-madi-settanta-con-quarzo-idrotermale-arancio.jpg","_links":{"self":[{"href":"https:\/\/www.fabioferro.eu\/de\/wp-json\/wp\/v2\/product\/195349","targetHints":{"allow":["GET"]}}],"collection":[{"href":"https:\/\/www.fabioferro.eu\/de\/wp-json\/wp\/v2\/product"}],"about":[{"href":"https:\/\/www.fabioferro.eu\/de\/wp-json\/wp\/v2\/types\/product"}],"replies":[{"embeddable":true,"href":"https:\/\/www.fabioferro.eu\/de\/wp-json\/wp\/v2\/comments?post=195349"}],"version-history":[{"count":1,"href":"https:\/\/www.fabioferro.eu\/de\/wp-json\/wp\/v2\/product\/195349\/revisions"}],"predecessor-version":[{"id":199112,"href":"https:\/\/www.fabioferro.eu\/de\/wp-json\/wp\/v2\/product\/195349\/revisions\/199112"}],"wp:featuredmedia":[{"embeddable":true,"href":"https:\/\/www.fabioferro.eu\/de\/wp-json\/wp\/v2\/media\/194913"}],"wp:attachment":[{"href":"https:\/\/www.fabioferro.eu\/de\/wp-json\/wp\/v2\/media?parent=195349"}],"wp:term":[{"taxonomy":"product_brand","embeddable":true,"href":"https:\/\/www.fabioferro.eu\/de\/wp-json\/wp\/v2\/product_brand?post=195349"},{"taxonomy":"product_cat","embeddable":true,"href":"https:\/\/www.fabioferro.eu\/de\/wp-json\/wp\/v2\/product_cat?post=195349"},{"taxonomy":"product_tag","embeddable":true,"href":"https:\/\/www.fabioferro.eu\/de\/wp-json\/wp\/v2\/product_tag?post=195349"}],"curies":[{"name":"wp","href":"https:\/\/api.w.org\/{rel}","templated":true}]}}