{"id":195371,"date":"2025-09-06T09:10:16","date_gmt":"2025-09-06T07:10:16","guid":{"rendered":"https:\/\/www.fabioferro.eu\/madi-marea-ohrringe-mit-gruenem-hydrothermalquarz.html"},"modified":"2025-09-06T09:10:16","modified_gmt":"2025-09-06T07:10:16","slug":"madi-marea-ohrringe-mit-gruenem-hydrothermalquarz","status":"publish","type":"product","link":"https:\/\/www.fabioferro.eu\/de\/madi-marea-ohrringe-mit-gruenem-hydrothermalquarz.html","title":{"rendered":"Madi Marea Ohrringe mit gr\u00fcnem Hydrothermalquarz"},"content":{"rendered":"<p data-start=\"93\" data-end=\"165\">Mad\u00ec Ohrringe aus 925er Sterlingsilber mit eleganter Ros\u00e9goldplattierung.<\/p>\n<p data-start=\"167\" data-end=\"280\">Aqua-gr\u00fcner hydrothermaler Quarz f\u00e4ngt das Licht sanft ein und verleiht dem Gesicht einen frischen und nat\u00fcrlichen Touch.<\/p>\n<p data-start=\"282\" data-end=\"359\">Clipverschluss mit praktischem und sicherem Pflock.<\/p>\n<p data-start=\"361\" data-end=\"468\">Handgefertigt in Italien von Meisterhandwerkern, Made in Italy.<\/p>\n<p data-start=\"361\" data-end=\"468\">Wird mit offizieller Mad\u00ec-Verpackung und Garantiezertifikat geliefert.<\/p>\n","protected":false},"excerpt":{"rendered":"<p>Ein St\u00fcck f\u00fcr diejenigen, die essentielle und diskrete Linien sch\u00e4tzen.<\/p>\n","protected":false},"featured_media":194954,"comment_status":"open","ping_status":"closed","template":"","meta":[],"product_brand":[],"product_cat":[5921],"product_tag":[],"class_list":{"0":"post-195371","1":"product","2":"type-product","3":"status-publish","4":"has-post-thumbnail","6":"product_cat-madi-ohrringe","8":"first","9":"instock","10":"sale","11":"taxable","12":"shipping-taxable","13":"purchasable","14":"product-type-simple"},"exclude_global_add_ons":[],"addons":[],"df_price":116.55,"df_sale_price":116.55,"df_regular_price":129.5,"df_image_link":"https:\/\/cdn02.fabioferro.eu\/wp-content\/uploads\/orecchini-madi-marea-con-quarzo-idrotermale-verde-acqua.jpg","_links":{"self":[{"href":"https:\/\/www.fabioferro.eu\/de\/wp-json\/wp\/v2\/product\/195371","targetHints":{"allow":["GET"]}}],"collection":[{"href":"https:\/\/www.fabioferro.eu\/de\/wp-json\/wp\/v2\/product"}],"about":[{"href":"https:\/\/www.fabioferro.eu\/de\/wp-json\/wp\/v2\/types\/product"}],"replies":[{"embeddable":true,"href":"https:\/\/www.fabioferro.eu\/de\/wp-json\/wp\/v2\/comments?post=195371"}],"version-history":[{"count":0,"href":"https:\/\/www.fabioferro.eu\/de\/wp-json\/wp\/v2\/product\/195371\/revisions"}],"wp:featuredmedia":[{"embeddable":true,"href":"https:\/\/www.fabioferro.eu\/de\/wp-json\/wp\/v2\/media\/194954"}],"wp:attachment":[{"href":"https:\/\/www.fabioferro.eu\/de\/wp-json\/wp\/v2\/media?parent=195371"}],"wp:term":[{"taxonomy":"product_brand","embeddable":true,"href":"https:\/\/www.fabioferro.eu\/de\/wp-json\/wp\/v2\/product_brand?post=195371"},{"taxonomy":"product_cat","embeddable":true,"href":"https:\/\/www.fabioferro.eu\/de\/wp-json\/wp\/v2\/product_cat?post=195371"},{"taxonomy":"product_tag","embeddable":true,"href":"https:\/\/www.fabioferro.eu\/de\/wp-json\/wp\/v2\/product_tag?post=195371"}],"curies":[{"name":"wp","href":"https:\/\/api.w.org\/{rel}","templated":true}]}}