{"id":195383,"date":"2025-09-05T11:05:27","date_gmt":"2025-09-05T09:05:27","guid":{"rendered":"https:\/\/www.fabioferro.eu\/klassisches-tibetisches-tamashii-armband-mit-lila-perle.html"},"modified":"2025-09-05T11:05:27","modified_gmt":"2025-09-05T09:05:27","slug":"klassisches-tibetisches-tamashii-armband-mit-lila-perle","status":"publish","type":"product","link":"https:\/\/www.fabioferro.eu\/de\/klassisches-tibetisches-tamashii-armband-mit-lila-perle.html","title":{"rendered":"Klassisches tibetisches Tamashii-Armband mit lila Perle"},"content":{"rendered":"<p data-start=\"81\" data-end=\"253\">Original Tamashii Armband, handgefertigt in Tibet mit nat\u00fcrlichem Purple Pearl Stein.<\/p>\n<p data-start=\"255\" data-end=\"376\">Die Purpurperle steht f\u00fcr Ver\u00e4nderungen, die mit dem Herzen und den Gef\u00fchlen verbunden sind, und symbolisiert Transformation und gef\u00fchlsm\u00e4\u00dfige Harmonie.<\/p>\n<p data-start=\"475\" data-end=\"501\">Jeder Stein misst 6 mm.<\/p>\n<p data-start=\"503\" data-end=\"633\">Die Einheitsgr\u00f6\u00dfe passt f\u00fcr alle Handgelenke, die \u00fcber Schlaufen verstellt werden k\u00f6nnen.<\/p>\n<p data-start=\"635\" data-end=\"706\">Jedes St\u00fcck ist ein Unikat und kann kleine Farbunterschiede aufweisen.<\/p>\n<p data-start=\"708\" data-end=\"785\">Verpackt mit Original Tamashii Verpackung und Echtheitszertifikat.<\/p>\n","protected":false},"excerpt":{"rendered":"<p>Ein einzigartiges Accessoire, das jeden Tag begleitet.<\/p>\n","protected":false},"featured_media":194714,"comment_status":"open","ping_status":"closed","template":"","meta":[],"product_brand":[199],"product_cat":[6318],"product_tag":[],"class_list":{"0":"post-195383","1":"product","2":"type-product","3":"status-publish","4":"has-post-thumbnail","6":"product_brand-tamashii","7":"product_cat-tamashii","9":"first","10":"instock","11":"taxable","12":"shipping-taxable","13":"purchasable","14":"product-type-simple"},"exclude_global_add_ons":[],"addons":[],"df_price":49,"df_sale_price":"","df_regular_price":49,"df_image_link":"https:\/\/cdn02.fabioferro.eu\/wp-content\/uploads\/bracciale-tamashii-tibetano-classico-con-perla-viola.jpg","_links":{"self":[{"href":"https:\/\/www.fabioferro.eu\/de\/wp-json\/wp\/v2\/product\/195383","targetHints":{"allow":["GET"]}}],"collection":[{"href":"https:\/\/www.fabioferro.eu\/de\/wp-json\/wp\/v2\/product"}],"about":[{"href":"https:\/\/www.fabioferro.eu\/de\/wp-json\/wp\/v2\/types\/product"}],"replies":[{"embeddable":true,"href":"https:\/\/www.fabioferro.eu\/de\/wp-json\/wp\/v2\/comments?post=195383"}],"version-history":[{"count":0,"href":"https:\/\/www.fabioferro.eu\/de\/wp-json\/wp\/v2\/product\/195383\/revisions"}],"wp:featuredmedia":[{"embeddable":true,"href":"https:\/\/www.fabioferro.eu\/de\/wp-json\/wp\/v2\/media\/194714"}],"wp:attachment":[{"href":"https:\/\/www.fabioferro.eu\/de\/wp-json\/wp\/v2\/media?parent=195383"}],"wp:term":[{"taxonomy":"product_brand","embeddable":true,"href":"https:\/\/www.fabioferro.eu\/de\/wp-json\/wp\/v2\/product_brand?post=195383"},{"taxonomy":"product_cat","embeddable":true,"href":"https:\/\/www.fabioferro.eu\/de\/wp-json\/wp\/v2\/product_cat?post=195383"},{"taxonomy":"product_tag","embeddable":true,"href":"https:\/\/www.fabioferro.eu\/de\/wp-json\/wp\/v2\/product_tag?post=195383"}],"curies":[{"name":"wp","href":"https:\/\/api.w.org\/{rel}","templated":true}]}}