{"id":195385,"date":"2025-09-05T11:05:26","date_gmt":"2025-09-05T09:05:26","guid":{"rendered":"https:\/\/www.fabioferro.eu\/tamashii-tibetan-classic-naturperlen-armband.html"},"modified":"2025-09-05T11:05:26","modified_gmt":"2025-09-05T09:05:26","slug":"tamashii-tibetan-classic-naturperlen-armband","status":"publish","type":"product","link":"https:\/\/www.fabioferro.eu\/de\/tamashii-tibetan-classic-naturperlen-armband.html","title":{"rendered":"Tamashii Tibetan Classic Naturperlen Armband"},"content":{"rendered":"<p data-start=\"100\" data-end=\"259\">Tamashii-Armband, handgefertigt in Tibet mit nat\u00fcrlicher Perle.<\/p>\n<p data-start=\"261\" data-end=\"393\">Nat\u00fcrliche Perlen f\u00f6rdern emotionale Stabilit\u00e4t, Loyalit\u00e4t und Authentizit\u00e4t und unterst\u00fctzen Selbstarbeit und inneres Gleichgewicht.<\/p>\n<p data-start=\"492\" data-end=\"518\">Jeder Stein des Armbands misst 6 mm.<\/p>\n<p data-start=\"520\" data-end=\"650\">Die Einheitsgr\u00f6\u00dfe passt f\u00fcr alle Handgelenke, die \u00fcber Schlaufen verstellt werden k\u00f6nnen.<\/p>\n<p data-start=\"652\" data-end=\"723\">Jedes St\u00fcck ist ein Unikat und kann kleine Farbunterschiede aufweisen.<\/p>\n<p data-start=\"725\" data-end=\"802\">Verpackt mit Original Tamashii Verpackung und Echtheitszertifikat.<\/p>\n","protected":false},"excerpt":{"rendered":"<p>Ein leichtes und vielseitiges Schmuckst\u00fcck, voller Bedeutung.<\/p>\n","protected":false},"featured_media":194726,"comment_status":"open","ping_status":"closed","template":"","meta":[],"product_brand":[199],"product_cat":[6318],"product_tag":[],"class_list":{"0":"post-195385","1":"product","2":"type-product","3":"status-publish","4":"has-post-thumbnail","6":"product_brand-tamashii","7":"product_cat-tamashii","9":"first","10":"instock","11":"taxable","12":"shipping-taxable","13":"purchasable","14":"product-type-simple"},"exclude_global_add_ons":[],"addons":[],"df_price":49,"df_sale_price":"","df_regular_price":49,"df_image_link":"https:\/\/cdn02.fabioferro.eu\/wp-content\/uploads\/bracciale-tamashii-tibetano-classico-perla-naturale.jpg","_links":{"self":[{"href":"https:\/\/www.fabioferro.eu\/de\/wp-json\/wp\/v2\/product\/195385","targetHints":{"allow":["GET"]}}],"collection":[{"href":"https:\/\/www.fabioferro.eu\/de\/wp-json\/wp\/v2\/product"}],"about":[{"href":"https:\/\/www.fabioferro.eu\/de\/wp-json\/wp\/v2\/types\/product"}],"replies":[{"embeddable":true,"href":"https:\/\/www.fabioferro.eu\/de\/wp-json\/wp\/v2\/comments?post=195385"}],"version-history":[{"count":0,"href":"https:\/\/www.fabioferro.eu\/de\/wp-json\/wp\/v2\/product\/195385\/revisions"}],"wp:featuredmedia":[{"embeddable":true,"href":"https:\/\/www.fabioferro.eu\/de\/wp-json\/wp\/v2\/media\/194726"}],"wp:attachment":[{"href":"https:\/\/www.fabioferro.eu\/de\/wp-json\/wp\/v2\/media?parent=195385"}],"wp:term":[{"taxonomy":"product_brand","embeddable":true,"href":"https:\/\/www.fabioferro.eu\/de\/wp-json\/wp\/v2\/product_brand?post=195385"},{"taxonomy":"product_cat","embeddable":true,"href":"https:\/\/www.fabioferro.eu\/de\/wp-json\/wp\/v2\/product_cat?post=195385"},{"taxonomy":"product_tag","embeddable":true,"href":"https:\/\/www.fabioferro.eu\/de\/wp-json\/wp\/v2\/product_tag?post=195385"}],"curies":[{"name":"wp","href":"https:\/\/api.w.org\/{rel}","templated":true}]}}