{"id":195388,"date":"2025-09-05T11:05:29","date_gmt":"2025-09-05T09:05:29","guid":{"rendered":"https:\/\/www.fabioferro.eu\/tamashii-armband-mit-lavendelfarbener-jade.html"},"modified":"2025-09-05T11:05:29","modified_gmt":"2025-09-05T09:05:29","slug":"tamashii-armband-mit-lavendelfarbener-jade","status":"publish","type":"product","link":"https:\/\/www.fabioferro.eu\/de\/tamashii-armband-mit-lavendelfarbener-jade.html","title":{"rendered":"Tamashii-Armband mit lavendelfarbener Jade"},"content":{"rendered":"<p data-start=\"328\" data-end=\"502\">Original Tamashii Armband, handgefertigt in Tibet mit nat\u00fcrlichem lavendelfarbenem Jadestein und brauner Kordel, gesegnet von buddhistischen M\u00f6nchen.<\/p>\n<p data-start=\"504\" data-end=\"617\">Lavendel Jade f\u00f6rdert innere Harmonie und emotionale Freude und hilft dabei, klare Grenzen in Beziehungen zu schaffen.<\/p>\n<p data-start=\"619\" data-end=\"714\">Die rhodinierte Gebetsm\u00fchle aus 925er Silber ist mit dem Mantra &#8216;Om Mani Padme H\u016bm&#8217; graviert.<\/p>\n<p data-start=\"716\" data-end=\"742\">Jeder Stein misst 6 mm.<\/p>\n<p data-start=\"744\" data-end=\"833\">Einheitsgr\u00f6\u00dfe, verstellbar \u00fcber \u00d6sen, mit der M\u00f6glichkeit, den Kordelzug zuzuschneiden.<\/p>\n<p data-start=\"835\" data-end=\"903\">Da es sich um Handarbeit handelt, kann es zu leichten Farbabweichungen kommen.<\/p>\n<p data-start=\"905\" data-end=\"982\">Verpackt mit Original Tamashii Verpackung und Echtheitszertifikat.<\/p>\n","protected":false},"excerpt":{"rendered":"<p>Ein Symbol f\u00fcr Gleichgewicht, Schutz und Harmonie.<\/p>\n","protected":false},"featured_media":194690,"comment_status":"open","ping_status":"closed","template":"","meta":[],"product_brand":[199],"product_cat":[6318],"product_tag":[],"class_list":{"0":"post-195388","1":"product","2":"type-product","3":"status-publish","4":"has-post-thumbnail","6":"product_brand-tamashii","7":"product_cat-tamashii","9":"first","10":"instock","11":"taxable","12":"shipping-taxable","13":"purchasable","14":"product-type-simple"},"exclude_global_add_ons":[],"addons":[],"df_price":42,"df_sale_price":"","df_regular_price":42,"df_image_link":"https:\/\/cdn02.fabioferro.eu\/wp-content\/uploads\/bracciale-tamashii-con-giada-lavanda.jpg","_links":{"self":[{"href":"https:\/\/www.fabioferro.eu\/de\/wp-json\/wp\/v2\/product\/195388","targetHints":{"allow":["GET"]}}],"collection":[{"href":"https:\/\/www.fabioferro.eu\/de\/wp-json\/wp\/v2\/product"}],"about":[{"href":"https:\/\/www.fabioferro.eu\/de\/wp-json\/wp\/v2\/types\/product"}],"replies":[{"embeddable":true,"href":"https:\/\/www.fabioferro.eu\/de\/wp-json\/wp\/v2\/comments?post=195388"}],"version-history":[{"count":0,"href":"https:\/\/www.fabioferro.eu\/de\/wp-json\/wp\/v2\/product\/195388\/revisions"}],"wp:featuredmedia":[{"embeddable":true,"href":"https:\/\/www.fabioferro.eu\/de\/wp-json\/wp\/v2\/media\/194690"}],"wp:attachment":[{"href":"https:\/\/www.fabioferro.eu\/de\/wp-json\/wp\/v2\/media?parent=195388"}],"wp:term":[{"taxonomy":"product_brand","embeddable":true,"href":"https:\/\/www.fabioferro.eu\/de\/wp-json\/wp\/v2\/product_brand?post=195388"},{"taxonomy":"product_cat","embeddable":true,"href":"https:\/\/www.fabioferro.eu\/de\/wp-json\/wp\/v2\/product_cat?post=195388"},{"taxonomy":"product_tag","embeddable":true,"href":"https:\/\/www.fabioferro.eu\/de\/wp-json\/wp\/v2\/product_tag?post=195388"}],"curies":[{"name":"wp","href":"https:\/\/api.w.org\/{rel}","templated":true}]}}