{"id":195405,"date":"2025-09-05T11:06:48","date_gmt":"2025-09-05T09:06:48","guid":{"rendered":"https:\/\/www.fabioferro.eu\/madi-settanta-ohrringe-mit-hydrothermalquarz-orange.html"},"modified":"2025-09-05T11:06:48","modified_gmt":"2025-09-05T09:06:48","slug":"madi-settanta-ohrringe-mit-hydrothermalquarz-orange","status":"publish","type":"product","link":"https:\/\/www.fabioferro.eu\/de\/madi-settanta-ohrringe-mit-hydrothermalquarz-orange.html","title":{"rendered":"Madi Settanta Ohrringe mit Hydrothermalquarz Orange"},"content":{"rendered":"<p data-start=\"89\" data-end=\"161\">Mad\u00ec Ohrringe aus 925er Sterlingsilber mit eleganter Ros\u00e9goldplattierung.<\/p>\n<p data-start=\"163\" data-end=\"276\">Der orangefarbene hydrothermale Quarz l\u00e4sst das Gesicht mit W\u00e4rme und Vitalit\u00e4t erstrahlen und sorgt f\u00fcr einen eleganten und raffinierten Effekt.<\/p>\n<p data-start=\"278\" data-end=\"371\">Einfacher Verschluss f\u00fcr mehr Komfort.<\/p>\n<p data-start=\"373\" data-end=\"459\">Handgefertigt in Italien, Made in Italy.<\/p>\n<p data-start=\"461\" data-end=\"538\">Lieferung in offizieller Mad\u00ec-Verpackung und mit Garantiezertifikat.<\/p>\n","protected":false},"excerpt":{"rendered":"<p>Schmuck, der die nat\u00fcrliche Sch\u00f6nheit der Tr\u00e4gerin betont.<\/p>\n","protected":false},"featured_media":194839,"comment_status":"open","ping_status":"closed","template":"","meta":[],"product_brand":[],"product_cat":[5921],"product_tag":[7442],"class_list":{"0":"post-195405","1":"product","2":"type-product","3":"status-publish","4":"has-post-thumbnail","6":"product_cat-madi-ohrringe","7":"product_tag-verfugbar","9":"first","10":"instock","11":"sale","12":"taxable","13":"shipping-taxable","14":"purchasable","15":"product-type-simple"},"exclude_global_add_ons":[],"addons":[],"df_price":152.55,"df_sale_price":152.55,"df_regular_price":169.5,"df_image_link":"https:\/\/cdn02.fabioferro.eu\/wp-content\/uploads\/orecchini-madi-settanta-con-quarzo-idrotermale-arancio.jpg","_links":{"self":[{"href":"https:\/\/www.fabioferro.eu\/de\/wp-json\/wp\/v2\/product\/195405","targetHints":{"allow":["GET"]}}],"collection":[{"href":"https:\/\/www.fabioferro.eu\/de\/wp-json\/wp\/v2\/product"}],"about":[{"href":"https:\/\/www.fabioferro.eu\/de\/wp-json\/wp\/v2\/types\/product"}],"replies":[{"embeddable":true,"href":"https:\/\/www.fabioferro.eu\/de\/wp-json\/wp\/v2\/comments?post=195405"}],"version-history":[{"count":0,"href":"https:\/\/www.fabioferro.eu\/de\/wp-json\/wp\/v2\/product\/195405\/revisions"}],"wp:featuredmedia":[{"embeddable":true,"href":"https:\/\/www.fabioferro.eu\/de\/wp-json\/wp\/v2\/media\/194839"}],"wp:attachment":[{"href":"https:\/\/www.fabioferro.eu\/de\/wp-json\/wp\/v2\/media?parent=195405"}],"wp:term":[{"taxonomy":"product_brand","embeddable":true,"href":"https:\/\/www.fabioferro.eu\/de\/wp-json\/wp\/v2\/product_brand?post=195405"},{"taxonomy":"product_cat","embeddable":true,"href":"https:\/\/www.fabioferro.eu\/de\/wp-json\/wp\/v2\/product_cat?post=195405"},{"taxonomy":"product_tag","embeddable":true,"href":"https:\/\/www.fabioferro.eu\/de\/wp-json\/wp\/v2\/product_tag?post=195405"}],"curies":[{"name":"wp","href":"https:\/\/api.w.org\/{rel}","templated":true}]}}