{"id":195426,"date":"2025-09-05T11:06:46","date_gmt":"2025-09-05T09:06:46","guid":{"rendered":"https:\/\/www.fabioferro.eu\/madi-settanta-halskette-mit-gruenem-hydrothermalquarz.html"},"modified":"2025-10-18T16:59:56","modified_gmt":"2025-10-18T14:59:56","slug":"madi-settanta-halskette-mit-gruenem-hydrothermalquarz","status":"publish","type":"product","link":"https:\/\/www.fabioferro.eu\/de\/madi-settanta-halskette-mit-gruenem-hydrothermalquarz.html","title":{"rendered":"Madi Settanta Halskette mit gr\u00fcnem Hydrothermalquarz"},"content":{"rendered":"<p data-start=\"147\" data-end=\"217\">Mad\u00ec Halskette aus 925er Silber mit zarter Ros\u00e9goldplattierung.<\/p>\n<p data-start=\"219\" data-end=\"323\">Ein gr\u00fcner hydrothermaler Quarz mit einzigartigen, nat\u00fcrlichen Farbt\u00f6nen f\u00e4ngt das Licht mit diskreter Eleganz ein.<\/p>\n<p data-start=\"325\" data-end=\"421\">Der Karabinerverschluss macht das Tragen einfach und sorgt f\u00fcr Stabilit\u00e4t und Komfort.<\/p>\n<p data-start=\"423\" data-end=\"531\">Handgefertigt in Italien, Hergestellt in Italien.<\/p>\n<p data-start=\"533\" data-end=\"622\">Verpackt in einer eleganten Mad\u00ec-Box, komplett mit offiziellem Garantiezertifikat.<\/p>\n","protected":false},"excerpt":{"rendered":"<p>Ein Schmuckst\u00fcck aus ausgew\u00e4hlten Materialien und mit viel Liebe zum Detail gefertigt.<\/p>\n","protected":false},"featured_media":194857,"comment_status":"open","ping_status":"closed","template":"","meta":[],"product_brand":[],"product_cat":[5951],"product_tag":[7442],"class_list":{"0":"post-195426","1":"product","2":"type-product","3":"status-publish","4":"has-post-thumbnail","6":"product_cat-madi-halsketten","7":"product_tag-verfugbar","9":"first","10":"instock","11":"sale","12":"taxable","13":"shipping-taxable","14":"purchasable","15":"product-type-simple"},"exclude_global_add_ons":[],"addons":[],"df_price":133.2,"df_sale_price":133.2,"df_regular_price":148,"df_image_link":"https:\/\/cdn02.fabioferro.eu\/wp-content\/uploads\/collana-madi-settanta-con-quarzo-idrotermale-verde-1.jpg","_links":{"self":[{"href":"https:\/\/www.fabioferro.eu\/de\/wp-json\/wp\/v2\/product\/195426","targetHints":{"allow":["GET"]}}],"collection":[{"href":"https:\/\/www.fabioferro.eu\/de\/wp-json\/wp\/v2\/product"}],"about":[{"href":"https:\/\/www.fabioferro.eu\/de\/wp-json\/wp\/v2\/types\/product"}],"replies":[{"embeddable":true,"href":"https:\/\/www.fabioferro.eu\/de\/wp-json\/wp\/v2\/comments?post=195426"}],"version-history":[{"count":1,"href":"https:\/\/www.fabioferro.eu\/de\/wp-json\/wp\/v2\/product\/195426\/revisions"}],"predecessor-version":[{"id":199113,"href":"https:\/\/www.fabioferro.eu\/de\/wp-json\/wp\/v2\/product\/195426\/revisions\/199113"}],"wp:featuredmedia":[{"embeddable":true,"href":"https:\/\/www.fabioferro.eu\/de\/wp-json\/wp\/v2\/media\/194857"}],"wp:attachment":[{"href":"https:\/\/www.fabioferro.eu\/de\/wp-json\/wp\/v2\/media?parent=195426"}],"wp:term":[{"taxonomy":"product_brand","embeddable":true,"href":"https:\/\/www.fabioferro.eu\/de\/wp-json\/wp\/v2\/product_brand?post=195426"},{"taxonomy":"product_cat","embeddable":true,"href":"https:\/\/www.fabioferro.eu\/de\/wp-json\/wp\/v2\/product_cat?post=195426"},{"taxonomy":"product_tag","embeddable":true,"href":"https:\/\/www.fabioferro.eu\/de\/wp-json\/wp\/v2\/product_tag?post=195426"}],"curies":[{"name":"wp","href":"https:\/\/api.w.org\/{rel}","templated":true}]}}