{"id":195428,"date":"2025-09-05T11:05:29","date_gmt":"2025-09-05T09:05:29","guid":{"rendered":"https:\/\/www.fabioferro.eu\/klassisches-tibetisches-tamashii-armband-mit-mintgruenem-achat.html"},"modified":"2025-09-05T11:05:29","modified_gmt":"2025-09-05T09:05:29","slug":"klassisches-tibetisches-tamashii-armband-mit-mintgruenem-achat","status":"publish","type":"product","link":"https:\/\/www.fabioferro.eu\/de\/klassisches-tibetisches-tamashii-armband-mit-mintgruenem-achat.html","title":{"rendered":"Klassisches tibetisches Tamashii-Armband mit mintgr\u00fcnem Achat"},"content":{"rendered":"<p data-start=\"92\" data-end=\"270\">Original Tamashii Armband, handgefertigt in Tibet mit mintgr\u00fcnem Achat Geburtsstein.<\/p>\n<p data-start=\"272\" data-end=\"388\">Der Gr\u00fcne Achat f\u00f6rdert Gleichgewicht, Harmonie und Kraft und verwandelt negative Emotionen in Bewusstsein und Weisheit.<\/p>\n<p data-start=\"487\" data-end=\"513\">Jeder Schmuckstein misst 6 mm.<\/p>\n<p data-start=\"515\" data-end=\"604\">Einheitsgr\u00f6\u00dfe, verstellbar \u00fcber \u00d6sen, mit der M\u00f6glichkeit, den Kordelzug zuzuschneiden.<\/p>\n<p data-start=\"606\" data-end=\"674\">Da es handgefertigt ist, ist jedes Armband einzigartig und kann leichte Farbabweichungen aufweisen.<\/p>\n<p data-start=\"676\" data-end=\"753\">Verpackt mit Original Tamashii Verpackung und Echtheitszertifikat.<\/p>\n","protected":false},"excerpt":{"rendered":"<p>Schlichtes Design und nat\u00fcrliche Materialien f\u00fcr zeitlose Attraktivit\u00e4t.<\/p>\n","protected":false},"featured_media":194698,"comment_status":"open","ping_status":"closed","template":"","meta":[],"product_brand":[199],"product_cat":[6318],"product_tag":[7442],"class_list":{"0":"post-195428","1":"product","2":"type-product","3":"status-publish","4":"has-post-thumbnail","6":"product_brand-tamashii","7":"product_cat-tamashii","8":"product_tag-verfugbar","10":"first","11":"instock","12":"taxable","13":"shipping-taxable","14":"purchasable","15":"product-type-simple"},"exclude_global_add_ons":[],"addons":[],"df_price":42,"df_sale_price":"","df_regular_price":42,"df_image_link":"https:\/\/cdn02.fabioferro.eu\/wp-content\/uploads\/bracciale-tamashii-tibetano-classico-con-agata-verde-menta.jpg","_links":{"self":[{"href":"https:\/\/www.fabioferro.eu\/de\/wp-json\/wp\/v2\/product\/195428","targetHints":{"allow":["GET"]}}],"collection":[{"href":"https:\/\/www.fabioferro.eu\/de\/wp-json\/wp\/v2\/product"}],"about":[{"href":"https:\/\/www.fabioferro.eu\/de\/wp-json\/wp\/v2\/types\/product"}],"replies":[{"embeddable":true,"href":"https:\/\/www.fabioferro.eu\/de\/wp-json\/wp\/v2\/comments?post=195428"}],"version-history":[{"count":0,"href":"https:\/\/www.fabioferro.eu\/de\/wp-json\/wp\/v2\/product\/195428\/revisions"}],"wp:featuredmedia":[{"embeddable":true,"href":"https:\/\/www.fabioferro.eu\/de\/wp-json\/wp\/v2\/media\/194698"}],"wp:attachment":[{"href":"https:\/\/www.fabioferro.eu\/de\/wp-json\/wp\/v2\/media?parent=195428"}],"wp:term":[{"taxonomy":"product_brand","embeddable":true,"href":"https:\/\/www.fabioferro.eu\/de\/wp-json\/wp\/v2\/product_brand?post=195428"},{"taxonomy":"product_cat","embeddable":true,"href":"https:\/\/www.fabioferro.eu\/de\/wp-json\/wp\/v2\/product_cat?post=195428"},{"taxonomy":"product_tag","embeddable":true,"href":"https:\/\/www.fabioferro.eu\/de\/wp-json\/wp\/v2\/product_tag?post=195428"}],"curies":[{"name":"wp","href":"https:\/\/api.w.org\/{rel}","templated":true}]}}