{"id":195431,"date":"2025-09-05T11:05:30","date_gmt":"2025-09-05T09:05:30","guid":{"rendered":"https:\/\/www.fabioferro.eu\/tamashii-classic-armband-mit-lapislazuli.html"},"modified":"2025-09-05T11:05:30","modified_gmt":"2025-09-05T09:05:30","slug":"tamashii-classic-armband-mit-lapislazuli","status":"publish","type":"product","link":"https:\/\/www.fabioferro.eu\/de\/tamashii-classic-armband-mit-lapislazuli.html","title":{"rendered":"Tamashii Classic Armband mit Lapislazuli"},"content":{"rendered":"<p data-start=\"91\" data-end=\"264\">Original Tamashii Armband, handgefertigt in Tibet aus nat\u00fcrlichem Lapislazuli Stein und brauner Kordel, gesegnet von buddhistischen M\u00f6nchen.<\/p>\n<p data-start=\"266\" data-end=\"535\">Lapislazuli ist einer der \u00e4ltesten und ber\u00fchmtesten Steine der Geschichte. Wenn Sie ihn tragen, f\u00f6rdert er Ehrlichkeit, Integrit\u00e4t und Best\u00e4ndigkeit und hilft Ihnen, Ihren Werten treu zu bleiben. <\/p>\n<p data-start=\"565\" data-end=\"719\">Dank der Einheitsgr\u00f6\u00dfe, die durch die Schlaufen verstellbar ist, passt das Armband an jedes Handgelenk.<\/p>\n<p data-start=\"565\" data-end=\"719\">Jeder Schmuckstein misst 6 mm.<\/p>\n<p data-start=\"721\" data-end=\"828\">Da es handgefertigt ist, ist jedes Armband einzigartig und kann leichte Farbabweichungen aufweisen.<\/p>\n<p data-start=\"830\" data-end=\"908\">Verpackt mit Original Tamashii Verpackung und Echtheitszertifikat.<\/p>\n","protected":false},"excerpt":{"rendered":"<p>Ein Accessoire, das \u00c4sthetik und spirituellen Wert vereint.<\/p>\n","protected":false},"featured_media":194686,"comment_status":"open","ping_status":"closed","template":"","meta":[],"product_brand":[199],"product_cat":[6318],"product_tag":[],"class_list":{"0":"post-195431","1":"product","2":"type-product","3":"status-publish","4":"has-post-thumbnail","6":"product_brand-tamashii","7":"product_cat-tamashii","9":"first","10":"instock","11":"taxable","12":"shipping-taxable","13":"purchasable","14":"product-type-simple"},"exclude_global_add_ons":[],"addons":[],"df_price":42,"df_sale_price":"","df_regular_price":42,"df_image_link":"https:\/\/cdn02.fabioferro.eu\/wp-content\/uploads\/bracciale-tamashii-classico-con-lapislazzuli.jpg","_links":{"self":[{"href":"https:\/\/www.fabioferro.eu\/de\/wp-json\/wp\/v2\/product\/195431","targetHints":{"allow":["GET"]}}],"collection":[{"href":"https:\/\/www.fabioferro.eu\/de\/wp-json\/wp\/v2\/product"}],"about":[{"href":"https:\/\/www.fabioferro.eu\/de\/wp-json\/wp\/v2\/types\/product"}],"replies":[{"embeddable":true,"href":"https:\/\/www.fabioferro.eu\/de\/wp-json\/wp\/v2\/comments?post=195431"}],"version-history":[{"count":0,"href":"https:\/\/www.fabioferro.eu\/de\/wp-json\/wp\/v2\/product\/195431\/revisions"}],"wp:featuredmedia":[{"embeddable":true,"href":"https:\/\/www.fabioferro.eu\/de\/wp-json\/wp\/v2\/media\/194686"}],"wp:attachment":[{"href":"https:\/\/www.fabioferro.eu\/de\/wp-json\/wp\/v2\/media?parent=195431"}],"wp:term":[{"taxonomy":"product_brand","embeddable":true,"href":"https:\/\/www.fabioferro.eu\/de\/wp-json\/wp\/v2\/product_brand?post=195431"},{"taxonomy":"product_cat","embeddable":true,"href":"https:\/\/www.fabioferro.eu\/de\/wp-json\/wp\/v2\/product_cat?post=195431"},{"taxonomy":"product_tag","embeddable":true,"href":"https:\/\/www.fabioferro.eu\/de\/wp-json\/wp\/v2\/product_tag?post=195431"}],"curies":[{"name":"wp","href":"https:\/\/api.w.org\/{rel}","templated":true}]}}