{"id":195432,"date":"2025-09-05T11:05:31","date_gmt":"2025-09-05T09:05:31","guid":{"rendered":"https:\/\/www.fabioferro.eu\/tamashii-tibetisches-gebetsrad-armband-precious-mix.html"},"modified":"2025-09-05T11:05:31","modified_gmt":"2025-09-05T09:05:31","slug":"tamashii-tibetisches-gebetsrad-armband-precious-mix","status":"publish","type":"product","link":"https:\/\/www.fabioferro.eu\/de\/tamashii-tibetisches-gebetsrad-armband-precious-mix.html","title":{"rendered":"Tamashii Tibetisches Gebetsrad-Armband Precious Mix"},"content":{"rendered":"<p data-start=\"263\" data-end=\"459\">Original Tamashii-Armband, handgefertigt in Tibet mit nat\u00fcrlichen Edelsteinen aus Smaragd, Rubin und Saphir.<\/p>\n<p data-start=\"461\" data-end=\"647\">Der Smaragd f\u00f6rdert das innere Gleichgewicht und das gegenseitige Verst\u00e4ndnis. Der Rubin steht f\u00fcr Lebensenergie, Liebe und Leidenschaft. Der Saphir ist ein Symbol f\u00fcr Entschlossenheit, Weisheit und Vertrauen.  <\/p>\n<p data-start=\"779\" data-end=\"805\">Jeder Schmuckstein misst 8 mm.<\/p>\n<p data-start=\"807\" data-end=\"961\">Dank der Einheitsgr\u00f6\u00dfe, die durch die Schlaufen verstellbar ist, passt das Armband an jedes Handgelenk.<\/p>\n<p data-start=\"963\" data-end=\"1070\">Da es sich um ein handgefertigtes Produkt handelt, k\u00f6nnen leichte Farbabweichungen von den Bildern auftreten.<\/p>\n<p data-start=\"1072\" data-end=\"1149\">Verpackt mit Original Tamashii Verpackung und Echtheitszertifikat.<\/p>\n","protected":false},"excerpt":{"rendered":"<p>Ein vielseitiges Schmuckst\u00fcck voller authentischer Symbolik.<\/p>\n","protected":false},"featured_media":194672,"comment_status":"open","ping_status":"closed","template":"","meta":[],"product_brand":[199],"product_cat":[6318],"product_tag":[],"class_list":{"0":"post-195432","1":"product","2":"type-product","3":"status-publish","4":"has-post-thumbnail","6":"product_brand-tamashii","7":"product_cat-tamashii","9":"first","10":"instock","11":"taxable","12":"shipping-taxable","13":"purchasable","14":"product-type-simple"},"exclude_global_add_ons":[],"addons":[],"df_price":307,"df_sale_price":"","df_regular_price":307,"df_image_link":"https:\/\/cdn02.fabioferro.eu\/wp-content\/uploads\/bracciale-tamashii-tibetano-ruota-della-preghiera-preziosa-mix.jpg","_links":{"self":[{"href":"https:\/\/www.fabioferro.eu\/de\/wp-json\/wp\/v2\/product\/195432","targetHints":{"allow":["GET"]}}],"collection":[{"href":"https:\/\/www.fabioferro.eu\/de\/wp-json\/wp\/v2\/product"}],"about":[{"href":"https:\/\/www.fabioferro.eu\/de\/wp-json\/wp\/v2\/types\/product"}],"replies":[{"embeddable":true,"href":"https:\/\/www.fabioferro.eu\/de\/wp-json\/wp\/v2\/comments?post=195432"}],"version-history":[{"count":0,"href":"https:\/\/www.fabioferro.eu\/de\/wp-json\/wp\/v2\/product\/195432\/revisions"}],"wp:featuredmedia":[{"embeddable":true,"href":"https:\/\/www.fabioferro.eu\/de\/wp-json\/wp\/v2\/media\/194672"}],"wp:attachment":[{"href":"https:\/\/www.fabioferro.eu\/de\/wp-json\/wp\/v2\/media?parent=195432"}],"wp:term":[{"taxonomy":"product_brand","embeddable":true,"href":"https:\/\/www.fabioferro.eu\/de\/wp-json\/wp\/v2\/product_brand?post=195432"},{"taxonomy":"product_cat","embeddable":true,"href":"https:\/\/www.fabioferro.eu\/de\/wp-json\/wp\/v2\/product_cat?post=195432"},{"taxonomy":"product_tag","embeddable":true,"href":"https:\/\/www.fabioferro.eu\/de\/wp-json\/wp\/v2\/product_tag?post=195432"}],"curies":[{"name":"wp","href":"https:\/\/api.w.org\/{rel}","templated":true}]}}