{"id":195434,"date":"2025-09-05T11:05:31","date_gmt":"2025-09-05T09:05:31","guid":{"rendered":"https:\/\/www.fabioferro.eu\/tamashii-tibetische-jade-wassermelone-armband.html"},"modified":"2025-09-05T11:05:31","modified_gmt":"2025-09-05T09:05:31","slug":"tamashii-tibetische-jade-wassermelone-armband","status":"publish","type":"product","link":"https:\/\/www.fabioferro.eu\/de\/tamashii-tibetische-jade-wassermelone-armband.html","title":{"rendered":"Tamashii Tibetische Jade Wassermelone Armband"},"content":{"rendered":"<p data-start=\"95\" data-end=\"275\">Original Tamashii Armband, handgefertigt in Tibet mit nat\u00fcrlichem Jade-Wassermelonenstein und brauner Kordel, gesegnet von buddhistischen M\u00f6nchen.<\/p>\n<p data-start=\"277\" data-end=\"536\">Jade gilt seit jeher als Gl\u00fccksstein. Die Wassermelonen-Variante bringt Freude und hilft, negative Energien zu beseitigen und f\u00f6rdert Ausgeglichenheit und innere Gelassenheit. <\/p>\n<p data-start=\"538\" data-end=\"564\">Jeder Stein misst 8 mm.<\/p>\n<p data-start=\"566\" data-end=\"717\">Die Einheitsgr\u00f6\u00dfe, die \u00fcber die integrierten Schlaufen verstellbar ist, passt sich problemlos jedem Handgelenk an. Der Kordelzug kann nach der Anprobe gek\u00fcrzt werden. <\/p>\n<p data-start=\"719\" data-end=\"821\">Da es sich um ein handgefertigtes Produkt handelt, sind leichte Farbabweichungen von den Bildern m\u00f6glich.<\/p>\n<p data-start=\"823\" data-end=\"918\">Das Armband wird mit Originalverpackung und Echtheitszertifikat von Tamashii geliefert.<\/p>\n","protected":false},"excerpt":{"rendered":"<p>Ein Armband, das Tradition und Spiritualit\u00e4t symbolisiert.<\/p>\n","protected":false},"featured_media":194679,"comment_status":"open","ping_status":"closed","template":"","meta":[],"product_brand":[199],"product_cat":[6318],"product_tag":[],"class_list":{"0":"post-195434","1":"product","2":"type-product","3":"status-publish","4":"has-post-thumbnail","6":"product_brand-tamashii","7":"product_cat-tamashii","9":"first","10":"instock","11":"taxable","12":"shipping-taxable","13":"purchasable","14":"product-type-simple"},"exclude_global_add_ons":[],"addons":[],"df_price":42,"df_sale_price":"","df_regular_price":42,"df_image_link":"https:\/\/cdn02.fabioferro.eu\/wp-content\/uploads\/bracciale-tamashii-tibetano-giada-watermelon.jpg","_links":{"self":[{"href":"https:\/\/www.fabioferro.eu\/de\/wp-json\/wp\/v2\/product\/195434","targetHints":{"allow":["GET"]}}],"collection":[{"href":"https:\/\/www.fabioferro.eu\/de\/wp-json\/wp\/v2\/product"}],"about":[{"href":"https:\/\/www.fabioferro.eu\/de\/wp-json\/wp\/v2\/types\/product"}],"replies":[{"embeddable":true,"href":"https:\/\/www.fabioferro.eu\/de\/wp-json\/wp\/v2\/comments?post=195434"}],"version-history":[{"count":0,"href":"https:\/\/www.fabioferro.eu\/de\/wp-json\/wp\/v2\/product\/195434\/revisions"}],"wp:featuredmedia":[{"embeddable":true,"href":"https:\/\/www.fabioferro.eu\/de\/wp-json\/wp\/v2\/media\/194679"}],"wp:attachment":[{"href":"https:\/\/www.fabioferro.eu\/de\/wp-json\/wp\/v2\/media?parent=195434"}],"wp:term":[{"taxonomy":"product_brand","embeddable":true,"href":"https:\/\/www.fabioferro.eu\/de\/wp-json\/wp\/v2\/product_brand?post=195434"},{"taxonomy":"product_cat","embeddable":true,"href":"https:\/\/www.fabioferro.eu\/de\/wp-json\/wp\/v2\/product_cat?post=195434"},{"taxonomy":"product_tag","embeddable":true,"href":"https:\/\/www.fabioferro.eu\/de\/wp-json\/wp\/v2\/product_tag?post=195434"}],"curies":[{"name":"wp","href":"https:\/\/api.w.org\/{rel}","templated":true}]}}