{"id":195441,"date":"2025-09-09T07:45:46","date_gmt":"2025-09-09T05:45:46","guid":{"rendered":"https:\/\/www.fabioferro.eu\/madi-wave-ring-mit-hellblauem-hydrothermalquarz.html"},"modified":"2025-09-09T07:45:46","modified_gmt":"2025-09-09T05:45:46","slug":"madi-wave-ring-mit-hellblauem-hydrothermalquarz","status":"publish","type":"product","link":"https:\/\/www.fabioferro.eu\/de\/madi-wave-ring-mit-hellblauem-hydrothermalquarz.html","title":{"rendered":"Madi Wave Ring mit hellblauem Hydrothermalquarz"},"content":{"rendered":"<p>Solit\u00e4rring Mad\u00ec aus ros\u00e9vergoldetem 925er Silber.<\/p>\n<p>Pr\u00e4sentiert einen hydrothermalen Quarz in blauer Farbe.<\/p>\n<p>Harmonisches und leichtes Design, konzipiert, um Komfort und Stil bei jeder Gelegenheit zu garantieren.<\/p>\n<p>Hergestellt von italienischen Handwerkern, Made in Italy.<\/p>\n<p>Wird mit zwei Jahren Garantie, offizieller Box und Einkaufstasche geliefert.<\/p>\n","protected":false},"excerpt":{"rendered":"<p>Ein raffinierter Ring f\u00fcr alle, die schlichte und unverwechselbare Eleganz suchen.<\/p>\n","protected":false},"featured_media":195130,"comment_status":"open","ping_status":"closed","template":"","meta":[],"product_brand":[],"product_cat":[7595],"product_tag":[],"class_list":{"0":"post-195441","1":"product","2":"type-product","3":"status-publish","4":"has-post-thumbnail","6":"product_cat-madi-ringe-de","8":"first","9":"instock","10":"sale","11":"taxable","12":"shipping-taxable","13":"purchasable","14":"product-type-variable","15":"has-default-attributes"},"exclude_global_add_ons":[],"addons":[],"df_price":121.5,"df_sale_price":"","df_regular_price":121.5,"df_image_link":"https:\/\/cdn02.fabioferro.eu\/wp-content\/uploads\/anello-madi-onda-con-quarzo-idrotermale-azzurro.jpg","_links":{"self":[{"href":"https:\/\/www.fabioferro.eu\/de\/wp-json\/wp\/v2\/product\/195441","targetHints":{"allow":["GET"]}}],"collection":[{"href":"https:\/\/www.fabioferro.eu\/de\/wp-json\/wp\/v2\/product"}],"about":[{"href":"https:\/\/www.fabioferro.eu\/de\/wp-json\/wp\/v2\/types\/product"}],"replies":[{"embeddable":true,"href":"https:\/\/www.fabioferro.eu\/de\/wp-json\/wp\/v2\/comments?post=195441"}],"version-history":[{"count":0,"href":"https:\/\/www.fabioferro.eu\/de\/wp-json\/wp\/v2\/product\/195441\/revisions"}],"wp:featuredmedia":[{"embeddable":true,"href":"https:\/\/www.fabioferro.eu\/de\/wp-json\/wp\/v2\/media\/195130"}],"wp:attachment":[{"href":"https:\/\/www.fabioferro.eu\/de\/wp-json\/wp\/v2\/media?parent=195441"}],"wp:term":[{"taxonomy":"product_brand","embeddable":true,"href":"https:\/\/www.fabioferro.eu\/de\/wp-json\/wp\/v2\/product_brand?post=195441"},{"taxonomy":"product_cat","embeddable":true,"href":"https:\/\/www.fabioferro.eu\/de\/wp-json\/wp\/v2\/product_cat?post=195441"},{"taxonomy":"product_tag","embeddable":true,"href":"https:\/\/www.fabioferro.eu\/de\/wp-json\/wp\/v2\/product_tag?post=195441"}],"curies":[{"name":"wp","href":"https:\/\/api.w.org\/{rel}","templated":true}]}}