{"id":195442,"date":"2025-09-09T07:45:47","date_gmt":"2025-09-09T05:45:47","guid":{"rendered":"https:\/\/www.fabioferro.eu\/madi-onda-ring-mit-gruenem-hydrothermalem-quarz.html"},"modified":"2025-10-13T19:49:26","modified_gmt":"2025-10-13T17:49:26","slug":"madi-onda-ring-mit-gruenem-hydrothermalem-quarz","status":"publish","type":"product","link":"https:\/\/www.fabioferro.eu\/de\/madi-onda-ring-mit-gruenem-hydrothermalem-quarz.html","title":{"rendered":"Madi Onda Ring mit gr\u00fcnem hydrothermalem Quarz"},"content":{"rendered":"<p>Solit\u00e4rring, komplett aus ros\u00e9farbenem 925er Silber.<\/p>\n<p>Einzigartiger hydrothermaler Quarz von bescheidener Gr\u00f6\u00dfe in Gr\u00fcn.<\/p>\n<p>Handgefertigt in Italien, Made in Italy.<\/p>\n<p>Wird mit offizieller Mad\u00ec-Box, zweij\u00e4hriger Garantie und Einkaufstasche geliefert.<\/p>\n","protected":false},"excerpt":{"rendered":"<p>Ein Ring, der klares Design, Raffinesse und Komfort vereint, signiert von Mad\u00ec.<\/p>\n","protected":false},"featured_media":195114,"comment_status":"open","ping_status":"closed","template":"","meta":[],"product_brand":[],"product_cat":[7595],"product_tag":[7442],"class_list":{"0":"post-195442","1":"product","2":"type-product","3":"status-publish","4":"has-post-thumbnail","6":"product_cat-madi-ringe-de","7":"product_tag-verfugbar","9":"first","10":"instock","11":"sale","12":"taxable","13":"shipping-taxable","14":"purchasable","15":"product-type-variable","16":"has-default-attributes"},"exclude_global_add_ons":[],"addons":[],"df_price":121.5,"df_sale_price":"","df_regular_price":121.5,"df_image_link":"https:\/\/cdn02.fabioferro.eu\/wp-content\/uploads\/anello-madi-onda-con-quarzo-idrotermale-verde.jpg","_links":{"self":[{"href":"https:\/\/www.fabioferro.eu\/de\/wp-json\/wp\/v2\/product\/195442","targetHints":{"allow":["GET"]}}],"collection":[{"href":"https:\/\/www.fabioferro.eu\/de\/wp-json\/wp\/v2\/product"}],"about":[{"href":"https:\/\/www.fabioferro.eu\/de\/wp-json\/wp\/v2\/types\/product"}],"replies":[{"embeddable":true,"href":"https:\/\/www.fabioferro.eu\/de\/wp-json\/wp\/v2\/comments?post=195442"}],"version-history":[{"count":1,"href":"https:\/\/www.fabioferro.eu\/de\/wp-json\/wp\/v2\/product\/195442\/revisions"}],"predecessor-version":[{"id":197761,"href":"https:\/\/www.fabioferro.eu\/de\/wp-json\/wp\/v2\/product\/195442\/revisions\/197761"}],"wp:featuredmedia":[{"embeddable":true,"href":"https:\/\/www.fabioferro.eu\/de\/wp-json\/wp\/v2\/media\/195114"}],"wp:attachment":[{"href":"https:\/\/www.fabioferro.eu\/de\/wp-json\/wp\/v2\/media?parent=195442"}],"wp:term":[{"taxonomy":"product_brand","embeddable":true,"href":"https:\/\/www.fabioferro.eu\/de\/wp-json\/wp\/v2\/product_brand?post=195442"},{"taxonomy":"product_cat","embeddable":true,"href":"https:\/\/www.fabioferro.eu\/de\/wp-json\/wp\/v2\/product_cat?post=195442"},{"taxonomy":"product_tag","embeddable":true,"href":"https:\/\/www.fabioferro.eu\/de\/wp-json\/wp\/v2\/product_tag?post=195442"}],"curies":[{"name":"wp","href":"https:\/\/api.w.org\/{rel}","templated":true}]}}