{"id":195474,"date":"2025-09-05T11:05:24","date_gmt":"2025-09-05T09:05:24","guid":{"rendered":"https:\/\/www.fabioferro.eu\/klassisches-tibetisches-tamashii-armband-mit-suedafrikanischem-tuerkis.html"},"modified":"2025-09-05T11:05:24","modified_gmt":"2025-09-05T09:05:24","slug":"klassisches-tibetisches-tamashii-armband-mit-suedafrikanischem-tuerkis","status":"publish","type":"product","link":"https:\/\/www.fabioferro.eu\/de\/klassisches-tibetisches-tamashii-armband-mit-suedafrikanischem-tuerkis.html","title":{"rendered":"Klassisches tibetisches Tamashii-Armband mit s\u00fcdafrikanischem T\u00fcrkis"},"content":{"rendered":"<p data-start=\"59\" data-end=\"251\">Original Tamashii Armband, handgefertigt in Tibet mit 8 mm gro\u00dfen s\u00fcdafrikanischen T\u00fcrkis-Natursteinen.<\/p>\n<p data-start=\"59\" data-end=\"251\">Das Besondere an Tamashii Armb\u00e4ndern ist, dass sie von buddhistischen M\u00f6nchen gesegnet werden.<\/p>\n<p data-start=\"253\" data-end=\"484\">Der s\u00fcdafrikanische T\u00fcrkis mit seinen gr\u00fcnen und blauen Farbt\u00f6nen ist ein Stein, der mit innerer Ruhe, Reinheit und geistiger Klarheit assoziiert wird. Er f\u00f6rdert die emotionale Stabilit\u00e4t, reduziert die Neigung zur Opferhaltung und st\u00e4rkt die Intuition. <\/p>\n<p data-start=\"486\" data-end=\"627\">Die Gesamtl\u00e4nge des Armbands betr\u00e4gt 24,00 cm, aber es kann bis zu 18,00 cm getragen werden. Praktischer Knopfverschluss aus Metall. <\/p>\n<p data-start=\"629\" data-end=\"753\">Da es sich um ein handgefertigtes Schmuckst\u00fcck handelt, kann jedes St\u00fcck leichte Nuancen aufweisen.<\/p>\n<p data-start=\"755\" data-end=\"832\">Neues Produkt in Originalverpackung mit authentischer Tamashii-Garantie.<\/p>\n","protected":false},"excerpt":{"rendered":"<p>Ein Accessoire, das nat\u00fcrliche \u00c4sthetik und tiefe Werte vereint.<\/p>\n","protected":false},"featured_media":194761,"comment_status":"open","ping_status":"closed","template":"","meta":[],"product_brand":[199],"product_cat":[6318],"product_tag":[],"class_list":{"0":"post-195474","1":"product","2":"type-product","3":"status-publish","4":"has-post-thumbnail","6":"product_brand-tamashii","7":"product_cat-tamashii","9":"first","10":"instock","11":"taxable","12":"shipping-taxable","13":"purchasable","14":"product-type-simple"},"exclude_global_add_ons":[],"addons":[],"df_price":42,"df_sale_price":"","df_regular_price":42,"df_image_link":"https:\/\/cdn02.fabioferro.eu\/wp-content\/uploads\/bracciale-tamashii-tibetano-classico-con-turchese-sudafricano.jpg","_links":{"self":[{"href":"https:\/\/www.fabioferro.eu\/de\/wp-json\/wp\/v2\/product\/195474","targetHints":{"allow":["GET"]}}],"collection":[{"href":"https:\/\/www.fabioferro.eu\/de\/wp-json\/wp\/v2\/product"}],"about":[{"href":"https:\/\/www.fabioferro.eu\/de\/wp-json\/wp\/v2\/types\/product"}],"replies":[{"embeddable":true,"href":"https:\/\/www.fabioferro.eu\/de\/wp-json\/wp\/v2\/comments?post=195474"}],"version-history":[{"count":0,"href":"https:\/\/www.fabioferro.eu\/de\/wp-json\/wp\/v2\/product\/195474\/revisions"}],"wp:featuredmedia":[{"embeddable":true,"href":"https:\/\/www.fabioferro.eu\/de\/wp-json\/wp\/v2\/media\/194761"}],"wp:attachment":[{"href":"https:\/\/www.fabioferro.eu\/de\/wp-json\/wp\/v2\/media?parent=195474"}],"wp:term":[{"taxonomy":"product_brand","embeddable":true,"href":"https:\/\/www.fabioferro.eu\/de\/wp-json\/wp\/v2\/product_brand?post=195474"},{"taxonomy":"product_cat","embeddable":true,"href":"https:\/\/www.fabioferro.eu\/de\/wp-json\/wp\/v2\/product_cat?post=195474"},{"taxonomy":"product_tag","embeddable":true,"href":"https:\/\/www.fabioferro.eu\/de\/wp-json\/wp\/v2\/product_tag?post=195474"}],"curies":[{"name":"wp","href":"https:\/\/api.w.org\/{rel}","templated":true}]}}