{"id":195475,"date":"2025-09-05T11:05:24","date_gmt":"2025-09-05T09:05:24","guid":{"rendered":"https:\/\/www.fabioferro.eu\/tamashii-tibetan-classic-naturperlen-armband-2.html"},"modified":"2025-09-05T11:05:24","modified_gmt":"2025-09-05T09:05:24","slug":"tamashii-tibetan-classic-naturperlen-armband-2","status":"publish","type":"product","link":"https:\/\/www.fabioferro.eu\/de\/tamashii-tibetan-classic-naturperlen-armband-2.html","title":{"rendered":"Tamashii Tibetan Classic Naturperlen Armband"},"content":{"rendered":"<p data-start=\"69\" data-end=\"236\">Tamashii Armband handgefertigt in Tibet mit 8 mm Naturperlen, gesegnet von buddhistischen M\u00f6nchen.<\/p>\n<p data-start=\"238\" data-end=\"384\">Nat\u00fcrliche Perlen gelten als Symbol f\u00fcr Authentizit\u00e4t und Loyalit\u00e4t, f\u00f6rdern das innere Gleichgewicht und helfen, die emotionale Stabilit\u00e4t zu erhalten.<\/p>\n<p data-start=\"386\" data-end=\"565\">Die verstellbare Einheitsgr\u00f6\u00dfe passt dank der integrierten Schlaufen an jedes Handgelenk. Der Kordelzug kann nach dem Tragen f\u00fcr eine optimale Passform gek\u00fcrzt werden. <\/p>\n<p data-start=\"567\" data-end=\"661\">Da es sich um ein handgefertigtes Schmuckst\u00fcck handelt, kann jedes St\u00fcck leichte Nuancen aufweisen.<\/p>\n<p data-start=\"663\" data-end=\"763\">Das Armband wird mit der Originalverpackung von Tamashii und einer Echtheitserkl\u00e4rung geliefert.<\/p>\n","protected":false},"excerpt":{"rendered":"<p>Ein authentisches Armband, das einen einzigartigen Stil repr\u00e4sentiert.<\/p>\n","protected":false},"featured_media":194756,"comment_status":"open","ping_status":"closed","template":"","meta":[],"product_brand":[199],"product_cat":[6318],"product_tag":[],"class_list":{"0":"post-195475","1":"product","2":"type-product","3":"status-publish","4":"has-post-thumbnail","6":"product_brand-tamashii","7":"product_cat-tamashii","9":"first","10":"instock","11":"taxable","12":"shipping-taxable","13":"purchasable","14":"product-type-simple"},"exclude_global_add_ons":[],"addons":[],"df_price":42,"df_sale_price":"","df_regular_price":42,"df_image_link":"https:\/\/cdn02.fabioferro.eu\/wp-content\/uploads\/bracciale-tamashii-tibetano-classico-perla-naturale-1.jpg","_links":{"self":[{"href":"https:\/\/www.fabioferro.eu\/de\/wp-json\/wp\/v2\/product\/195475","targetHints":{"allow":["GET"]}}],"collection":[{"href":"https:\/\/www.fabioferro.eu\/de\/wp-json\/wp\/v2\/product"}],"about":[{"href":"https:\/\/www.fabioferro.eu\/de\/wp-json\/wp\/v2\/types\/product"}],"replies":[{"embeddable":true,"href":"https:\/\/www.fabioferro.eu\/de\/wp-json\/wp\/v2\/comments?post=195475"}],"version-history":[{"count":0,"href":"https:\/\/www.fabioferro.eu\/de\/wp-json\/wp\/v2\/product\/195475\/revisions"}],"wp:featuredmedia":[{"embeddable":true,"href":"https:\/\/www.fabioferro.eu\/de\/wp-json\/wp\/v2\/media\/194756"}],"wp:attachment":[{"href":"https:\/\/www.fabioferro.eu\/de\/wp-json\/wp\/v2\/media?parent=195475"}],"wp:term":[{"taxonomy":"product_brand","embeddable":true,"href":"https:\/\/www.fabioferro.eu\/de\/wp-json\/wp\/v2\/product_brand?post=195475"},{"taxonomy":"product_cat","embeddable":true,"href":"https:\/\/www.fabioferro.eu\/de\/wp-json\/wp\/v2\/product_cat?post=195475"},{"taxonomy":"product_tag","embeddable":true,"href":"https:\/\/www.fabioferro.eu\/de\/wp-json\/wp\/v2\/product_tag?post=195475"}],"curies":[{"name":"wp","href":"https:\/\/api.w.org\/{rel}","templated":true}]}}