{"id":195479,"date":"2025-09-05T11:05:23","date_gmt":"2025-09-05T09:05:23","guid":{"rendered":"https:\/\/www.fabioferro.eu\/tamashii-tibetan-classic-armband-mit-grauem-hawkeye-stein.html"},"modified":"2025-09-05T11:05:23","modified_gmt":"2025-09-05T09:05:23","slug":"tamashii-tibetan-classic-armband-mit-grauem-hawkeye-stein","status":"publish","type":"product","link":"https:\/\/www.fabioferro.eu\/de\/tamashii-tibetan-classic-armband-mit-grauem-hawkeye-stein.html","title":{"rendered":"Tamashii Tibetan Classic Armband mit grauem Hawkeye Stein"},"content":{"rendered":"<p data-start=\"133\" data-end=\"327\">Original Tamashii-Armband, handgefertigt in Tibet mit nat\u00fcrlichen 8 mm grauen Hawkeye-Steinen, gesegnet von buddhistischen M\u00f6nchen.<\/p>\n<p data-start=\"329\" data-end=\"543\">Der graue Falke mit seinen vielen leuchtenden Farbt\u00f6nen f\u00f6rdert das Verst\u00e4ndnis, die Klarheit und die Vision der eigenen Lebenspl\u00e4ne und hilft dabei, den Zusammenhang zwischen scheinbar zuf\u00e4lligen Ereignissen zu erkennen.<\/p>\n<p data-start=\"545\" data-end=\"675\">Die Gesamtl\u00e4nge des Armbands betr\u00e4gt 24,00 cm, aber es kann bis zu 18,00 cm getragen werden. Praktischer Knopfverschluss aus Metall. <\/p>\n<p data-start=\"677\" data-end=\"748\">Jedes St\u00fcck ist ein Unikat und kann kleine Farbunterschiede aufweisen.<\/p>\n<p data-start=\"750\" data-end=\"827\">Verpackt mit Original Tamashii Verpackung und Echtheitszertifikat.<\/p>\n","protected":false},"excerpt":{"rendered":"<p>Ein einzigartiges Accessoire, das jeden Moment des Tages begleitet.<\/p>\n","protected":false},"featured_media":194767,"comment_status":"open","ping_status":"closed","template":"","meta":[],"product_brand":[199],"product_cat":[6318],"product_tag":[],"class_list":{"0":"post-195479","1":"product","2":"type-product","3":"status-publish","4":"has-post-thumbnail","6":"product_brand-tamashii","7":"product_cat-tamashii","9":"first","10":"instock","11":"taxable","12":"shipping-taxable","13":"purchasable","14":"product-type-simple"},"exclude_global_add_ons":[],"addons":[],"df_price":42,"df_sale_price":"","df_regular_price":42,"df_image_link":"https:\/\/cdn02.fabioferro.eu\/wp-content\/uploads\/bracciale-tamashii-tibetano-classico-con-pietra-occhio-di-falco-grigio.jpg","_links":{"self":[{"href":"https:\/\/www.fabioferro.eu\/de\/wp-json\/wp\/v2\/product\/195479","targetHints":{"allow":["GET"]}}],"collection":[{"href":"https:\/\/www.fabioferro.eu\/de\/wp-json\/wp\/v2\/product"}],"about":[{"href":"https:\/\/www.fabioferro.eu\/de\/wp-json\/wp\/v2\/types\/product"}],"replies":[{"embeddable":true,"href":"https:\/\/www.fabioferro.eu\/de\/wp-json\/wp\/v2\/comments?post=195479"}],"version-history":[{"count":0,"href":"https:\/\/www.fabioferro.eu\/de\/wp-json\/wp\/v2\/product\/195479\/revisions"}],"wp:featuredmedia":[{"embeddable":true,"href":"https:\/\/www.fabioferro.eu\/de\/wp-json\/wp\/v2\/media\/194767"}],"wp:attachment":[{"href":"https:\/\/www.fabioferro.eu\/de\/wp-json\/wp\/v2\/media?parent=195479"}],"wp:term":[{"taxonomy":"product_brand","embeddable":true,"href":"https:\/\/www.fabioferro.eu\/de\/wp-json\/wp\/v2\/product_brand?post=195479"},{"taxonomy":"product_cat","embeddable":true,"href":"https:\/\/www.fabioferro.eu\/de\/wp-json\/wp\/v2\/product_cat?post=195479"},{"taxonomy":"product_tag","embeddable":true,"href":"https:\/\/www.fabioferro.eu\/de\/wp-json\/wp\/v2\/product_tag?post=195479"}],"curies":[{"name":"wp","href":"https:\/\/api.w.org\/{rel}","templated":true}]}}