{"id":195481,"date":"2025-09-05T11:05:25","date_gmt":"2025-09-05T09:05:25","guid":{"rendered":"https:\/\/www.fabioferro.eu\/tamashii-tibetanisches-gebetsrad-achat-rotes-passionsarmband.html"},"modified":"2025-09-05T11:05:25","modified_gmt":"2025-09-05T09:05:25","slug":"tamashii-tibetanisches-gebetsrad-achat-rotes-passionsarmband","status":"publish","type":"product","link":"https:\/\/www.fabioferro.eu\/de\/tamashii-tibetanisches-gebetsrad-achat-rotes-passionsarmband.html","title":{"rendered":"Tamashii Tibetanisches Gebetsrad Achat Rotes Passionsarmband"},"content":{"rendered":"<p data-start=\"106\" data-end=\"326\">Tamashii Armband aus der Wheel of Prayer Linie, handgefertigt in Tibet mit nat\u00fcrlichen roten Achatsteinen aus Leidenschaft.<\/p>\n<p data-start=\"328\" data-end=\"467\">Der Rote Achat Passion strahlt positive Energie, Schutz und Mut aus und stimuliert Vitalit\u00e4t, Leidenschaft und die Suche nach innerem Wissen.<\/p>\n<p data-start=\"469\" data-end=\"587\">Das Kugelrad aus 925er Silber ist mit dem Mantra &#8216;Om Mani Padme H\u016bm&#8217; des Buddha des Mitgef\u00fchls, Cenresig, graviert.<\/p>\n<p data-start=\"589\" data-end=\"615\">Jeder Stein des Armbands misst 8 mm.<\/p>\n<p data-start=\"617\" data-end=\"747\">Die Einheitsgr\u00f6\u00dfe, die durch \u00d6sen verstellbar ist, passt sich jedem Handgelenk an. Der Kordelzug kann nach der Anprobe fertiggestellt werden. <\/p>\n<p data-start=\"749\" data-end=\"833\">Da es sich um ein handgefertigtes Produkt handelt, kann es zu leichten Farbabweichungen kommen.<\/p>\n<p data-start=\"835\" data-end=\"912\">Verpackt mit Original Tamashii Verpackung und Echtheitszertifikat.<\/p>\n","protected":false},"excerpt":{"rendered":"<p>Ein originelles Accessoire f\u00fcr alle, die authentische Details lieben.<\/p>\n","protected":false},"featured_media":194734,"comment_status":"open","ping_status":"closed","template":"","meta":[],"product_brand":[199],"product_cat":[6318],"product_tag":[],"class_list":{"0":"post-195481","1":"product","2":"type-product","3":"status-publish","4":"has-post-thumbnail","6":"product_brand-tamashii","7":"product_cat-tamashii","9":"first","10":"instock","11":"taxable","12":"shipping-taxable","13":"purchasable","14":"product-type-simple"},"exclude_global_add_ons":[],"addons":[],"df_price":69,"df_sale_price":"","df_regular_price":69,"df_image_link":"https:\/\/cdn02.fabioferro.eu\/wp-content\/uploads\/bracciale-tamashii-tibetano-ruota-della-preghiera-agata-rosso-passione.jpg","_links":{"self":[{"href":"https:\/\/www.fabioferro.eu\/de\/wp-json\/wp\/v2\/product\/195481","targetHints":{"allow":["GET"]}}],"collection":[{"href":"https:\/\/www.fabioferro.eu\/de\/wp-json\/wp\/v2\/product"}],"about":[{"href":"https:\/\/www.fabioferro.eu\/de\/wp-json\/wp\/v2\/types\/product"}],"replies":[{"embeddable":true,"href":"https:\/\/www.fabioferro.eu\/de\/wp-json\/wp\/v2\/comments?post=195481"}],"version-history":[{"count":0,"href":"https:\/\/www.fabioferro.eu\/de\/wp-json\/wp\/v2\/product\/195481\/revisions"}],"wp:featuredmedia":[{"embeddable":true,"href":"https:\/\/www.fabioferro.eu\/de\/wp-json\/wp\/v2\/media\/194734"}],"wp:attachment":[{"href":"https:\/\/www.fabioferro.eu\/de\/wp-json\/wp\/v2\/media?parent=195481"}],"wp:term":[{"taxonomy":"product_brand","embeddable":true,"href":"https:\/\/www.fabioferro.eu\/de\/wp-json\/wp\/v2\/product_brand?post=195481"},{"taxonomy":"product_cat","embeddable":true,"href":"https:\/\/www.fabioferro.eu\/de\/wp-json\/wp\/v2\/product_cat?post=195481"},{"taxonomy":"product_tag","embeddable":true,"href":"https:\/\/www.fabioferro.eu\/de\/wp-json\/wp\/v2\/product_tag?post=195481"}],"curies":[{"name":"wp","href":"https:\/\/api.w.org\/{rel}","templated":true}]}}