{"id":195486,"date":"2025-09-05T11:05:22","date_gmt":"2025-09-05T09:05:22","guid":{"rendered":"https:\/\/www.fabioferro.eu\/klassisches-tibetisches-tamashii-armband-mit-orangefarbenem-calcit-stein.html"},"modified":"2025-09-05T11:05:22","modified_gmt":"2025-09-05T09:05:22","slug":"klassisches-tibetisches-tamashii-armband-mit-orangefarbenem-calcit-stein","status":"publish","type":"product","link":"https:\/\/www.fabioferro.eu\/de\/klassisches-tibetisches-tamashii-armband-mit-orangefarbenem-calcit-stein.html","title":{"rendered":"Klassisches tibetisches Tamashii-Armband mit orangefarbenem Calcit-Stein"},"content":{"rendered":"<p data-start=\"278\" data-end=\"429\">Original Tamashii Armband mit 8 mm orangefarbenen Calcit-Steinen, handgefertigt in Tibet.<\/p>\n<p data-start=\"431\" data-end=\"555\">Orangencalcit ist ein Stein, der Energie und Optimismus vermittelt und das Selbstwertgef\u00fchl und das Vertrauen in die eigenen F\u00e4higkeiten st\u00e4rkt.<\/p>\n<p data-start=\"557\" data-end=\"645\">Das Armband ist dank der integrierten Schlaufen verstellbar und kann individuell angepasst werden.<\/p>\n<p data-start=\"647\" data-end=\"730\">Da das Armband aus Natursteinen gefertigt ist, kann es leichte Farbabweichungen aufweisen.<\/p>\n<p data-start=\"732\" data-end=\"807\">Von buddhistischen M\u00f6nchen gesegnet.<\/p>\n<p data-start=\"732\" data-end=\"807\">Pr\u00e4sentiert in der Original Tamashii Box mit Echtheitszertifikat.<\/p>\n","protected":false},"excerpt":{"rendered":"<p>Ein Armband, das durch die orange Farbe des Calcits Energie und Vitalit\u00e4t vermittelt.<\/p>\n","protected":false},"featured_media":194774,"comment_status":"open","ping_status":"closed","template":"","meta":[],"product_brand":[199],"product_cat":[6318],"product_tag":[],"class_list":{"0":"post-195486","1":"product","2":"type-product","3":"status-publish","4":"has-post-thumbnail","6":"product_brand-tamashii","7":"product_cat-tamashii","9":"first","10":"instock","11":"taxable","12":"shipping-taxable","13":"purchasable","14":"product-type-simple"},"exclude_global_add_ons":[],"addons":[],"df_price":42,"df_sale_price":"","df_regular_price":42,"df_image_link":"https:\/\/cdn02.fabioferro.eu\/wp-content\/uploads\/bracciale-tamashii-tibetano-classico-con-pietra-calcite-arancione.jpg","_links":{"self":[{"href":"https:\/\/www.fabioferro.eu\/de\/wp-json\/wp\/v2\/product\/195486","targetHints":{"allow":["GET"]}}],"collection":[{"href":"https:\/\/www.fabioferro.eu\/de\/wp-json\/wp\/v2\/product"}],"about":[{"href":"https:\/\/www.fabioferro.eu\/de\/wp-json\/wp\/v2\/types\/product"}],"replies":[{"embeddable":true,"href":"https:\/\/www.fabioferro.eu\/de\/wp-json\/wp\/v2\/comments?post=195486"}],"version-history":[{"count":0,"href":"https:\/\/www.fabioferro.eu\/de\/wp-json\/wp\/v2\/product\/195486\/revisions"}],"wp:featuredmedia":[{"embeddable":true,"href":"https:\/\/www.fabioferro.eu\/de\/wp-json\/wp\/v2\/media\/194774"}],"wp:attachment":[{"href":"https:\/\/www.fabioferro.eu\/de\/wp-json\/wp\/v2\/media?parent=195486"}],"wp:term":[{"taxonomy":"product_brand","embeddable":true,"href":"https:\/\/www.fabioferro.eu\/de\/wp-json\/wp\/v2\/product_brand?post=195486"},{"taxonomy":"product_cat","embeddable":true,"href":"https:\/\/www.fabioferro.eu\/de\/wp-json\/wp\/v2\/product_cat?post=195486"},{"taxonomy":"product_tag","embeddable":true,"href":"https:\/\/www.fabioferro.eu\/de\/wp-json\/wp\/v2\/product_tag?post=195486"}],"curies":[{"name":"wp","href":"https:\/\/api.w.org\/{rel}","templated":true}]}}