{"id":195559,"date":"2025-09-09T07:42:30","date_gmt":"2025-09-09T05:42:30","guid":{"rendered":"https:\/\/www.fabioferro.eu\/giovanni-raspini-petit-perlage-anhaenger-halskette.html"},"modified":"2025-10-13T19:49:45","modified_gmt":"2025-10-13T17:49:45","slug":"giovanni-raspini-petit-perlage-anhaenger-halskette","status":"publish","type":"product","link":"https:\/\/www.fabioferro.eu\/de\/giovanni-raspini-petit-perlage-anhaenger-halskette.html","title":{"rendered":"Giovanni Raspini Petit Perlage Anh\u00e4nger Halskette"},"content":{"rendered":"<p class=\"p1\">Kreisf\u00f6rmige Anh\u00e4nger-Halskette aus 925er Sterlingsilber.<\/p>\n<p class=\"p1\">Der Anh\u00e4nger ist mit der charakteristischen Perlierung verziert, einem Symbol f\u00fcr Eleganz und Handwerkskunst.<\/p>\n<p class=\"p1\">Die L\u00e4nge der Halskette betr\u00e4gt 80 cm, die \u00fcber die Endringe verstellt werden kann.<\/p>\n<p class=\"p1\">Klassischer Karabinerhakenverschluss, praktisch und sicher.<\/p>\n<p class=\"p1\">Hergestellt in Italien, Hergestellt in Italien.<\/p>\n<p class=\"p1\">Mit Box und offizieller Garantie von Giovanni Raspini.<\/p>\n","protected":false},"excerpt":{"rendered":"<p class=\"p1\">Ein eleganter Vorschlag, der f\u00fcr jeden Stil geeignet ist.<\/p>\n","protected":false},"featured_media":193803,"comment_status":"open","ping_status":"closed","template":"","meta":[],"product_brand":[],"product_cat":[7568],"product_tag":[7551],"class_list":{"0":"post-195559","1":"product","2":"type-product","3":"status-publish","4":"has-post-thumbnail","6":"product_cat-giovanni-raspini-halsketten","7":"product_tag-ausschlusse","9":"first","10":"instock","11":"taxable","12":"shipping-taxable","13":"purchasable","14":"product-type-simple"},"exclude_global_add_ons":[],"addons":[],"df_price":430,"df_sale_price":"","df_regular_price":430,"df_image_link":"https:\/\/cdn02.fabioferro.eu\/wp-content\/uploads\/collana-giovanni-raspini-petit-perlage-pendente.jpg","_links":{"self":[{"href":"https:\/\/www.fabioferro.eu\/de\/wp-json\/wp\/v2\/product\/195559","targetHints":{"allow":["GET"]}}],"collection":[{"href":"https:\/\/www.fabioferro.eu\/de\/wp-json\/wp\/v2\/product"}],"about":[{"href":"https:\/\/www.fabioferro.eu\/de\/wp-json\/wp\/v2\/types\/product"}],"replies":[{"embeddable":true,"href":"https:\/\/www.fabioferro.eu\/de\/wp-json\/wp\/v2\/comments?post=195559"}],"version-history":[{"count":1,"href":"https:\/\/www.fabioferro.eu\/de\/wp-json\/wp\/v2\/product\/195559\/revisions"}],"predecessor-version":[{"id":197789,"href":"https:\/\/www.fabioferro.eu\/de\/wp-json\/wp\/v2\/product\/195559\/revisions\/197789"}],"wp:featuredmedia":[{"embeddable":true,"href":"https:\/\/www.fabioferro.eu\/de\/wp-json\/wp\/v2\/media\/193803"}],"wp:attachment":[{"href":"https:\/\/www.fabioferro.eu\/de\/wp-json\/wp\/v2\/media?parent=195559"}],"wp:term":[{"taxonomy":"product_brand","embeddable":true,"href":"https:\/\/www.fabioferro.eu\/de\/wp-json\/wp\/v2\/product_brand?post=195559"},{"taxonomy":"product_cat","embeddable":true,"href":"https:\/\/www.fabioferro.eu\/de\/wp-json\/wp\/v2\/product_cat?post=195559"},{"taxonomy":"product_tag","embeddable":true,"href":"https:\/\/www.fabioferro.eu\/de\/wp-json\/wp\/v2\/product_tag?post=195559"}],"curies":[{"name":"wp","href":"https:\/\/api.w.org\/{rel}","templated":true}]}}