{"id":196483,"date":"2025-09-26T11:01:55","date_gmt":"2025-09-26T09:01:55","guid":{"rendered":"https:\/\/www.fabioferro.eu\/?post_type=product&#038;p=196483.html"},"modified":"2025-10-25T15:42:10","modified_gmt":"2025-10-25T13:42:10","slug":"seiko-spb531j1-prospex-land-alpinist-auto-39-5mm","status":"publish","type":"product","link":"https:\/\/www.fabioferro.eu\/de\/seiko-spb531j1-prospex-land-alpinist-auto-39-5mm.html","title":{"rendered":"Seiko SPB531J1 Prospex Land Alpinist Auto 39.5mm"},"content":{"rendered":"<p>Seiko SPB531J1 mit mechanischem Automatikwerk, Kaliber 6R35 mit 41 Stunden Gangreserve, 24 Lagersteinen.<\/p>\n<p>Geh\u00e4use aus Edelstahl, Durchmesser 39,5 mm, Dicke 13,2 mm, Breite 46,4 mm.<\/p>\n<p>Verschraubte Krone und Boden, einseitig drehbare L\u00fcnette. Drehbarer innerer Kompassring.<\/p>\n<p>Gew\u00f6lbtes Saphirglas, innen beschichtet zur Entspiegelung.<\/p>\n<p>Armband aus Kalbsleder, Druckknopfverschluss.<\/p>\n<p>Blaues Zifferblatt mit vergoldeten Lumibrite-Zeigern und -Indizes f\u00fcr die Anzeige im Dunkeln. Seiko-Logo bei 12 Uhr, Datumsanzeige bei 3 Uhr mit Vergr\u00f6\u00dferungsglas.<\/p>\n<p>Limitierte Auflage.<\/p>\n<p>Die Uhr wird von der Garantie und der Seiko-Verpackung begleitet.<\/p>\n","protected":false},"excerpt":{"rendered":"<p>Seiko SPB531J1 , ein ganz eigener Stil und Farben, die Seiko Alpinist ist die Verk\u00f6rperung des Charakters des Mannes aus den Bergen.<\/p>\n","protected":false},"featured_media":196487,"comment_status":"open","ping_status":"closed","template":"","meta":[],"product_brand":[202],"product_cat":[5985],"product_tag":[],"class_list":{"0":"post-196483","1":"product","2":"type-product","3":"status-publish","4":"has-post-thumbnail","6":"product_brand-seiko","7":"product_cat-seiko-herrenuhren","8":"pa_collezione-seiko-prospex-de","10":"first","11":"instock","12":"sale","13":"taxable","14":"shipping-taxable","15":"purchasable","16":"product-type-simple"},"exclude_global_add_ons":[],"addons":[],"df_price":756.5,"df_sale_price":756.5,"df_regular_price":890,"df_image_link":"https:\/\/cdn02.fabioferro.eu\/wp-content\/uploads\/Seiko-SPB531J1-Prospex-Land-Alpinist-Auto-395mm.jpg","_links":{"self":[{"href":"https:\/\/www.fabioferro.eu\/de\/wp-json\/wp\/v2\/product\/196483","targetHints":{"allow":["GET"]}}],"collection":[{"href":"https:\/\/www.fabioferro.eu\/de\/wp-json\/wp\/v2\/product"}],"about":[{"href":"https:\/\/www.fabioferro.eu\/de\/wp-json\/wp\/v2\/types\/product"}],"replies":[{"embeddable":true,"href":"https:\/\/www.fabioferro.eu\/de\/wp-json\/wp\/v2\/comments?post=196483"}],"version-history":[{"count":1,"href":"https:\/\/www.fabioferro.eu\/de\/wp-json\/wp\/v2\/product\/196483\/revisions"}],"predecessor-version":[{"id":196606,"href":"https:\/\/www.fabioferro.eu\/de\/wp-json\/wp\/v2\/product\/196483\/revisions\/196606"}],"wp:featuredmedia":[{"embeddable":true,"href":"https:\/\/www.fabioferro.eu\/de\/wp-json\/wp\/v2\/media\/196487"}],"wp:attachment":[{"href":"https:\/\/www.fabioferro.eu\/de\/wp-json\/wp\/v2\/media?parent=196483"}],"wp:term":[{"taxonomy":"product_brand","embeddable":true,"href":"https:\/\/www.fabioferro.eu\/de\/wp-json\/wp\/v2\/product_brand?post=196483"},{"taxonomy":"product_cat","embeddable":true,"href":"https:\/\/www.fabioferro.eu\/de\/wp-json\/wp\/v2\/product_cat?post=196483"},{"taxonomy":"product_tag","embeddable":true,"href":"https:\/\/www.fabioferro.eu\/de\/wp-json\/wp\/v2\/product_tag?post=196483"}],"curies":[{"name":"wp","href":"https:\/\/api.w.org\/{rel}","templated":true}]}}