{"id":196965,"date":"2025-10-04T07:55:57","date_gmt":"2025-10-04T05:55:57","guid":{"rendered":"https:\/\/www.fabioferro.eu\/brieftasche-kartenetui-giovanni-raspini-schwarzes-krokoleder-93-x-10-cm.html"},"modified":"2025-10-13T19:48:55","modified_gmt":"2025-10-13T17:48:55","slug":"brieftasche-kartenetui-giovanni-raspini-schwarzes-krokoleder-93-x-10-cm","status":"publish","type":"product","link":"https:\/\/www.fabioferro.eu\/de\/brieftasche-kartenetui-giovanni-raspini-schwarzes-krokoleder-93-x-10-cm.html","title":{"rendered":"Brieftasche Kartenetui Giovanni Raspini Schwarzes Krokoleder 9,3 x 10 cm"},"content":{"rendered":"<p data-start=\"112\" data-end=\"206\">Schwarze Brieftasche aus Kalbsleder mit gl\u00e4nzendem Krokodil-Effekt.<\/p>\n<p data-start=\"208\" data-end=\"327\">Sie ist kompakt und dennoch \u00e4u\u00dferst funktionell und verf\u00fcgt \u00fcber 12 Kartenf\u00e4cher und ein zentrales Fach f\u00fcr Bargeld oder Dokumente.<\/p>\n<p data-start=\"329\" data-end=\"411\">Krawattenverschluss mit Druckknopf, f\u00fcr ein sicheres und praktisches Accessoire.<\/p>\n<p data-start=\"413\" data-end=\"482\">Schwarzes Futter aus Moir\u00e9-Stoff f\u00fcr einen Hauch von Raffinesse.<\/p>\n<p data-start=\"484\" data-end=\"555\">Verziert mit einem Krokodil-Logo aus 925er Sterlingsilber.<\/p>\n<p data-start=\"557\" data-end=\"582\">Ma\u00dfe 9,3 x 10 cm.<\/p>\n<p data-start=\"584\" data-end=\"644\">Handgefertigt in Italien, Made in Italy.<\/p>\n<p data-start=\"646\" data-end=\"713\">Mit Box und offizieller Garantie von Giovanni Raspini.<\/p>\n","protected":false},"excerpt":{"rendered":"<p>Funktionelles Accessoire mit gut durchdachten F\u00e4chern und modernem Design.<\/p>\n","protected":false},"featured_media":195600,"comment_status":"open","ping_status":"closed","template":"","meta":[],"product_brand":[155],"product_cat":[7472],"product_tag":[7442],"class_list":{"0":"post-196965","1":"product","2":"type-product","3":"status-publish","4":"has-post-thumbnail","6":"product_brand-raspini","7":"product_cat-giovanni-raspini-geldborsen","8":"product_tag-verfugbar","10":"first","11":"instock","12":"sale","13":"taxable","14":"shipping-taxable","15":"purchasable","16":"product-type-simple"},"exclude_global_add_ons":[],"addons":[],"df_price":189,"df_sale_price":189,"df_regular_price":210,"df_image_link":"https:\/\/cdn02.fabioferro.eu\/wp-content\/uploads\/portafoglio-portacarte-giovanni-raspini-pelle-croco-nera-93-x-10-cm.jpg","_links":{"self":[{"href":"https:\/\/www.fabioferro.eu\/de\/wp-json\/wp\/v2\/product\/196965","targetHints":{"allow":["GET"]}}],"collection":[{"href":"https:\/\/www.fabioferro.eu\/de\/wp-json\/wp\/v2\/product"}],"about":[{"href":"https:\/\/www.fabioferro.eu\/de\/wp-json\/wp\/v2\/types\/product"}],"replies":[{"embeddable":true,"href":"https:\/\/www.fabioferro.eu\/de\/wp-json\/wp\/v2\/comments?post=196965"}],"version-history":[{"count":1,"href":"https:\/\/www.fabioferro.eu\/de\/wp-json\/wp\/v2\/product\/196965\/revisions"}],"predecessor-version":[{"id":197744,"href":"https:\/\/www.fabioferro.eu\/de\/wp-json\/wp\/v2\/product\/196965\/revisions\/197744"}],"wp:featuredmedia":[{"embeddable":true,"href":"https:\/\/www.fabioferro.eu\/de\/wp-json\/wp\/v2\/media\/195600"}],"wp:attachment":[{"href":"https:\/\/www.fabioferro.eu\/de\/wp-json\/wp\/v2\/media?parent=196965"}],"wp:term":[{"taxonomy":"product_brand","embeddable":true,"href":"https:\/\/www.fabioferro.eu\/de\/wp-json\/wp\/v2\/product_brand?post=196965"},{"taxonomy":"product_cat","embeddable":true,"href":"https:\/\/www.fabioferro.eu\/de\/wp-json\/wp\/v2\/product_cat?post=196965"},{"taxonomy":"product_tag","embeddable":true,"href":"https:\/\/www.fabioferro.eu\/de\/wp-json\/wp\/v2\/product_tag?post=196965"}],"curies":[{"name":"wp","href":"https:\/\/api.w.org\/{rel}","templated":true}]}}