{"id":196970,"date":"2025-10-04T07:56:27","date_gmt":"2025-10-04T05:56:27","guid":{"rendered":"https:\/\/www.fabioferro.eu\/giovanni-raspini-kartenetui-mit-reissverschluss-krokoleder-burgund-85-x-105-cm.html"},"modified":"2025-10-13T19:48:59","modified_gmt":"2025-10-13T17:48:59","slug":"giovanni-raspini-kartenetui-mit-reissverschluss-krokoleder-burgund-85-x-105-cm","status":"publish","type":"product","link":"https:\/\/www.fabioferro.eu\/de\/giovanni-raspini-kartenetui-mit-reissverschluss-krokoleder-burgund-85-x-105-cm.html","title":{"rendered":"Giovanni Raspini Kartenetui mit Rei\u00dfverschluss Krokoleder Burgund 8,5 x 10,5 cm"},"content":{"rendered":"<p data-start=\"80\" data-end=\"166\">Kartenetui aus burgunderfarbenem Kalbsleder mit Krokodil-Effekt.<\/p>\n<p data-start=\"168\" data-end=\"309\">Sie ist kompakt und praktisch und hat vier Seitenf\u00e4cher f\u00fcr Karten und ein zentrales Rei\u00dfverschlussfach f\u00fcr Bargeld oder kleine Gegenst\u00e4nde.<\/p>\n<p data-start=\"311\" data-end=\"373\">Schwarzes Futter aus Moir\u00e9-Stoff.<\/p>\n<p data-start=\"375\" data-end=\"444\">Logo mit Krokodil aus Sterlingsilber.<\/p>\n<p data-start=\"446\" data-end=\"473\">Ma\u00dfe 8,5 x 10,5 cm.<\/p>\n<p data-start=\"475\" data-end=\"535\">Handgefertigt in Italien aus hochwertigen Materialien.<\/p>\n<p data-start=\"537\" data-end=\"604\">Mit Box und offizieller Garantie von Giovanni Raspini.<\/p>\n","protected":false},"excerpt":{"rendered":"<p>Ein raffiniertes Design, das Ihre Karten stets griffbereit h\u00e4lt.<\/p>\n","protected":false},"featured_media":195629,"comment_status":"open","ping_status":"closed","template":"","meta":[],"product_brand":[155],"product_cat":[7472],"product_tag":[7442],"class_list":{"0":"post-196970","1":"product","2":"type-product","3":"status-publish","4":"has-post-thumbnail","6":"product_brand-raspini","7":"product_cat-giovanni-raspini-geldborsen","8":"product_tag-verfugbar","10":"first","11":"instock","12":"sale","13":"taxable","14":"shipping-taxable","15":"purchasable","16":"product-type-simple"},"exclude_global_add_ons":[],"addons":[],"df_price":153,"df_sale_price":153,"df_regular_price":170,"df_image_link":"https:\/\/cdn02.fabioferro.eu\/wp-content\/uploads\/portacarte-giovanni-raspini-con-zip-pelle-croco-borgogna-85-x-105-cm.jpg","_links":{"self":[{"href":"https:\/\/www.fabioferro.eu\/de\/wp-json\/wp\/v2\/product\/196970","targetHints":{"allow":["GET"]}}],"collection":[{"href":"https:\/\/www.fabioferro.eu\/de\/wp-json\/wp\/v2\/product"}],"about":[{"href":"https:\/\/www.fabioferro.eu\/de\/wp-json\/wp\/v2\/types\/product"}],"replies":[{"embeddable":true,"href":"https:\/\/www.fabioferro.eu\/de\/wp-json\/wp\/v2\/comments?post=196970"}],"version-history":[{"count":1,"href":"https:\/\/www.fabioferro.eu\/de\/wp-json\/wp\/v2\/product\/196970\/revisions"}],"predecessor-version":[{"id":197746,"href":"https:\/\/www.fabioferro.eu\/de\/wp-json\/wp\/v2\/product\/196970\/revisions\/197746"}],"wp:featuredmedia":[{"embeddable":true,"href":"https:\/\/www.fabioferro.eu\/de\/wp-json\/wp\/v2\/media\/195629"}],"wp:attachment":[{"href":"https:\/\/www.fabioferro.eu\/de\/wp-json\/wp\/v2\/media?parent=196970"}],"wp:term":[{"taxonomy":"product_brand","embeddable":true,"href":"https:\/\/www.fabioferro.eu\/de\/wp-json\/wp\/v2\/product_brand?post=196970"},{"taxonomy":"product_cat","embeddable":true,"href":"https:\/\/www.fabioferro.eu\/de\/wp-json\/wp\/v2\/product_cat?post=196970"},{"taxonomy":"product_tag","embeddable":true,"href":"https:\/\/www.fabioferro.eu\/de\/wp-json\/wp\/v2\/product_tag?post=196970"}],"curies":[{"name":"wp","href":"https:\/\/api.w.org\/{rel}","templated":true}]}}