{"id":196971,"date":"2025-10-04T07:55:54","date_gmt":"2025-10-04T05:55:54","guid":{"rendered":"https:\/\/www.fabioferro.eu\/pochette-giovanni-raspini-dschungel-krokoleder-burgund-11-x-19-x-35-cm.html"},"modified":"2025-10-04T07:55:54","modified_gmt":"2025-10-04T05:55:54","slug":"pochette-giovanni-raspini-dschungel-krokoleder-burgund-11-x-19-x-35-cm","status":"publish","type":"product","link":"https:\/\/www.fabioferro.eu\/de\/pochette-giovanni-raspini-dschungel-krokoleder-burgund-11-x-19-x-35-cm.html","title":{"rendered":"Pochette Giovanni Raspini Dschungel Krokoleder Burgund 11 x 19 x 3,5 cm"},"content":{"rendered":"<p data-start=\"118\" data-end=\"218\">Dschungel-Clutch-Tasche aus feinem bordeauxfarbenem Kalbsleder mit gl\u00e4nzendem Krokodil-Effekt.<\/p>\n<p data-start=\"220\" data-end=\"429\">Ein exklusives Accessoire, das Eleganz und Funktionalit\u00e4t vereint: Die Schmuckschlie\u00dfe zeigt einen Leoparden in Wei\u00dfbronze, der auf einem ovalen Kristall mit Facettenschliff ruht.<\/p>\n<p data-start=\"431\" data-end=\"580\">Ausgestattet mit einem verdeckten Druckknopf und einem inneren Metallrei\u00dfverschluss f\u00fcr zus\u00e4tzlichen Komfort, bietet das Innere ein spezielles Fach f\u00fcr wichtige Dinge.<\/p>\n<p data-start=\"582\" data-end=\"715\">Die 120 cm lange abnehmbare Schulterkette erm\u00f6glicht es, sie als Clutch in der Hand oder \u00fcber der Schulter zu tragen und passt sich so jedem Stil an.<\/p>\n<p data-start=\"717\" data-end=\"756\">Das Innenfutter ist aus schwarzem Moir\u00e9-Stoff gefertigt.<\/p>\n<p data-start=\"758\" data-end=\"788\">Ma\u00dfe der Clutch: 11 x 19 x 3,5 cm.<\/p>\n<p data-start=\"790\" data-end=\"850\">Handgefertigt in Italien aus hochwertigen Materialien.<\/p>\n<p data-start=\"852\" data-end=\"919\">Wird mit der offiziellen Giovanni Raspini-Box und Garantie geliefert.<\/p>\n","protected":false},"excerpt":{"rendered":"<p>Raffiniert und exklusiv, aber vor allem erstaunlich ger\u00e4umig.<\/p>\n","protected":false},"featured_media":195654,"comment_status":"open","ping_status":"closed","template":"","meta":[],"product_brand":[155],"product_cat":[7472],"product_tag":[],"class_list":{"0":"post-196971","1":"product","2":"type-product","3":"status-publish","4":"has-post-thumbnail","6":"product_brand-raspini","7":"product_cat-giovanni-raspini-geldborsen","9":"first","10":"instock","11":"sale","12":"taxable","13":"shipping-taxable","14":"purchasable","15":"product-type-simple"},"exclude_global_add_ons":[],"addons":[],"df_price":351,"df_sale_price":351,"df_regular_price":390,"df_image_link":"https:\/\/cdn02.fabioferro.eu\/wp-content\/uploads\/pochette-giovanni-raspini-jungle-pelle-croco-borgogna-11-x-19-x-35-cm.jpg","_links":{"self":[{"href":"https:\/\/www.fabioferro.eu\/de\/wp-json\/wp\/v2\/product\/196971","targetHints":{"allow":["GET"]}}],"collection":[{"href":"https:\/\/www.fabioferro.eu\/de\/wp-json\/wp\/v2\/product"}],"about":[{"href":"https:\/\/www.fabioferro.eu\/de\/wp-json\/wp\/v2\/types\/product"}],"replies":[{"embeddable":true,"href":"https:\/\/www.fabioferro.eu\/de\/wp-json\/wp\/v2\/comments?post=196971"}],"version-history":[{"count":0,"href":"https:\/\/www.fabioferro.eu\/de\/wp-json\/wp\/v2\/product\/196971\/revisions"}],"wp:featuredmedia":[{"embeddable":true,"href":"https:\/\/www.fabioferro.eu\/de\/wp-json\/wp\/v2\/media\/195654"}],"wp:attachment":[{"href":"https:\/\/www.fabioferro.eu\/de\/wp-json\/wp\/v2\/media?parent=196971"}],"wp:term":[{"taxonomy":"product_brand","embeddable":true,"href":"https:\/\/www.fabioferro.eu\/de\/wp-json\/wp\/v2\/product_brand?post=196971"},{"taxonomy":"product_cat","embeddable":true,"href":"https:\/\/www.fabioferro.eu\/de\/wp-json\/wp\/v2\/product_cat?post=196971"},{"taxonomy":"product_tag","embeddable":true,"href":"https:\/\/www.fabioferro.eu\/de\/wp-json\/wp\/v2\/product_tag?post=196971"}],"curies":[{"name":"wp","href":"https:\/\/api.w.org\/{rel}","templated":true}]}}