{"id":196973,"date":"2025-10-04T07:55:58","date_gmt":"2025-10-04T05:55:58","guid":{"rendered":"https:\/\/www.fabioferro.eu\/brieftasche-kartenetui-giovanni-raspini-leder-kroko-burgund-93-x-10-cm.html"},"modified":"2025-10-13T19:48:40","modified_gmt":"2025-10-13T17:48:40","slug":"brieftasche-kartenetui-giovanni-raspini-leder-kroko-burgund-93-x-10-cm","status":"publish","type":"product","link":"https:\/\/www.fabioferro.eu\/de\/brieftasche-kartenetui-giovanni-raspini-leder-kroko-burgund-93-x-10-cm.html","title":{"rendered":"Brieftasche Kartenetui Giovanni Raspini Leder Kroko Burgund 9,3 x 10 cm"},"content":{"rendered":"<p data-start=\"92\" data-end=\"190\">Portemonnaie aus burgunderfarbenem Kalbsleder mit Kroko-Effekt, signiert von Giovanni Raspini.<\/p>\n<p data-start=\"192\" data-end=\"309\">Sie ist kompakt, aber extrem ger\u00e4umig und verf\u00fcgt \u00fcber 12 Kartenf\u00e4cher und ein zentrales Fach f\u00fcr Bargeld oder Dokumente.<\/p>\n<p data-start=\"311\" data-end=\"421\">Bandverschluss mit Druckknopf, f\u00fcr ein praktisches und sicheres Accessoire, ohne auf Stil zu verzichten.<\/p>\n<p data-start=\"423\" data-end=\"462\">Schwarzes Futter aus Moir\u00e9-Stoff.<\/p>\n<p data-start=\"464\" data-end=\"533\">Hier ist das Krokodil-Logo aus 925er Sterlingsilber.<\/p>\n<p data-start=\"535\" data-end=\"560\">Ma\u00dfe 9,3 x 10 cm.<\/p>\n<p data-start=\"562\" data-end=\"622\">Handgefertigt in Italien aus hochwertigen Materialien.<\/p>\n<p data-start=\"624\" data-end=\"691\">Mit Box und offizieller Garantie von Giovanni Raspini.<\/p>\n","protected":false},"excerpt":{"rendered":"<p>Ein kompaktes, aber \u00fcberraschend ger\u00e4umiges Accessoire.<\/p>\n","protected":false},"featured_media":195640,"comment_status":"open","ping_status":"closed","template":"","meta":[],"product_brand":[155],"product_cat":[7472],"product_tag":[7442],"class_list":{"0":"post-196973","1":"product","2":"type-product","3":"status-publish","4":"has-post-thumbnail","6":"product_brand-raspini","7":"product_cat-giovanni-raspini-geldborsen","8":"product_tag-verfugbar","10":"first","11":"instock","12":"sale","13":"taxable","14":"shipping-taxable","15":"purchasable","16":"product-type-simple"},"exclude_global_add_ons":[],"addons":[],"df_price":189,"df_sale_price":189,"df_regular_price":210,"df_image_link":"https:\/\/cdn02.fabioferro.eu\/wp-content\/uploads\/portafoglio-portacarte-giovanni-raspini-pelle-croco-borgogna-93-x-10-cm.jpg","_links":{"self":[{"href":"https:\/\/www.fabioferro.eu\/de\/wp-json\/wp\/v2\/product\/196973","targetHints":{"allow":["GET"]}}],"collection":[{"href":"https:\/\/www.fabioferro.eu\/de\/wp-json\/wp\/v2\/product"}],"about":[{"href":"https:\/\/www.fabioferro.eu\/de\/wp-json\/wp\/v2\/types\/product"}],"replies":[{"embeddable":true,"href":"https:\/\/www.fabioferro.eu\/de\/wp-json\/wp\/v2\/comments?post=196973"}],"version-history":[{"count":1,"href":"https:\/\/www.fabioferro.eu\/de\/wp-json\/wp\/v2\/product\/196973\/revisions"}],"predecessor-version":[{"id":197737,"href":"https:\/\/www.fabioferro.eu\/de\/wp-json\/wp\/v2\/product\/196973\/revisions\/197737"}],"wp:featuredmedia":[{"embeddable":true,"href":"https:\/\/www.fabioferro.eu\/de\/wp-json\/wp\/v2\/media\/195640"}],"wp:attachment":[{"href":"https:\/\/www.fabioferro.eu\/de\/wp-json\/wp\/v2\/media?parent=196973"}],"wp:term":[{"taxonomy":"product_brand","embeddable":true,"href":"https:\/\/www.fabioferro.eu\/de\/wp-json\/wp\/v2\/product_brand?post=196973"},{"taxonomy":"product_cat","embeddable":true,"href":"https:\/\/www.fabioferro.eu\/de\/wp-json\/wp\/v2\/product_cat?post=196973"},{"taxonomy":"product_tag","embeddable":true,"href":"https:\/\/www.fabioferro.eu\/de\/wp-json\/wp\/v2\/product_tag?post=196973"}],"curies":[{"name":"wp","href":"https:\/\/api.w.org\/{rel}","templated":true}]}}