{"id":196975,"date":"2025-10-04T07:55:54","date_gmt":"2025-10-04T05:55:54","guid":{"rendered":"https:\/\/www.fabioferro.eu\/brieftasche-giovanni-raspini-leder-kroko-burgund-9-x-11-cm.html"},"modified":"2025-10-13T19:48:30","modified_gmt":"2025-10-13T17:48:30","slug":"brieftasche-giovanni-raspini-leder-kroko-burgund-9-x-11-cm","status":"publish","type":"product","link":"https:\/\/www.fabioferro.eu\/de\/brieftasche-giovanni-raspini-leder-kroko-burgund-9-x-11-cm.html","title":{"rendered":"Brieftasche Giovanni Raspini Leder Kroko Burgund 9 x 11 cm"},"content":{"rendered":"<p data-start=\"90\" data-end=\"186\">Klassische Brieftasche aus bordeauxfarbenem Kalbsleder mit gl\u00e4nzender Krokodiloptik.<\/p>\n<p data-start=\"188\" data-end=\"322\">Horizontale \u00d6ffnung mit gut organisierten F\u00e4chern: sechs Kartenf\u00e4cher, ein zentrales Banknotenfach und zwei zus\u00e4tzliche Innenf\u00e4cher.<\/p>\n<p data-start=\"461\" data-end=\"484\">Ma\u00dfe 9 x 11 cm.<\/p>\n<p data-start=\"486\" data-end=\"546\">Handgefertigt in Italien aus hochwertigen Materialien.<\/p>\n<p data-start=\"548\" data-end=\"615\">Mit Box und offizieller Garantie von Giovanni Raspini.<\/p>\n","protected":false},"excerpt":{"rendered":"<p>Elegantes Accessoire, das Funktionalit\u00e4t und feine Details vereint.<\/p>\n","protected":false},"featured_media":195634,"comment_status":"open","ping_status":"closed","template":"","meta":[],"product_brand":[155],"product_cat":[7472],"product_tag":[7442],"class_list":{"0":"post-196975","1":"product","2":"type-product","3":"status-publish","4":"has-post-thumbnail","6":"product_brand-raspini","7":"product_cat-giovanni-raspini-geldborsen","8":"product_tag-verfugbar","10":"first","11":"instock","12":"sale","13":"taxable","14":"shipping-taxable","15":"purchasable","16":"product-type-simple"},"exclude_global_add_ons":[],"addons":[],"df_price":189,"df_sale_price":189,"df_regular_price":210,"df_image_link":"https:\/\/cdn02.fabioferro.eu\/wp-content\/uploads\/portafoglio-giovanni-raspini-pelle-croco-borgogna-9-x-11-cm.jpg","_links":{"self":[{"href":"https:\/\/www.fabioferro.eu\/de\/wp-json\/wp\/v2\/product\/196975","targetHints":{"allow":["GET"]}}],"collection":[{"href":"https:\/\/www.fabioferro.eu\/de\/wp-json\/wp\/v2\/product"}],"about":[{"href":"https:\/\/www.fabioferro.eu\/de\/wp-json\/wp\/v2\/types\/product"}],"replies":[{"embeddable":true,"href":"https:\/\/www.fabioferro.eu\/de\/wp-json\/wp\/v2\/comments?post=196975"}],"version-history":[{"count":1,"href":"https:\/\/www.fabioferro.eu\/de\/wp-json\/wp\/v2\/product\/196975\/revisions"}],"predecessor-version":[{"id":197723,"href":"https:\/\/www.fabioferro.eu\/de\/wp-json\/wp\/v2\/product\/196975\/revisions\/197723"}],"wp:featuredmedia":[{"embeddable":true,"href":"https:\/\/www.fabioferro.eu\/de\/wp-json\/wp\/v2\/media\/195634"}],"wp:attachment":[{"href":"https:\/\/www.fabioferro.eu\/de\/wp-json\/wp\/v2\/media?parent=196975"}],"wp:term":[{"taxonomy":"product_brand","embeddable":true,"href":"https:\/\/www.fabioferro.eu\/de\/wp-json\/wp\/v2\/product_brand?post=196975"},{"taxonomy":"product_cat","embeddable":true,"href":"https:\/\/www.fabioferro.eu\/de\/wp-json\/wp\/v2\/product_cat?post=196975"},{"taxonomy":"product_tag","embeddable":true,"href":"https:\/\/www.fabioferro.eu\/de\/wp-json\/wp\/v2\/product_tag?post=196975"}],"curies":[{"name":"wp","href":"https:\/\/api.w.org\/{rel}","templated":true}]}}