{"id":196983,"date":"2025-10-04T07:56:30","date_gmt":"2025-10-04T05:56:30","guid":{"rendered":"https:\/\/www.fabioferro.eu\/pochette-giovanni-raspini-dschungel-schwarz-krokoleder-13-x-195-x-5-cm.html"},"modified":"2025-10-13T19:48:26","modified_gmt":"2025-10-13T17:48:26","slug":"pochette-giovanni-raspini-dschungel-schwarz-krokoleder-13-x-195-x-5-cm","status":"publish","type":"product","link":"https:\/\/www.fabioferro.eu\/de\/pochette-giovanni-raspini-dschungel-schwarz-krokoleder-13-x-195-x-5-cm.html","title":{"rendered":"Pochette Giovanni Raspini Dschungel Schwarz Krokoleder 13 x 19,5 x 5 cm"},"content":{"rendered":"<p data-start=\"115\" data-end=\"202\">Dschungel Clutch Bag aus schwarzem Kalbsleder mit gl\u00e4nzender Krokodiloptik.<\/p>\n<p data-start=\"204\" data-end=\"377\">Die raffinierte und vielseitige Schmuckschlie\u00dfe mit einem Leoparden aus wei\u00dfer Bronze in einem ovalen Kristall mit Facettenschliff ist ein unverwechselbares und sehr elegantes Detail.<\/p>\n<p data-start=\"379\" data-end=\"470\">Der verdeckte Druckknopf und der innere Metallrei\u00dfverschluss garantieren Sicherheit und Funktionalit\u00e4t.<\/p>\n<p data-start=\"472\" data-end=\"624\">Ger\u00e4umiger Innenraum mit speziellem Fach f\u00fcr das Wesentliche und abnehmbare 120 cm lange Schulterkette, so dass sie in der Hand oder \u00fcber der Schulter getragen werden kann.<\/p>\n<p data-start=\"626\" data-end=\"665\">Schwarzes Futter aus Moir\u00e9-Stoff.<\/p>\n<p data-start=\"667\" data-end=\"697\">Ma\u00dfe 13 x 19,5 x 5 cm.<\/p>\n<p data-start=\"699\" data-end=\"759\">Handgefertigt in Italien aus hochwertigen Materialien.<\/p>\n<p data-start=\"761\" data-end=\"828\">Mit Box und offizieller Garantie von Giovanni Raspini.<\/p>\n","protected":false},"excerpt":{"rendered":"<p>Ein elegantes und diskretes Accessoire, das Sie immer bei sich tragen k\u00f6nnen.<\/p>\n","protected":false},"featured_media":195612,"comment_status":"open","ping_status":"closed","template":"","meta":[],"product_brand":[155],"product_cat":[7472],"product_tag":[7442],"class_list":{"0":"post-196983","1":"product","2":"type-product","3":"status-publish","4":"has-post-thumbnail","6":"product_brand-raspini","7":"product_cat-giovanni-raspini-geldborsen","8":"product_tag-verfugbar","10":"first","11":"instock","12":"sale","13":"taxable","14":"shipping-taxable","15":"purchasable","16":"product-type-simple"},"exclude_global_add_ons":[],"addons":[],"df_price":351,"df_sale_price":351,"df_regular_price":390,"df_image_link":"https:\/\/cdn02.fabioferro.eu\/wp-content\/uploads\/pochette-giovanni-raspini-jungle-pelle-croco-nera-13-x-195-x-5-cm.jpg","_links":{"self":[{"href":"https:\/\/www.fabioferro.eu\/de\/wp-json\/wp\/v2\/product\/196983","targetHints":{"allow":["GET"]}}],"collection":[{"href":"https:\/\/www.fabioferro.eu\/de\/wp-json\/wp\/v2\/product"}],"about":[{"href":"https:\/\/www.fabioferro.eu\/de\/wp-json\/wp\/v2\/types\/product"}],"replies":[{"embeddable":true,"href":"https:\/\/www.fabioferro.eu\/de\/wp-json\/wp\/v2\/comments?post=196983"}],"version-history":[{"count":1,"href":"https:\/\/www.fabioferro.eu\/de\/wp-json\/wp\/v2\/product\/196983\/revisions"}],"predecessor-version":[{"id":197719,"href":"https:\/\/www.fabioferro.eu\/de\/wp-json\/wp\/v2\/product\/196983\/revisions\/197719"}],"wp:featuredmedia":[{"embeddable":true,"href":"https:\/\/www.fabioferro.eu\/de\/wp-json\/wp\/v2\/media\/195612"}],"wp:attachment":[{"href":"https:\/\/www.fabioferro.eu\/de\/wp-json\/wp\/v2\/media?parent=196983"}],"wp:term":[{"taxonomy":"product_brand","embeddable":true,"href":"https:\/\/www.fabioferro.eu\/de\/wp-json\/wp\/v2\/product_brand?post=196983"},{"taxonomy":"product_cat","embeddable":true,"href":"https:\/\/www.fabioferro.eu\/de\/wp-json\/wp\/v2\/product_cat?post=196983"},{"taxonomy":"product_tag","embeddable":true,"href":"https:\/\/www.fabioferro.eu\/de\/wp-json\/wp\/v2\/product_tag?post=196983"}],"curies":[{"name":"wp","href":"https:\/\/api.w.org\/{rel}","templated":true}]}}