{"id":196985,"date":"2025-10-04T07:56:32","date_gmt":"2025-10-04T05:56:32","guid":{"rendered":"https:\/\/www.fabioferro.eu\/geldboerse-giovanni-raspini-schwarzes-krokoleder-9-x-11-cm.html"},"modified":"2025-10-13T19:48:26","modified_gmt":"2025-10-13T17:48:26","slug":"geldboerse-giovanni-raspini-schwarzes-krokoleder-9-x-11-cm","status":"publish","type":"product","link":"https:\/\/www.fabioferro.eu\/de\/geldboerse-giovanni-raspini-schwarzes-krokoleder-9-x-11-cm.html","title":{"rendered":"Geldb\u00f6rse Giovanni Raspini Schwarzes Krokoleder 9 x 11 cm"},"content":{"rendered":"<p data-start=\"103\" data-end=\"195\">Klassische Brieftasche aus schwarzem Kalbsleder mit gl\u00e4nzender Krokodiloptik.<\/p>\n<p data-start=\"197\" data-end=\"331\">Horizontale \u00d6ffnung mit gut organisierten F\u00e4chern: sechs Kartenf\u00e4cher, ein zentrales Banknotenfach und zwei zus\u00e4tzliche Innenf\u00e4cher.<\/p>\n<p data-start=\"333\" data-end=\"402\">Schwarzes Futter aus Moir\u00e9-Stoff f\u00fcr einen Hauch von Raffinesse.<\/p>\n<p data-start=\"404\" data-end=\"473\">Verziert mit dem kultigen Markenlogo aus 925er Sterlingsilber.<\/p>\n<p data-start=\"475\" data-end=\"498\">Ma\u00dfe 9 x 11 cm.<\/p>\n<p data-start=\"500\" data-end=\"560\">Handgefertigt in Italien aus hochwertigen Materialien, Made in Italy.<\/p>\n<p data-start=\"562\" data-end=\"629\">Mit Box und offizieller Garantie von Giovanni Raspini.<\/p>\n","protected":false},"excerpt":{"rendered":"<p>Elegantes und funktionelles Accessoire, entworfen f\u00fcr den Alltag.<\/p>\n","protected":false},"featured_media":195593,"comment_status":"open","ping_status":"closed","template":"","meta":[],"product_brand":[155],"product_cat":[7472],"product_tag":[7442],"class_list":{"0":"post-196985","1":"product","2":"type-product","3":"status-publish","4":"has-post-thumbnail","6":"product_brand-raspini","7":"product_cat-giovanni-raspini-geldborsen","8":"product_tag-verfugbar","10":"first","11":"instock","12":"sale","13":"taxable","14":"shipping-taxable","15":"purchasable","16":"product-type-simple"},"exclude_global_add_ons":[],"addons":[],"df_price":189,"df_sale_price":189,"df_regular_price":210,"df_image_link":"https:\/\/cdn02.fabioferro.eu\/wp-content\/uploads\/portafoglio-giovanni-raspini-pelle-croco-nera-9-x-11-cm.jpg","_links":{"self":[{"href":"https:\/\/www.fabioferro.eu\/de\/wp-json\/wp\/v2\/product\/196985","targetHints":{"allow":["GET"]}}],"collection":[{"href":"https:\/\/www.fabioferro.eu\/de\/wp-json\/wp\/v2\/product"}],"about":[{"href":"https:\/\/www.fabioferro.eu\/de\/wp-json\/wp\/v2\/types\/product"}],"replies":[{"embeddable":true,"href":"https:\/\/www.fabioferro.eu\/de\/wp-json\/wp\/v2\/comments?post=196985"}],"version-history":[{"count":1,"href":"https:\/\/www.fabioferro.eu\/de\/wp-json\/wp\/v2\/product\/196985\/revisions"}],"predecessor-version":[{"id":197720,"href":"https:\/\/www.fabioferro.eu\/de\/wp-json\/wp\/v2\/product\/196985\/revisions\/197720"}],"wp:featuredmedia":[{"embeddable":true,"href":"https:\/\/www.fabioferro.eu\/de\/wp-json\/wp\/v2\/media\/195593"}],"wp:attachment":[{"href":"https:\/\/www.fabioferro.eu\/de\/wp-json\/wp\/v2\/media?parent=196985"}],"wp:term":[{"taxonomy":"product_brand","embeddable":true,"href":"https:\/\/www.fabioferro.eu\/de\/wp-json\/wp\/v2\/product_brand?post=196985"},{"taxonomy":"product_cat","embeddable":true,"href":"https:\/\/www.fabioferro.eu\/de\/wp-json\/wp\/v2\/product_cat?post=196985"},{"taxonomy":"product_tag","embeddable":true,"href":"https:\/\/www.fabioferro.eu\/de\/wp-json\/wp\/v2\/product_tag?post=196985"}],"curies":[{"name":"wp","href":"https:\/\/api.w.org\/{rel}","templated":true}]}}