{"id":196989,"date":"2025-10-04T07:56:29","date_gmt":"2025-10-04T05:56:29","guid":{"rendered":"https:\/\/www.fabioferro.eu\/geldboerse-giovanni-raspini-continental-dschungel-krokoleder-burgund-11-x-19-x-35-cm.html"},"modified":"2025-10-13T19:48:35","modified_gmt":"2025-10-13T17:48:35","slug":"geldboerse-giovanni-raspini-continental-dschungel-krokoleder-burgund-11-x-19-x-35-cm","status":"publish","type":"product","link":"https:\/\/www.fabioferro.eu\/de\/geldboerse-giovanni-raspini-continental-dschungel-krokoleder-burgund-11-x-19-x-35-cm.html","title":{"rendered":"Geldb\u00f6rse Giovanni Raspini Continental Dschungel Krokoleder Burgund 11 x 19 x 3,5 cm"},"content":{"rendered":"<p data-start=\"81\" data-end=\"168\">Giovanni Raspini Brieftasche aus bordeauxfarbenem Kalbsleder mit Krokodil-Effekt.<\/p>\n<p data-start=\"170\" data-end=\"321\">Sie ist elegant und funktional und verf\u00fcgt \u00fcber sechs Kartenf\u00e4cher, zwei Balgtaschen f\u00fcr Geldscheine und ein ger\u00e4umiges M\u00fcnzfach mit Rei\u00dfverschluss.<\/p>\n<p>Verziert mit einer Dekoration aus wei\u00dfer Bronze und Kristall.<\/p>\n<p data-start=\"505\" data-end=\"587\">Der Druckknopf und der innenliegende Metallrei\u00dfverschluss garantieren Praktikabilit\u00e4t und Sicherheit.<\/p>\n<p data-start=\"589\" data-end=\"628\">Schwarzes Futter aus Moir\u00e9-Stoff.<\/p>\n<p data-start=\"630\" data-end=\"660\">Ma\u00dfe 11 x 19 x 3,5 cm.<\/p>\n<p data-start=\"662\" data-end=\"722\">Handgefertigt in Italien aus hochwertigen Materialien, Made in Italy.<\/p>\n<p data-start=\"724\" data-end=\"791\">Mit Box und offizieller Garantie von Giovanni Raspini.<\/p>\n","protected":false},"excerpt":{"rendered":"<p>Ein zeitloses, stilvolles Accessoire, handgefertigt aus feinem burgunderrotem Krokoleder.<\/p>\n","protected":false},"featured_media":195647,"comment_status":"open","ping_status":"closed","template":"","meta":[],"product_brand":[155],"product_cat":[7472],"product_tag":[7442],"class_list":{"0":"post-196989","1":"product","2":"type-product","3":"status-publish","4":"has-post-thumbnail","6":"product_brand-raspini","7":"product_cat-giovanni-raspini-geldborsen","8":"product_tag-verfugbar","10":"first","11":"instock","12":"sale","13":"taxable","14":"shipping-taxable","15":"purchasable","16":"product-type-simple"},"exclude_global_add_ons":[],"addons":[],"df_price":315,"df_sale_price":315,"df_regular_price":350,"df_image_link":"https:\/\/cdn02.fabioferro.eu\/wp-content\/uploads\/portafoglio-giovanni-raspini-continental-jungle-pelle-croco-borgogna-11-x-19-x-35-cm.jpg","_links":{"self":[{"href":"https:\/\/www.fabioferro.eu\/de\/wp-json\/wp\/v2\/product\/196989","targetHints":{"allow":["GET"]}}],"collection":[{"href":"https:\/\/www.fabioferro.eu\/de\/wp-json\/wp\/v2\/product"}],"about":[{"href":"https:\/\/www.fabioferro.eu\/de\/wp-json\/wp\/v2\/types\/product"}],"replies":[{"embeddable":true,"href":"https:\/\/www.fabioferro.eu\/de\/wp-json\/wp\/v2\/comments?post=196989"}],"version-history":[{"count":1,"href":"https:\/\/www.fabioferro.eu\/de\/wp-json\/wp\/v2\/product\/196989\/revisions"}],"predecessor-version":[{"id":197730,"href":"https:\/\/www.fabioferro.eu\/de\/wp-json\/wp\/v2\/product\/196989\/revisions\/197730"}],"wp:featuredmedia":[{"embeddable":true,"href":"https:\/\/www.fabioferro.eu\/de\/wp-json\/wp\/v2\/media\/195647"}],"wp:attachment":[{"href":"https:\/\/www.fabioferro.eu\/de\/wp-json\/wp\/v2\/media?parent=196989"}],"wp:term":[{"taxonomy":"product_brand","embeddable":true,"href":"https:\/\/www.fabioferro.eu\/de\/wp-json\/wp\/v2\/product_brand?post=196989"},{"taxonomy":"product_cat","embeddable":true,"href":"https:\/\/www.fabioferro.eu\/de\/wp-json\/wp\/v2\/product_cat?post=196989"},{"taxonomy":"product_tag","embeddable":true,"href":"https:\/\/www.fabioferro.eu\/de\/wp-json\/wp\/v2\/product_tag?post=196989"}],"curies":[{"name":"wp","href":"https:\/\/api.w.org\/{rel}","templated":true}]}}