{"id":196990,"date":"2025-10-04T07:56:31","date_gmt":"2025-10-04T05:56:31","guid":{"rendered":"https:\/\/www.fabioferro.eu\/brieftasche-giovanni-raspini-continental-dschungel-schwarz-krokoleder-11-x-19-x-35-cm.html"},"modified":"2025-10-13T19:48:33","modified_gmt":"2025-10-13T17:48:33","slug":"brieftasche-giovanni-raspini-continental-dschungel-schwarz-krokoleder-11-x-19-x-35-cm","status":"publish","type":"product","link":"https:\/\/www.fabioferro.eu\/de\/brieftasche-giovanni-raspini-continental-dschungel-schwarz-krokoleder-11-x-19-x-35-cm.html","title":{"rendered":"Brieftasche Giovanni Raspini Continental Dschungel Schwarz Krokoleder 11 x 19 x 3,5 cm"},"content":{"rendered":"<p data-start=\"91\" data-end=\"174\">Giovanni Raspini Geldb\u00f6rse aus schwarzem Kalbsleder mit gl\u00e4nzender Krokodiloptik.<\/p>\n<p data-start=\"176\" data-end=\"333\">Sie ist elegant und funktionell und verf\u00fcgt \u00fcber sechs Kartenf\u00e4cher, zwei gro\u00dfe Balgtaschen f\u00fcr Geldscheine und ein ger\u00e4umiges M\u00fcnzfach mit Rei\u00dfverschluss.<\/p>\n<p>Die Dekoration besteht aus wei\u00dfer Bronze und Kristall.<\/p>\n<p data-start=\"514\" data-end=\"594\">Der Druckknopf und der interne Metallrei\u00dfverschluss sorgen f\u00fcr Funktionalit\u00e4t und Sicherheit.<\/p>\n<p data-start=\"596\" data-end=\"635\">Schwarzes Futter aus Moir\u00e9-Stoff.<\/p>\n<p data-start=\"637\" data-end=\"667\">Ma\u00dfe 11 x 19 x 3,5 cm.<\/p>\n<p data-start=\"669\" data-end=\"729\">Handgefertigt in Italien aus hochwertigen Materialien, Made in Italy.<\/p>\n<p data-start=\"731\" data-end=\"798\">Mit Box und offizieller Garantie von Giovanni Raspini.<\/p>\n","protected":false},"excerpt":{"rendered":"<p>Elegantes und funktionelles Accessoire, entworfen f\u00fcr den Alltag.<\/p>\n","protected":false},"featured_media":195606,"comment_status":"open","ping_status":"closed","template":"","meta":[],"product_brand":[155],"product_cat":[7472],"product_tag":[7442],"class_list":{"0":"post-196990","1":"product","2":"type-product","3":"status-publish","4":"has-post-thumbnail","6":"product_brand-raspini","7":"product_cat-giovanni-raspini-geldborsen","8":"product_tag-verfugbar","10":"first","11":"instock","12":"sale","13":"taxable","14":"shipping-taxable","15":"purchasable","16":"product-type-simple"},"exclude_global_add_ons":[],"addons":[],"df_price":315,"df_sale_price":315,"df_regular_price":350,"df_image_link":"https:\/\/cdn02.fabioferro.eu\/wp-content\/uploads\/portafoglio-giovanni-raspini-continental-jungle-pelle-croco-nera-11-x-19-x-35-cm.jpg","_links":{"self":[{"href":"https:\/\/www.fabioferro.eu\/de\/wp-json\/wp\/v2\/product\/196990","targetHints":{"allow":["GET"]}}],"collection":[{"href":"https:\/\/www.fabioferro.eu\/de\/wp-json\/wp\/v2\/product"}],"about":[{"href":"https:\/\/www.fabioferro.eu\/de\/wp-json\/wp\/v2\/types\/product"}],"replies":[{"embeddable":true,"href":"https:\/\/www.fabioferro.eu\/de\/wp-json\/wp\/v2\/comments?post=196990"}],"version-history":[{"count":1,"href":"https:\/\/www.fabioferro.eu\/de\/wp-json\/wp\/v2\/product\/196990\/revisions"}],"predecessor-version":[{"id":197728,"href":"https:\/\/www.fabioferro.eu\/de\/wp-json\/wp\/v2\/product\/196990\/revisions\/197728"}],"wp:featuredmedia":[{"embeddable":true,"href":"https:\/\/www.fabioferro.eu\/de\/wp-json\/wp\/v2\/media\/195606"}],"wp:attachment":[{"href":"https:\/\/www.fabioferro.eu\/de\/wp-json\/wp\/v2\/media?parent=196990"}],"wp:term":[{"taxonomy":"product_brand","embeddable":true,"href":"https:\/\/www.fabioferro.eu\/de\/wp-json\/wp\/v2\/product_brand?post=196990"},{"taxonomy":"product_cat","embeddable":true,"href":"https:\/\/www.fabioferro.eu\/de\/wp-json\/wp\/v2\/product_cat?post=196990"},{"taxonomy":"product_tag","embeddable":true,"href":"https:\/\/www.fabioferro.eu\/de\/wp-json\/wp\/v2\/product_tag?post=196990"}],"curies":[{"name":"wp","href":"https:\/\/api.w.org\/{rel}","templated":true}]}}