{"id":196998,"date":"2025-10-04T07:55:52","date_gmt":"2025-10-04T05:55:52","guid":{"rendered":"https:\/\/www.fabioferro.eu\/giovanni-raspini-kartenetui-mit-reissverschluss-schwarzes-krokoleder-85-x-105-cm.html"},"modified":"2025-10-13T19:48:40","modified_gmt":"2025-10-13T17:48:40","slug":"giovanni-raspini-kartenetui-mit-reissverschluss-schwarzes-krokoleder-85-x-105-cm","status":"publish","type":"product","link":"https:\/\/www.fabioferro.eu\/de\/giovanni-raspini-kartenetui-mit-reissverschluss-schwarzes-krokoleder-85-x-105-cm.html","title":{"rendered":"Giovanni Raspini Kartenetui mit Rei\u00dfverschluss Schwarzes Krokoleder 8,5 x 10,5 cm"},"content":{"rendered":"<p data-start=\"120\" data-end=\"202\">Giovanni Raspini Kartenetui aus schwarzem Kalbsleder mit gl\u00e4nzender Krokodiloptik.<\/p>\n<p data-start=\"204\" data-end=\"340\">Sie ist kompakt und funktionell und hat vier Seitenf\u00e4cher f\u00fcr Karten und ein zentrales Rei\u00dfverschlussfach f\u00fcr Bargeld oder kleine Gegenst\u00e4nde.<\/p>\n<p data-start=\"342\" data-end=\"410\">Schwarzes Futter aus Moir\u00e9-Stoff f\u00fcr einen Hauch von Raffinesse.<\/p>\n<p data-start=\"412\" data-end=\"481\">Das ikonische Detail und das Markenlogo sind aus 925er Sterlingsilber.<\/p>\n<p data-start=\"483\" data-end=\"510\">Ma\u00dfe 8,5 x 10,5 cm.<\/p>\n<p data-start=\"512\" data-end=\"572\">Mit Sorgfalt in Italien handgefertigt.<\/p>\n<p data-start=\"574\" data-end=\"641\">Mit Box und offizieller Garantie von Giovanni Raspini.<\/p>\n","protected":false},"excerpt":{"rendered":"<p>Exklusives Accessoire aus gl\u00e4nzendem Kalbsleder mit Krokodiltextur.<\/p>\n","protected":false},"featured_media":195586,"comment_status":"open","ping_status":"closed","template":"","meta":[],"product_brand":[155],"product_cat":[7472],"product_tag":[7442],"class_list":{"0":"post-196998","1":"product","2":"type-product","3":"status-publish","4":"has-post-thumbnail","6":"product_brand-raspini","7":"product_cat-giovanni-raspini-geldborsen","8":"product_tag-verfugbar","10":"first","11":"instock","12":"sale","13":"taxable","14":"shipping-taxable","15":"purchasable","16":"product-type-simple"},"exclude_global_add_ons":[],"addons":[],"df_price":153,"df_sale_price":153,"df_regular_price":170,"df_image_link":"https:\/\/cdn02.fabioferro.eu\/wp-content\/uploads\/portacarte-giovanni-raspini-con-zip-pelle-croco-nera.jpg","_links":{"self":[{"href":"https:\/\/www.fabioferro.eu\/de\/wp-json\/wp\/v2\/product\/196998","targetHints":{"allow":["GET"]}}],"collection":[{"href":"https:\/\/www.fabioferro.eu\/de\/wp-json\/wp\/v2\/product"}],"about":[{"href":"https:\/\/www.fabioferro.eu\/de\/wp-json\/wp\/v2\/types\/product"}],"replies":[{"embeddable":true,"href":"https:\/\/www.fabioferro.eu\/de\/wp-json\/wp\/v2\/comments?post=196998"}],"version-history":[{"count":1,"href":"https:\/\/www.fabioferro.eu\/de\/wp-json\/wp\/v2\/product\/196998\/revisions"}],"predecessor-version":[{"id":197736,"href":"https:\/\/www.fabioferro.eu\/de\/wp-json\/wp\/v2\/product\/196998\/revisions\/197736"}],"wp:featuredmedia":[{"embeddable":true,"href":"https:\/\/www.fabioferro.eu\/de\/wp-json\/wp\/v2\/media\/195586"}],"wp:attachment":[{"href":"https:\/\/www.fabioferro.eu\/de\/wp-json\/wp\/v2\/media?parent=196998"}],"wp:term":[{"taxonomy":"product_brand","embeddable":true,"href":"https:\/\/www.fabioferro.eu\/de\/wp-json\/wp\/v2\/product_brand?post=196998"},{"taxonomy":"product_cat","embeddable":true,"href":"https:\/\/www.fabioferro.eu\/de\/wp-json\/wp\/v2\/product_cat?post=196998"},{"taxonomy":"product_tag","embeddable":true,"href":"https:\/\/www.fabioferro.eu\/de\/wp-json\/wp\/v2\/product_tag?post=196998"}],"curies":[{"name":"wp","href":"https:\/\/api.w.org\/{rel}","templated":true}]}}