{"id":197982,"date":"2023-10-10T09:57:36","date_gmt":"2023-10-10T07:57:36","guid":{"rendered":"https:\/\/www.fabioferro.eu\/fope-eka-collection-ohrringe-aus-weiss-und-rosegold-mit-diamantpave-2.html"},"modified":"2026-01-09T16:23:00","modified_gmt":"2026-01-09T15:23:00","slug":"fope-eka-collection-ohrringe-aus-weiss-und-rosegold-mit-diamantpave-2","status":"publish","type":"product","link":"https:\/\/www.fabioferro.eu\/de\/fope-eka-collection-ohrringe-aus-weiss-und-rosegold-mit-diamantpave-2.html","title":{"rendered":"Fope Eka Collection Ohrringe aus Wei\u00df- und Ros\u00e9gold mit Diamantpave"},"content":{"rendered":"<p>Ein \u00e4u\u00dferst feminines und raffiniertes Ohrring-Duo aus 18-kar\u00e4tigem Ros\u00e9gold mit einem leuchtenden Diamanten als Einfassung.<\/p>\n<p>Sorgf\u00e4ltig gearbeiteter halbrunder Korpus aus Ros\u00e9gold mit Drehpunkt und Federclipverschluss auf der R\u00fcckseite.<\/p>\n<p>Auf der Vorderseite befindet sich ein Pav\u00e9 aus Diamanten im Brillantschliff mit einem Gesamtgewicht von 0,19 Karat. Die Steine zeichnen sich durch eine Farbe von G und eine Reinheit von VS1 aus. <\/p>\n<p>Ohrringe handgefertigt von Kunsthandwerkern aus Vicenza. Qualit\u00e4t Made in Italy. <\/p>\n<p>Mit eleganter Box und internationaler Garantie von Fope.<\/p>\n","protected":false},"excerpt":{"rendered":"<p>Jedes Schmuckst\u00fcck von Fope hat eine Geschichte zu erz\u00e4hlen, denn es entstammt den geschickten H\u00e4nden von Kunsthandwerkern aus Venetien.<br \/>\nEin Paar Ohrringe, das Sie aufwerten wird.<\/p>\n","protected":false},"featured_media":106467,"comment_status":"open","ping_status":"closed","template":"","meta":[],"product_brand":[154],"product_cat":[5937],"product_tag":[],"class_list":{"0":"post-197982","1":"product","2":"type-product","3":"status-publish","4":"has-post-thumbnail","6":"product_brand-fope","7":"product_cat-fope-ohrringe","9":"first","10":"instock","11":"taxable","12":"shipping-taxable","13":"purchasable","14":"product-type-simple"},"exclude_global_add_ons":[],"addons":[],"df_price":2510,"df_sale_price":"","df_regular_price":2510,"df_image_link":"https:\/\/cdn02.fabioferro.eu\/wp-content\/uploads\/orecchini-fope-collezione-eka-in-ororosa-con-diamanti-or730-pave-br.jpg","_links":{"self":[{"href":"https:\/\/www.fabioferro.eu\/de\/wp-json\/wp\/v2\/product\/197982","targetHints":{"allow":["GET"]}}],"collection":[{"href":"https:\/\/www.fabioferro.eu\/de\/wp-json\/wp\/v2\/product"}],"about":[{"href":"https:\/\/www.fabioferro.eu\/de\/wp-json\/wp\/v2\/types\/product"}],"replies":[{"embeddable":true,"href":"https:\/\/www.fabioferro.eu\/de\/wp-json\/wp\/v2\/comments?post=197982"}],"version-history":[{"count":1,"href":"https:\/\/www.fabioferro.eu\/de\/wp-json\/wp\/v2\/product\/197982\/revisions"}],"predecessor-version":[{"id":206453,"href":"https:\/\/www.fabioferro.eu\/de\/wp-json\/wp\/v2\/product\/197982\/revisions\/206453"}],"wp:featuredmedia":[{"embeddable":true,"href":"https:\/\/www.fabioferro.eu\/de\/wp-json\/wp\/v2\/media\/106467"}],"wp:attachment":[{"href":"https:\/\/www.fabioferro.eu\/de\/wp-json\/wp\/v2\/media?parent=197982"}],"wp:term":[{"taxonomy":"product_brand","embeddable":true,"href":"https:\/\/www.fabioferro.eu\/de\/wp-json\/wp\/v2\/product_brand?post=197982"},{"taxonomy":"product_cat","embeddable":true,"href":"https:\/\/www.fabioferro.eu\/de\/wp-json\/wp\/v2\/product_cat?post=197982"},{"taxonomy":"product_tag","embeddable":true,"href":"https:\/\/www.fabioferro.eu\/de\/wp-json\/wp\/v2\/product_tag?post=197982"}],"curies":[{"name":"wp","href":"https:\/\/api.w.org\/{rel}","templated":true}]}}