{"id":198369,"date":"2025-10-25T18:21:09","date_gmt":"2025-10-25T16:21:09","guid":{"rendered":"https:\/\/www.fabioferro.eu\/?post_type=product&#038;p=198369.html"},"modified":"2026-04-14T08:37:29","modified_gmt":"2026-04-14T06:37:29","slug":"giovanni-raspini-ring-blossom-grande-2","status":"publish","type":"product","link":"https:\/\/www.fabioferro.eu\/de\/giovanni-raspini-ring-blossom-grande-2.html","title":{"rendered":"Giovanni Raspini Ring Blossom Grande"},"content":{"rendered":"<p>Ring aus 925er Silber mit einer nat\u00fcrlichen rosa Perle. Erh\u00e4ltlich in den Gr\u00f6\u00dfen 12 bis 19. Vollst\u00e4ndig in Handarbeit hergestellt, Made in Italy. Mit Box und offizieller Giovanni Raspini Garantie.<\/p>\n","protected":false},"excerpt":{"rendered":"<p>Ein Ring mit modernem Design und raffinierten Details, perfekt, um eine einzigartige Pers\u00f6nlichkeit zum Ausdruck zu bringen.<\/p>\n","protected":false},"featured_media":198259,"comment_status":"open","ping_status":"closed","template":"","meta":[],"product_brand":[],"product_cat":[7572],"product_tag":[7551],"class_list":{"0":"post-198369","1":"product","2":"type-product","3":"status-publish","4":"has-post-thumbnail","6":"product_cat-ringe-giovanni-raspini","7":"product_tag-ausschlusse","9":"first","10":"instock","11":"taxable","12":"shipping-taxable","13":"purchasable","14":"product-type-variable","15":"has-default-attributes"},"exclude_global_add_ons":[],"addons":[],"df_price":330,"df_sale_price":"","df_regular_price":330,"df_image_link":"https:\/\/cdn02.fabioferro.eu\/wp-content\/uploads\/anello-giovanni-raspini-blossom-12491.jpg","_links":{"self":[{"href":"https:\/\/www.fabioferro.eu\/de\/wp-json\/wp\/v2\/product\/198369","targetHints":{"allow":["GET"]}}],"collection":[{"href":"https:\/\/www.fabioferro.eu\/de\/wp-json\/wp\/v2\/product"}],"about":[{"href":"https:\/\/www.fabioferro.eu\/de\/wp-json\/wp\/v2\/types\/product"}],"replies":[{"embeddable":true,"href":"https:\/\/www.fabioferro.eu\/de\/wp-json\/wp\/v2\/comments?post=198369"}],"version-history":[{"count":2,"href":"https:\/\/www.fabioferro.eu\/de\/wp-json\/wp\/v2\/product\/198369\/revisions"}],"predecessor-version":[{"id":200074,"href":"https:\/\/www.fabioferro.eu\/de\/wp-json\/wp\/v2\/product\/198369\/revisions\/200074"}],"wp:featuredmedia":[{"embeddable":true,"href":"https:\/\/www.fabioferro.eu\/de\/wp-json\/wp\/v2\/media\/198259"}],"wp:attachment":[{"href":"https:\/\/www.fabioferro.eu\/de\/wp-json\/wp\/v2\/media?parent=198369"}],"wp:term":[{"taxonomy":"product_brand","embeddable":true,"href":"https:\/\/www.fabioferro.eu\/de\/wp-json\/wp\/v2\/product_brand?post=198369"},{"taxonomy":"product_cat","embeddable":true,"href":"https:\/\/www.fabioferro.eu\/de\/wp-json\/wp\/v2\/product_cat?post=198369"},{"taxonomy":"product_tag","embeddable":true,"href":"https:\/\/www.fabioferro.eu\/de\/wp-json\/wp\/v2\/product_tag?post=198369"}],"curies":[{"name":"wp","href":"https:\/\/api.w.org\/{rel}","templated":true}]}}