{"id":198479,"date":"2025-10-25T18:21:06","date_gmt":"2025-10-25T16:21:06","guid":{"rendered":"https:\/\/www.fabioferro.eu\/?post_type=product&#038;p=198479.html"},"modified":"2026-04-14T08:37:35","modified_gmt":"2026-04-14T06:37:35","slug":"giovanni-raspini-axis-piccolo-ring","status":"publish","type":"product","link":"https:\/\/www.fabioferro.eu\/de\/giovanni-raspini-axis-piccolo-ring.html","title":{"rendered":"Giovanni Raspini Axis Piccolo Ring"},"content":{"rendered":"<p>Ring aus 925er Silber in den Gr\u00f6\u00dfen 12 bis 19. Vollst\u00e4ndig von Kunsthandwerkern hergestellt, Made in Italy. Mit Box und offizieller Giovanni Raspini Garantie.<\/p>\n","protected":false},"excerpt":{"rendered":"<p>Ein Ring mit modernem Design und raffinierten Details, perfekt, um eine einzigartige Pers\u00f6nlichkeit zum Ausdruck zu bringen.<\/p>\n","protected":false},"featured_media":198256,"comment_status":"open","ping_status":"closed","template":"","meta":[],"product_brand":[],"product_cat":[7572],"product_tag":[7551],"class_list":{"0":"post-198479","1":"product","2":"type-product","3":"status-publish","4":"has-post-thumbnail","6":"product_cat-ringe-giovanni-raspini","7":"product_tag-ausschlusse","9":"first","10":"instock","11":"taxable","12":"shipping-taxable","13":"purchasable","14":"product-type-variable","15":"has-default-attributes"},"exclude_global_add_ons":[],"addons":[],"df_price":75,"df_sale_price":"","df_regular_price":75,"df_image_link":"https:\/\/cdn02.fabioferro.eu\/wp-content\/uploads\/anello-giovanni-raspini-axis-piccolo-12497.jpg","_links":{"self":[{"href":"https:\/\/www.fabioferro.eu\/de\/wp-json\/wp\/v2\/product\/198479","targetHints":{"allow":["GET"]}}],"collection":[{"href":"https:\/\/www.fabioferro.eu\/de\/wp-json\/wp\/v2\/product"}],"about":[{"href":"https:\/\/www.fabioferro.eu\/de\/wp-json\/wp\/v2\/types\/product"}],"replies":[{"embeddable":true,"href":"https:\/\/www.fabioferro.eu\/de\/wp-json\/wp\/v2\/comments?post=198479"}],"version-history":[{"count":1,"href":"https:\/\/www.fabioferro.eu\/de\/wp-json\/wp\/v2\/product\/198479\/revisions"}],"predecessor-version":[{"id":200039,"href":"https:\/\/www.fabioferro.eu\/de\/wp-json\/wp\/v2\/product\/198479\/revisions\/200039"}],"wp:featuredmedia":[{"embeddable":true,"href":"https:\/\/www.fabioferro.eu\/de\/wp-json\/wp\/v2\/media\/198256"}],"wp:attachment":[{"href":"https:\/\/www.fabioferro.eu\/de\/wp-json\/wp\/v2\/media?parent=198479"}],"wp:term":[{"taxonomy":"product_brand","embeddable":true,"href":"https:\/\/www.fabioferro.eu\/de\/wp-json\/wp\/v2\/product_brand?post=198479"},{"taxonomy":"product_cat","embeddable":true,"href":"https:\/\/www.fabioferro.eu\/de\/wp-json\/wp\/v2\/product_cat?post=198479"},{"taxonomy":"product_tag","embeddable":true,"href":"https:\/\/www.fabioferro.eu\/de\/wp-json\/wp\/v2\/product_tag?post=198479"}],"curies":[{"name":"wp","href":"https:\/\/api.w.org\/{rel}","templated":true}]}}