{"id":199032,"date":"2025-10-18T16:05:43","date_gmt":"2025-10-18T14:05:43","guid":{"rendered":"https:\/\/www.fabioferro.eu\/?post_type=product&#038;p=199032.html"},"modified":"2025-10-25T15:38:42","modified_gmt":"2025-10-25T13:38:42","slug":"hamilton-ventura-edge-skeleton-h24645330","status":"publish","type":"product","link":"https:\/\/www.fabioferro.eu\/de\/hamilton-ventura-edge-skeleton-h24645330.html","title":{"rendered":"Hamilton Ventura Edge Skeleton H24645330"},"content":{"rendered":"<p>Hamilton Ventura Edge Skeleton H24645330 mit Kaliber H-10-S und automatischem Aufzug mit einer Gangreserve von ca. 80 Stunden.<\/p>\n<p>Das 51 x 47 mm gro\u00dfe Geh\u00e4use ist aus Edelstahl mit einer schwarzen PVD-Beschichtung gefertigt. Es ist au\u00dferdem mit Saphirglas mit Antireflexions-Technologie und Nivachron ausgestattet. Der Abstand zwischen den Anst\u00f6\u00dfen betr\u00e4gt 23 mm. Garantierte Wasserdichtigkeit bis zu 5 bar\/ 50m.<\/p>\n<p>Das Zifferblatt ist schwarz mit einem sichtbaren Uhrwerk. Die Funktionen Stunden, Minuten und Sekunden sind vorhanden. Der Stundenkreis besteht aus aufgesetzten Indexen.<\/p>\n<p>Das Armband ist aus schwarzem Kautschuk und hat ebenfalls eine Dornschlie\u00dfe.<\/p>\n<p>Uhr komplett mit Box und Hamilton internationale Garantie.<\/p>\n","protected":false},"excerpt":{"rendered":"<p>Die Hamilton Ventura Edge Skeleton H24645330 zeichnet sich durch ein attraktives Design aus, das die Gegenwart mit der Vergangenheit verbindet. Sie ist sicherlich die perfekte Weiterentwicklung einer revolution\u00e4ren Uhr.<\/p>\n","protected":false},"featured_media":199002,"comment_status":"open","ping_status":"closed","template":"","meta":[],"product_brand":[161],"product_cat":[5974],"product_tag":[],"class_list":{"0":"post-199032","1":"product","2":"type-product","3":"status-publish","4":"has-post-thumbnail","6":"product_brand-hamilton","7":"product_cat-hamilton-herrenuhren","8":"pa_collezione-hamilton-ventura-de","10":"first","11":"instock","12":"sale","13":"taxable","14":"shipping-taxable","15":"purchasable","16":"product-type-simple"},"exclude_global_add_ons":[],"addons":[],"df_price":1596,"df_sale_price":1596,"df_regular_price":1995,"df_image_link":"https:\/\/cdn02.fabioferro.eu\/wp-content\/uploads\/hamilton-ventura-edge-skeleton-H24645330-6.jpg","_links":{"self":[{"href":"https:\/\/www.fabioferro.eu\/de\/wp-json\/wp\/v2\/product\/199032","targetHints":{"allow":["GET"]}}],"collection":[{"href":"https:\/\/www.fabioferro.eu\/de\/wp-json\/wp\/v2\/product"}],"about":[{"href":"https:\/\/www.fabioferro.eu\/de\/wp-json\/wp\/v2\/types\/product"}],"replies":[{"embeddable":true,"href":"https:\/\/www.fabioferro.eu\/de\/wp-json\/wp\/v2\/comments?post=199032"}],"version-history":[{"count":2,"href":"https:\/\/www.fabioferro.eu\/de\/wp-json\/wp\/v2\/product\/199032\/revisions"}],"predecessor-version":[{"id":199832,"href":"https:\/\/www.fabioferro.eu\/de\/wp-json\/wp\/v2\/product\/199032\/revisions\/199832"}],"wp:featuredmedia":[{"embeddable":true,"href":"https:\/\/www.fabioferro.eu\/de\/wp-json\/wp\/v2\/media\/199002"}],"wp:attachment":[{"href":"https:\/\/www.fabioferro.eu\/de\/wp-json\/wp\/v2\/media?parent=199032"}],"wp:term":[{"taxonomy":"product_brand","embeddable":true,"href":"https:\/\/www.fabioferro.eu\/de\/wp-json\/wp\/v2\/product_brand?post=199032"},{"taxonomy":"product_cat","embeddable":true,"href":"https:\/\/www.fabioferro.eu\/de\/wp-json\/wp\/v2\/product_cat?post=199032"},{"taxonomy":"product_tag","embeddable":true,"href":"https:\/\/www.fabioferro.eu\/de\/wp-json\/wp\/v2\/product_tag?post=199032"}],"curies":[{"name":"wp","href":"https:\/\/api.w.org\/{rel}","templated":true}]}}