{"id":199041,"date":"2025-10-18T16:21:31","date_gmt":"2025-10-18T14:21:31","guid":{"rendered":"https:\/\/www.fabioferro.eu\/?post_type=product&#038;p=199041.html"},"modified":"2025-10-25T15:38:30","modified_gmt":"2025-10-25T13:38:30","slug":"hamilton-khaki-aviation-pilot-pioneer-38mm-h76265810","status":"publish","type":"product","link":"https:\/\/www.fabioferro.eu\/de\/hamilton-khaki-aviation-pilot-pioneer-38mm-h76265810.html","title":{"rendered":"Hamilton Khaki Aviation Pilot Pioneer 38mm H76265810"},"content":{"rendered":"<p>Hamilton Khaki Aviation Pilot Pioneer 38mm H76265810 mit einem automatischen mechanischen Uhrwerk, Kaliber H-10, mit einer Gangreserve von 80 Stunden.<\/p>\n<p>Geh\u00e4use aus rostfreiem Stahl, 38 mm Durchmesser.<\/p>\n<p>Wasserdicht bis zu 10 bar\/100 Meter. Ger\u00e4ndelte \u00e4u\u00dfere Krone. Geh\u00e4useboden mit 6 Druckschrauben verschlossen.<\/p>\n<p>Armband aus Kalbsleder, Dornschlie\u00dfe, 16 mm breit.<\/p>\n<p>Breite zwischen den \u00d6sen 18 mm.<\/p>\n<p>Kratzfestes, leicht gew\u00f6lbtes Saphirglas.<\/p>\n<p>Schwarzes Zifferblatt mit im Dunkeln leuchtenden Indizes und Zeigern. Logo auf 12 Uhr.<\/p>\n<p>Wird von der offiziellen Hamilton-Garantie und -Verpackung begleitet.<\/p>\n","protected":false},"excerpt":{"rendered":"<p>Die Hamilton Khaki Aviation Pilot Pioneer 38mm H76265810 ist inspiriert von den Taschenuhren der US-Soldaten im Zweiten Weltkrieg, sportlich und raffiniert zugleich.<\/p>\n","protected":false},"featured_media":198927,"comment_status":"open","ping_status":"closed","template":"","meta":[],"product_brand":[161],"product_cat":[5974],"product_tag":[],"class_list":{"0":"post-199041","1":"product","2":"type-product","3":"status-publish","4":"has-post-thumbnail","6":"product_brand-hamilton","7":"product_cat-hamilton-herrenuhren","9":"first","10":"instock","11":"sale","12":"taxable","13":"shipping-taxable","14":"purchasable","15":"product-type-simple"},"exclude_global_add_ons":[],"addons":[],"df_price":860,"df_sale_price":860,"df_regular_price":1075,"df_image_link":"https:\/\/cdn02.fabioferro.eu\/wp-content\/uploads\/hamilton-pilot-pioneer-H76265810-7.jpg","_links":{"self":[{"href":"https:\/\/www.fabioferro.eu\/de\/wp-json\/wp\/v2\/product\/199041","targetHints":{"allow":["GET"]}}],"collection":[{"href":"https:\/\/www.fabioferro.eu\/de\/wp-json\/wp\/v2\/product"}],"about":[{"href":"https:\/\/www.fabioferro.eu\/de\/wp-json\/wp\/v2\/types\/product"}],"replies":[{"embeddable":true,"href":"https:\/\/www.fabioferro.eu\/de\/wp-json\/wp\/v2\/comments?post=199041"}],"version-history":[{"count":1,"href":"https:\/\/www.fabioferro.eu\/de\/wp-json\/wp\/v2\/product\/199041\/revisions"}],"predecessor-version":[{"id":199092,"href":"https:\/\/www.fabioferro.eu\/de\/wp-json\/wp\/v2\/product\/199041\/revisions\/199092"}],"wp:featuredmedia":[{"embeddable":true,"href":"https:\/\/www.fabioferro.eu\/de\/wp-json\/wp\/v2\/media\/198927"}],"wp:attachment":[{"href":"https:\/\/www.fabioferro.eu\/de\/wp-json\/wp\/v2\/media?parent=199041"}],"wp:term":[{"taxonomy":"product_brand","embeddable":true,"href":"https:\/\/www.fabioferro.eu\/de\/wp-json\/wp\/v2\/product_brand?post=199041"},{"taxonomy":"product_cat","embeddable":true,"href":"https:\/\/www.fabioferro.eu\/de\/wp-json\/wp\/v2\/product_cat?post=199041"},{"taxonomy":"product_tag","embeddable":true,"href":"https:\/\/www.fabioferro.eu\/de\/wp-json\/wp\/v2\/product_tag?post=199041"}],"curies":[{"name":"wp","href":"https:\/\/api.w.org\/{rel}","templated":true}]}}