{"id":199736,"date":"2025-10-25T11:54:39","date_gmt":"2025-10-25T09:54:39","guid":{"rendered":"https:\/\/www.fabioferro.eu\/?post_type=product&#038;p=199736.html"},"modified":"2026-02-06T10:14:55","modified_gmt":"2026-02-06T09:14:55","slug":"fabio-ferro-kate-medi-ohrringe-mit-blauen-saphiren","status":"publish","type":"product","link":"https:\/\/www.fabioferro.eu\/de\/fabio-ferro-kate-medi-ohrringe-mit-blauen-saphiren.html","title":{"rendered":"Fabio Ferro Kate Medi Ohrringe mit blauen Saphiren"},"content":{"rendered":"<p>Fabio Ferro Kate Medi Modell Ohrringe aus 750\/1000 Wei\u00dfgold, besetzt mit zwei nat\u00fcrlichen blauen Ceylon-Saphiren und nat\u00fcrlichen Diamanten im Brillantschliff.<\/p>\n<p>Die Ohrringe, die in unserem Atelier entworfen und handgefertigt wurden, wiegen 2,03 g. Sie fassen in der Mitte 2 nat\u00fcrliche hellblaue Saphire im Ovalschliff von 0,96 Karat. <\/p>\n<p>Sie sind mit 24 Diamanten im Brillantschliff mit einem Gewicht von 0,32 Karat besetzt, von denen jeder fein in einen Drahtkorb eingefasst ist, um die Reflexion des Lichts zu maximieren, das sie gemeinsam abgeben. Sie zeichnen sich durch eine F-Farbe und einen VS1-Reinheitsgrad aus.<\/p>\n<p>Einzelner Ohrring in der Gr\u00f6\u00dfe von 7 x 8,5 mm, Dicke 5 mm, wird flach am Ohrl\u00e4ppchen durch den hinteren Stift mit einem Schmetterlings-Sicherheitsverschluss getragen.<\/p>\n<p>Sie werden mit einer Garantie\/einem Qualit\u00e4tszertifikat mit der Unterschrift &#8216;Fabio Ferro i Gioielli&#8217; sowie einer speziellen Verpackung geliefert.<\/p>\n<p><img decoding=\"async\" class=\"alignnone size-full wp-image-68675\" src=\"https:\/\/cdn02.fabioferro.eu\/wp-content\/uploads\/IGI-4cs-chart-IT-scaled.jpg\" alt=\"\" width=\"1864\" height=\"2560\" title=\"\" srcset=\"https:\/\/cdn02.fabioferro.eu\/wp-content\/uploads\/IGI-4cs-chart-IT-scaled.jpg 1864w, https:\/\/cdn02.fabioferro.eu\/wp-content\/uploads\/IGI-4cs-chart-IT-768x1055.jpg 768w, https:\/\/cdn02.fabioferro.eu\/wp-content\/uploads\/IGI-4cs-chart-IT-1119x1536.jpg 1119w, https:\/\/cdn02.fabioferro.eu\/wp-content\/uploads\/IGI-4cs-chart-IT-1491x2048.jpg 1491w, https:\/\/cdn02.fabioferro.eu\/wp-content\/uploads\/IGI-4cs-chart-IT-990x1359.jpg 990w, https:\/\/cdn02.fabioferro.eu\/wp-content\/uploads\/IGI-4cs-chart-IT-441x606.jpg 441w, https:\/\/cdn02.fabioferro.eu\/wp-content\/uploads\/IGI-4cs-chart-IT-600x824.jpg 600w, https:\/\/cdn02.fabioferro.eu\/wp-content\/uploads\/IGI-4cs-chart-IT-150x206.jpg 150w\" sizes=\"(max-width: 1864px) 100vw, 1864px\" \/><\/p>\n","protected":false},"excerpt":{"rendered":"<p>Ein Paar Ohrringe, die getragen und bewundert werden wollen, gerade wegen ihrer unendlichen Sch\u00f6nheit.<\/p>\n","protected":false},"featured_media":199742,"comment_status":"open","ping_status":"closed","template":"","meta":[],"product_brand":[152],"product_cat":[6014],"product_tag":[],"class_list":{"0":"post-199736","1":"product","2":"type-product","3":"status-publish","4":"has-post-thumbnail","6":"product_brand-fabio-ferro-i-gioielli","7":"product_cat-ohrringe","9":"first","10":"instock","11":"sale","12":"taxable","13":"shipping-taxable","14":"purchasable","15":"product-type-simple"},"exclude_global_add_ons":[],"addons":[],"df_price":1840,"df_sale_price":1840,"df_regular_price":2300,"df_image_link":"https:\/\/cdn02.fabioferro.eu\/wp-content\/uploads\/orecchini-fabio-ferro-kate-medi-ff1382.jpg","_links":{"self":[{"href":"https:\/\/www.fabioferro.eu\/de\/wp-json\/wp\/v2\/product\/199736","targetHints":{"allow":["GET"]}}],"collection":[{"href":"https:\/\/www.fabioferro.eu\/de\/wp-json\/wp\/v2\/product"}],"about":[{"href":"https:\/\/www.fabioferro.eu\/de\/wp-json\/wp\/v2\/types\/product"}],"replies":[{"embeddable":true,"href":"https:\/\/www.fabioferro.eu\/de\/wp-json\/wp\/v2\/comments?post=199736"}],"version-history":[{"count":3,"href":"https:\/\/www.fabioferro.eu\/de\/wp-json\/wp\/v2\/product\/199736\/revisions"}],"predecessor-version":[{"id":209375,"href":"https:\/\/www.fabioferro.eu\/de\/wp-json\/wp\/v2\/product\/199736\/revisions\/209375"}],"wp:featuredmedia":[{"embeddable":true,"href":"https:\/\/www.fabioferro.eu\/de\/wp-json\/wp\/v2\/media\/199742"}],"wp:attachment":[{"href":"https:\/\/www.fabioferro.eu\/de\/wp-json\/wp\/v2\/media?parent=199736"}],"wp:term":[{"taxonomy":"product_brand","embeddable":true,"href":"https:\/\/www.fabioferro.eu\/de\/wp-json\/wp\/v2\/product_brand?post=199736"},{"taxonomy":"product_cat","embeddable":true,"href":"https:\/\/www.fabioferro.eu\/de\/wp-json\/wp\/v2\/product_cat?post=199736"},{"taxonomy":"product_tag","embeddable":true,"href":"https:\/\/www.fabioferro.eu\/de\/wp-json\/wp\/v2\/product_tag?post=199736"}],"curies":[{"name":"wp","href":"https:\/\/api.w.org\/{rel}","templated":true}]}}