{"id":199751,"date":"2025-10-24T16:51:33","date_gmt":"2025-10-24T14:51:33","guid":{"rendered":"https:\/\/www.fabioferro.eu\/fabio-ferro-aquamarin-nonnen-ohrringe.html"},"modified":"2025-10-25T15:33:21","modified_gmt":"2025-10-25T13:33:21","slug":"fabio-ferro-aquamarin-nonnen-ohrringe","status":"publish","type":"product","link":"https:\/\/www.fabioferro.eu\/de\/fabio-ferro-aquamarin-nonnen-ohrringe.html","title":{"rendered":"Fabio Ferro Aquamarin Nonnen-Ohrringe"},"content":{"rendered":"<p>Ein Paar wundersch\u00f6ne Ohrringe, die in unserer Goldschmiedewerkstatt handgefertigt wurden.<\/p>\n<p>Vollst\u00e4ndig aus 18 Karat Wei\u00dfgold.<\/p>\n<p>Die beiden gefassten Edelsteine sind brasilianische Aquamarine von h\u00f6chster Qualit\u00e4t im Ovalschliff. Das Gesamtkarat dieser Steine betr\u00e4gt ungef\u00e4hr 0,85 Karat. Der ovale Schliff der Edelsteine misst ungef\u00e4hr 6&#215;4 mm.  <\/p>\n<p>Die eingefassten Diamanten sind nat\u00fcrlich und haben eine Farbe von F und eine Reinheit von VS1, die ebenfalls sehr ausgew\u00e4hlt sind. Das Gesamtgewicht betr\u00e4gt 0,30 Karat. <\/p>\n<p>Der hintere Haken- und \u00d6senverschluss ist schlank und erm\u00f6glicht ein bequemes, aber dennoch sicheres Tragen, auch dank des Karabiners, der hinten geschlossen wird.<\/p>\n<p>Sie werden von einer eleganten Geschenkbox und einem von Fabio Ferro unterzeichneten Zertifikat begleitet, das die Eigenschaften des Schmuckst\u00fccks und der gefassten Edelsteine bescheinigt.<\/p>\n<p><img decoding=\"async\" class=\"alignnone size-full wp-image-68675\" src=\"http:\/\/cdn02.fabioferro.eu\/wp-content\/uploads\/IGI-4cs-chart-IT-scaled.jpg\" alt=\"\" width=\"1864\" height=\"2560\" title=\"\" srcset=\"https:\/\/cdn02.fabioferro.eu\/wp-content\/uploads\/IGI-4cs-chart-IT-scaled.jpg 1864w, https:\/\/cdn02.fabioferro.eu\/wp-content\/uploads\/IGI-4cs-chart-IT-768x1055.jpg 768w, https:\/\/cdn02.fabioferro.eu\/wp-content\/uploads\/IGI-4cs-chart-IT-1119x1536.jpg 1119w, https:\/\/cdn02.fabioferro.eu\/wp-content\/uploads\/IGI-4cs-chart-IT-1491x2048.jpg 1491w, https:\/\/cdn02.fabioferro.eu\/wp-content\/uploads\/IGI-4cs-chart-IT-990x1359.jpg 990w, https:\/\/cdn02.fabioferro.eu\/wp-content\/uploads\/IGI-4cs-chart-IT-441x606.jpg 441w, https:\/\/cdn02.fabioferro.eu\/wp-content\/uploads\/IGI-4cs-chart-IT-600x824.jpg 600w, https:\/\/cdn02.fabioferro.eu\/wp-content\/uploads\/IGI-4cs-chart-IT-150x206.jpg 150w\" sizes=\"(max-width: 1864px) 100vw, 1864px\" \/><\/p>\n","protected":false},"excerpt":{"rendered":"<p>Zwei Ohrringe, die bei jeder Gelegenheit gl\u00e4nzen und die Kraft und Sch\u00f6nheit des Meeres in sich tragen.<\/p>\n","protected":false},"featured_media":199687,"comment_status":"open","ping_status":"closed","template":"","meta":[],"product_brand":[152],"product_cat":[6014],"product_tag":[],"class_list":{"0":"post-199751","1":"product","2":"type-product","3":"status-publish","4":"has-post-thumbnail","6":"product_brand-fabio-ferro-i-gioielli","7":"product_cat-ohrringe","9":"first","10":"instock","11":"sale","12":"taxable","13":"shipping-taxable","14":"purchasable","15":"product-type-simple"},"exclude_global_add_ons":[],"addons":[],"df_price":3120,"df_sale_price":3120,"df_regular_price":3900,"df_image_link":"https:\/\/cdn02.fabioferro.eu\/wp-content\/uploads\/orecchini-fabio-ferro-acqua-marina-brasile-ff1381-2.jpg","_links":{"self":[{"href":"https:\/\/www.fabioferro.eu\/de\/wp-json\/wp\/v2\/product\/199751","targetHints":{"allow":["GET"]}}],"collection":[{"href":"https:\/\/www.fabioferro.eu\/de\/wp-json\/wp\/v2\/product"}],"about":[{"href":"https:\/\/www.fabioferro.eu\/de\/wp-json\/wp\/v2\/types\/product"}],"replies":[{"embeddable":true,"href":"https:\/\/www.fabioferro.eu\/de\/wp-json\/wp\/v2\/comments?post=199751"}],"version-history":[{"count":1,"href":"https:\/\/www.fabioferro.eu\/de\/wp-json\/wp\/v2\/product\/199751\/revisions"}],"predecessor-version":[{"id":199755,"href":"https:\/\/www.fabioferro.eu\/de\/wp-json\/wp\/v2\/product\/199751\/revisions\/199755"}],"wp:featuredmedia":[{"embeddable":true,"href":"https:\/\/www.fabioferro.eu\/de\/wp-json\/wp\/v2\/media\/199687"}],"wp:attachment":[{"href":"https:\/\/www.fabioferro.eu\/de\/wp-json\/wp\/v2\/media?parent=199751"}],"wp:term":[{"taxonomy":"product_brand","embeddable":true,"href":"https:\/\/www.fabioferro.eu\/de\/wp-json\/wp\/v2\/product_brand?post=199751"},{"taxonomy":"product_cat","embeddable":true,"href":"https:\/\/www.fabioferro.eu\/de\/wp-json\/wp\/v2\/product_cat?post=199751"},{"taxonomy":"product_tag","embeddable":true,"href":"https:\/\/www.fabioferro.eu\/de\/wp-json\/wp\/v2\/product_tag?post=199751"}],"curies":[{"name":"wp","href":"https:\/\/api.w.org\/{rel}","templated":true}]}}